{"id":160,"date":"2022-04-26T15:07:03","date_gmt":"2022-04-26T14:07:03","guid":{"rendered":"http:\/\/localhost\/udbkm\/?page_id=160"},"modified":"2022-09-04T12:29:29","modified_gmt":"2022-09-04T11:29:29","slug":"associations-etudiantes","status":"publish","type":"page","link":"http:\/\/www.univ-dbkm.dz\/?page_id=160&lang=fr","title":{"rendered":"Organisatons Etudiantes"},"content":{"rendered":"\n<p><strong>ORGANISATIONS STUDIANTINES<\/strong><\/p>\n\n\n\n<p>1- Union G\u00e9n\u00e9rale des Etudiants Libres UGEL<\/p>\n\n\n\n<p>2- Le Mouvement National des Etudiants Alg\u00e9riens (MNEA)<\/p>\n\n\n\n<p>3- Solidarit\u00e9 Nationale Etudiante SNE<\/p>\n\n\n\n<p>4- Organisation des Etudiants Algeriens Libre&nbsp;L&#8217;OEAL&nbsp;&nbsp;<\/p>\n\n\n\n<p>5- Le Rassemblement des Etudiants Alg\u00e9riens Libres REAL<\/p>\n\n\n\n<p>6- La Voix Nationale des Etudiants Alg\u00e9riens VNEA<\/p>\n\n\n\n<p>7- L&#8217;Office National de Solidarit\u00e9 \u00c9tudiante ONSE<\/p>\n\n\n\n<p>8- L&#8217;Organisation Nationale des Etudiants Alg\u00e9riens ONEA<\/p>\n\n\n\n<p>9- L&#8217;Union Nationale des Etudiants Alg\u00e9riens (UNEA)<\/p>\n\n\n\n<p>10- Union G\u00e9n\u00e9rale des Etudiants Alg\u00e9riens (UGEA)<\/p>\n\n\n\n<p>11- L&#8217;Association Nationale des Etudiants Alg\u00e9riens (LNEA)<\/p>\n\n\n\n<p>12- Alliance pour le renouvellement national des \u00e9tudiants AREN<\/p>\n\n\n\n<p>13- L&#8217;Organisation Nationale des Etudiants Libres ONEEL<\/p>\n","protected":false},"excerpt":{"rendered":"<p>ORGANISATIONS STUDIANTINES 1- Union G\u00e9n\u00e9rale des Etudiants Libres UGEL 2- Le Mouvement National des Etudiants Alg\u00e9riens (MNEA) 3- Solidarit\u00e9 Nationale &hellip; <\/p>\n","protected":false},"author":1,"featured_media":0,"parent":0,"menu_order":0,"comment_status":"closed","ping_status":"closed","template":"","meta":{"_lmt_disableupdate":"","_lmt_disable":"","footnotes":""},"class_list":["post-160","page","type-page","status-publish","hentry"],"_links":{"self":[{"href":"http:\/\/www.univ-dbkm.dz\/index.php?rest_route=\/wp\/v2\/pages\/160","targetHints":{"allow":["GET"]}}],"collection":[{"href":"http:\/\/www.univ-dbkm.dz\/index.php?rest_route=\/wp\/v2\/pages"}],"about":[{"href":"http:\/\/www.univ-dbkm.dz\/index.php?rest_route=\/wp\/v2\/types\/page"}],"author":[{"embeddable":true,"href":"http:\/\/www.univ-dbkm.dz\/index.php?rest_route=\/wp\/v2\/users\/1"}],"replies":[{"embeddable":true,"href":"http:\/\/www.univ-dbkm.dz\/index.php?rest_route=%2Fwp%2Fv2%2Fcomments&post=160"}],"version-history":[{"count":0,"href":"http:\/\/www.univ-dbkm.dz\/index.php?rest_route=\/wp\/v2\/pages\/160\/revisions"}],"wp:attachment":[{"href":"http:\/\/www.univ-dbkm.dz\/index.php?rest_route=%2Fwp%2Fv2%2Fmedia&parent=160"}],"curies":[{"name":"wp","href":"https:\/\/api.w.org\/{rel}","templated":true}]}}