{"id":167,"date":"2022-04-26T15:09:29","date_gmt":"2022-04-26T14:09:29","guid":{"rendered":"http:\/\/localhost\/udbkm\/?page_id=167"},"modified":"2023-06-18T14:57:38","modified_gmt":"2023-06-18T13:57:38","slug":"venir-etudier-a-luniversite-djillali-bounaama","status":"publish","type":"page","link":"http:\/\/www.univ-dbkm.dz\/?page_id=167&lang=fr","title":{"rendered":"Venez \u00e9tudier dans notre universit\u00e9"},"content":{"rendered":"\n<p><strong>L\u2019Universit\u00e9 Djilali Bounaama Khemis-Miliana encourage la mobilit\u00e9 universitaire et met en place les dispositifs n\u00e9cessaires&nbsp; pour mieux vous accueillir et vous accompagner tout au long de votre cursus universitaire.<\/strong><\/p>\n\n\n\n<div class=\"wp-block-buttons is-layout-flex wp-block-buttons-is-layout-flex\">\n<div class=\"wp-block-button aligncenter\"><a class=\"wp-block-button__link\" href=\"http:\/\/www.univ-dbkm.dz\/?page_id=67&amp;lang=fr\"><strong>Plus d&#8217;informations<\/strong><\/a><\/div>\n<\/div>\n","protected":false},"excerpt":{"rendered":"<p>L\u2019Universit\u00e9 Djilali Bounaama Khemis-Miliana encourage la mobilit\u00e9 universitaire et met en place les dispositifs n\u00e9cessaires&nbsp; pour mieux vous accueillir et &hellip; <\/p>\n","protected":false},"author":1,"featured_media":0,"parent":0,"menu_order":0,"comment_status":"closed","ping_status":"closed","template":"","meta":{"_lmt_disableupdate":"","_lmt_disable":"","footnotes":""},"class_list":["post-167","page","type-page","status-publish","hentry"],"_links":{"self":[{"href":"http:\/\/www.univ-dbkm.dz\/index.php?rest_route=\/wp\/v2\/pages\/167","targetHints":{"allow":["GET"]}}],"collection":[{"href":"http:\/\/www.univ-dbkm.dz\/index.php?rest_route=\/wp\/v2\/pages"}],"about":[{"href":"http:\/\/www.univ-dbkm.dz\/index.php?rest_route=\/wp\/v2\/types\/page"}],"author":[{"embeddable":true,"href":"http:\/\/www.univ-dbkm.dz\/index.php?rest_route=\/wp\/v2\/users\/1"}],"replies":[{"embeddable":true,"href":"http:\/\/www.univ-dbkm.dz\/index.php?rest_route=%2Fwp%2Fv2%2Fcomments&post=167"}],"version-history":[{"count":0,"href":"http:\/\/www.univ-dbkm.dz\/index.php?rest_route=\/wp\/v2\/pages\/167\/revisions"}],"wp:attachment":[{"href":"http:\/\/www.univ-dbkm.dz\/index.php?rest_route=%2Fwp%2Fv2%2Fmedia&parent=167"}],"curies":[{"name":"wp","href":"https:\/\/api.w.org\/{rel}","templated":true}]}}