{"id":3058,"date":"2022-08-28T10:23:20","date_gmt":"2022-08-28T09:23:20","guid":{"rendered":"http:\/\/www.univ-dbkm.dz\/udbkm\/?page_id=3058"},"modified":"2022-08-28T10:36:33","modified_gmt":"2022-08-28T09:36:33","slug":"prix-prince-nayef-pour-la-securite-arabe","status":"publish","type":"page","link":"http:\/\/www.univ-dbkm.dz\/?page_id=3058&lang=fr","title":{"rendered":"Prix \u200b\u200bPrince Nayef pour la s\u00e9curit\u00e9 arabe"},"content":{"rendered":"\t\t<div data-elementor-type=\"wp-page\" data-elementor-id=\"3058\" class=\"elementor elementor-3058\">\n\t\t\t\t\t\t<section class=\"elementor-section elementor-top-section elementor-element elementor-element-547cf46 elementor-section-boxed elementor-section-height-default elementor-section-height-default\" data-id=\"547cf46\" data-element_type=\"section\" data-e-type=\"section\">\n\t\t\t\t\t\t<div class=\"elementor-container elementor-column-gap-default\">\n\t\t\t\t\t<div class=\"elementor-column elementor-col-100 elementor-top-column elementor-element elementor-element-8b73612\" data-id=\"8b73612\" data-element_type=\"column\" data-e-type=\"column\">\n\t\t\t<div class=\"elementor-widget-wrap elementor-element-populated\">\n\t\t\t\t\t\t<div class=\"elementor-element elementor-element-547ef01 elementor-widget elementor-widget-image\" data-id=\"547ef01\" data-element_type=\"widget\" data-e-type=\"widget\" data-widget_type=\"image.default\">\n\t\t\t\t<div class=\"elementor-widget-container\">\n\t\t\t\t\t\t\t\t\t\t\t\t\t\t\t<img fetchpriority=\"high\" decoding=\"async\" width=\"390\" height=\"390\" src=\"http:\/\/www.univ-dbkm.dz\/wp-content\/uploads\/2022\/08\/1661591195229blob.png\" class=\"attachment-education-zone-image size-education-zone-image wp-image-3061\" alt=\"\" srcset=\"http:\/\/www.univ-dbkm.dz\/wp-content\/uploads\/2022\/08\/1661591195229blob.png 390w, http:\/\/www.univ-dbkm.dz\/wp-content\/uploads\/2022\/08\/1661591195229blob-300x300.png 300w, http:\/\/www.univ-dbkm.dz\/wp-content\/uploads\/2022\/08\/1661591195229blob-150x150.png 150w, http:\/\/www.univ-dbkm.dz\/wp-content\/uploads\/2022\/08\/1661591195229blob-70x70.png 70w, http:\/\/www.univ-dbkm.dz\/wp-content\/uploads\/2022\/08\/1661591195229blob-246x246.png 246w, http:\/\/www.univ-dbkm.dz\/wp-content\/uploads\/2022\/08\/1661591195229blob-276x276.png 276w, http:\/\/www.univ-dbkm.dz\/wp-content\/uploads\/2022\/08\/1661591195229blob-125x125.png 125w, http:\/\/www.univ-dbkm.dz\/wp-content\/uploads\/2022\/08\/1661591195229blob-24x24.png 24w, http:\/\/www.univ-dbkm.dz\/wp-content\/uploads\/2022\/08\/1661591195229blob-48x48.png 48w, http:\/\/www.univ-dbkm.dz\/wp-content\/uploads\/2022\/08\/1661591195229blob-96x96.png 96w\" sizes=\"(max-width: 390px) 100vw, 390px\" \/>\t\t\t\t\t\t\t\t\t\t\t\t\t\t\t<\/div>\n\t\t\t\t<\/div>\n\t\t\t\t<div class=\"elementor-element elementor-element-67a4566 elementor-widget elementor-widget-text-editor\" data-id=\"67a4566\" data-element_type=\"widget\" data-e-type=\"widget\" data-widget_type=\"text-editor.default\">\n\t\t\t\t<div class=\"elementor-widget-container\">\n\t\t\t\t\t\t\t\t\t<p>annonc\u00e9 le Secr\u00e9tariat G\u00e9n\u00e9ral du Prix Prince Nayef pour la S\u00e9curit\u00e9 Arabe pour avoir ouvert la porte \u00e0 la participation au concours du prix pour l&#8217;ann\u00e9e 2022,<br \/>La p\u00e9riode de nomination est fix\u00e9e au 31 octobre 2022 comme derni\u00e8re date.<br \/><br \/>Pour plus d&#8217;informations, veuillez consulter les conditions de participation au concours sur le site suivant<\/p>\t\t\t\t\t\t\t\t<\/div>\n\t\t\t\t<\/div>\n\t\t\t\t<div class=\"elementor-element elementor-element-05318d1 elementor-widget elementor-widget-image\" data-id=\"05318d1\" data-element_type=\"widget\" data-e-type=\"widget\" data-widget_type=\"image.default\">\n\t\t\t\t<div class=\"elementor-widget-container\">\n\t\t\t\t\t\t\t\t\t\t\t\t\t\t\t\t<a href=\"http:\/\/www.princenaifprize.com\" target=\"_blank\">\n\t\t\t\t\t\t\t<img decoding=\"async\" src=\"http:\/\/www.univ-dbkm.dz\/wp-content\/uploads\/elementor\/thumbs\/70929125-ptxsz76ss0gsl93uybi09b271wytsp9syzyendisbg.gif\" title=\"70929125\" alt=\"70929125\" loading=\"lazy\" \/>\t\t\t\t\t\t\t\t<\/a>\n\t\t\t\t\t\t\t\t\t\t\t\t\t\t\t<\/div>\n\t\t\t\t<\/div>\n\t\t\t\t\t<\/div>\n\t\t<\/div>\n\t\t\t\t\t<\/div>\n\t\t<\/section>\n\t\t\t\t<\/div>\n\t\t","protected":false},"excerpt":{"rendered":"<p>annonc\u00e9 le Secr\u00e9tariat G\u00e9n\u00e9ral du Prix Prince Nayef pour la S\u00e9curit\u00e9 Arabe pour avoir ouvert la porte \u00e0 la participation &hellip; <\/p>\n","protected":false},"author":4,"featured_media":0,"parent":0,"menu_order":0,"comment_status":"closed","ping_status":"closed","template":"","meta":{"_lmt_disableupdate":"","_lmt_disable":"","footnotes":""},"class_list":["post-3058","page","type-page","status-publish","hentry"],"_links":{"self":[{"href":"http:\/\/www.univ-dbkm.dz\/index.php?rest_route=\/wp\/v2\/pages\/3058","targetHints":{"allow":["GET"]}}],"collection":[{"href":"http:\/\/www.univ-dbkm.dz\/index.php?rest_route=\/wp\/v2\/pages"}],"about":[{"href":"http:\/\/www.univ-dbkm.dz\/index.php?rest_route=\/wp\/v2\/types\/page"}],"author":[{"embeddable":true,"href":"http:\/\/www.univ-dbkm.dz\/index.php?rest_route=\/wp\/v2\/users\/4"}],"replies":[{"embeddable":true,"href":"http:\/\/www.univ-dbkm.dz\/index.php?rest_route=%2Fwp%2Fv2%2Fcomments&post=3058"}],"version-history":[{"count":0,"href":"http:\/\/www.univ-dbkm.dz\/index.php?rest_route=\/wp\/v2\/pages\/3058\/revisions"}],"wp:attachment":[{"href":"http:\/\/www.univ-dbkm.dz\/index.php?rest_route=%2Fwp%2Fv2%2Fmedia&parent=3058"}],"curies":[{"name":"wp","href":"https:\/\/api.w.org\/{rel}","templated":true}]}}