{"id":3191,"date":"2022-09-07T14:39:44","date_gmt":"2022-09-07T13:39:44","guid":{"rendered":"http:\/\/www.univ-dbkm.dz\/udbkm\/?page_id=3191"},"modified":"2022-09-07T14:39:46","modified_gmt":"2022-09-07T13:39:46","slug":"annonce-du-concours-base-sur-le-certificat-pour-joindre-le-rang-de-professeur-adjoint-departement-b","status":"publish","type":"page","link":"http:\/\/www.univ-dbkm.dz\/?page_id=3191&lang=fr","title":{"rendered":"Annonce du concours Bas\u00e9 sur le certificat   Pour joindre le rang de professeur adjoint, d\u00e9partement B"},"content":{"rendered":"<div class=\"wp-block-image\">\n<figure class=\"aligncenter size-full\"><img fetchpriority=\"high\" decoding=\"async\" width=\"620\" height=\"330\" src=\"http:\/\/www.univ-dbkm.dz\/udbkm\/wp-content\/uploads\/2022\/09\/\u0625\u0639\u0644\u0627\u0646-\u0639\u0646-\u062a\u0648\u0638\u064a\u0641-620x330-2.png\" alt=\"\" class=\"wp-image-3203\" srcset=\"http:\/\/www.univ-dbkm.dz\/wp-content\/uploads\/2022\/09\/\u0625\u0639\u0644\u0627\u0646-\u0639\u0646-\u062a\u0648\u0638\u064a\u0641-620x330-2.png 620w, http:\/\/www.univ-dbkm.dz\/wp-content\/uploads\/2022\/09\/\u0625\u0639\u0644\u0627\u0646-\u0639\u0646-\u062a\u0648\u0638\u064a\u0641-620x330-2-300x160.png 300w\" sizes=\"(max-width: 620px) 100vw, 620px\" \/><\/figure>\n<\/div>\n\n\n<p class=\"has-text-align-center\"><strong>Pour voir l&#8217;annonce, cliquez sur le lien suivant<\/strong><\/p>\n\n\n<div class=\"wp-block-image\">\n<figure class=\"aligncenter is-resized\"><a href=\"http:\/\/www.univ-dbkm.dz\/udbkm\/wp-content\/uploads\/2022\/09\/\u0627\u0644\u0625\u0639\u0644\u0627\u0646-\u0639\u0646-\u062a\u0648\u0638\u064a\u0641-\u0627\u0644\u0623\u0633\u0627\u062a\u0630\u0629-2022.pdf\" target=\"_blank\" rel=\"noreferrer noopener\"><img decoding=\"async\" src=\"http:\/\/www.univ-dbkm.dz\/udbkm\/wp-content\/uploads\/2022\/09\/70929125.gif\" alt=\"\" class=\"wp-image-3195\" width=\"215\" height=\"136\"\/><\/a><\/figure>\n<\/div>\n\n\n<p><strong>T\u00e9l\u00e9chargez le formulaire de concours en arabe en cliquant sur le lien suivant<\/strong><\/p>\n\n\n<div class=\"wp-block-image\">\n<figure class=\"aligncenter\"><a href=\"http:\/\/www.univ-dbkm.dz\/udbkm\/wp-content\/uploads\/2022\/09\/\u0646\u0645\u0648\u0630\u062c-\u0627\u0633\u062a\u0645\u0627\u0631\u0629_\u0627\u0644\u062a\u0648\u0638\u064a\u0641.docx\"><img decoding=\"async\" width=\"320\" height=\"91\" src=\"http:\/\/www.univ-dbkm.dz\/udbkm\/wp-content\/uploads\/2022\/09\/6.gif\" alt=\"\" class=\"wp-image-3194\"\/><\/a><\/figure>\n<\/div>\n\n\n<p><strong>Pour t\u00e9l\u00e9charger le formulaire de concours en arabe et en fran\u00e7ais, cliquez sur le lien suivant<\/strong><\/p>\n\n\n<div class=\"wp-block-image\">\n<figure class=\"aligncenter\"><a href=\"http:\/\/www.univ-dbkm.dz\/udbkm\/wp-content\/uploads\/2022\/09\/\u0646\u0645\u0648\u0630\u062c-\u0625\u0633\u062a\u0645\u0627\u0631\u0629-\u0627\u0644\u062a\u0631\u0634\u062d-\u0628\u0627\u0644\u0644\u063a\u0629-\u0627\u0644\u0639\u0631\u0628\u064a\u0629-\u0648-\u0627\u0644\u0641\u0631\u0646\u0633\u064a\u0629.pdf\"><img decoding=\"async\" width=\"320\" height=\"91\" src=\"http:\/\/www.univ-dbkm.dz\/udbkm\/wp-content\/uploads\/2022\/09\/6.gif\" alt=\"\" class=\"wp-image-3194\"\/><\/a><\/figure>\n<\/div>\n\n\n<p><a href=\"http:\/\/www.univ-dbkm.dz\/udbkm\/wp-admin\/post.php?post=3192&amp;action=edit\"><\/a><\/p>\n","protected":false},"excerpt":{"rendered":"<p>Pour voir l&#8217;annonce, cliquez sur le lien suivant T\u00e9l\u00e9chargez le formulaire de concours en arabe en cliquant sur le lien &hellip; <\/p>\n","protected":false},"author":4,"featured_media":0,"parent":0,"menu_order":0,"comment_status":"closed","ping_status":"closed","template":"","meta":{"_lmt_disableupdate":"","_lmt_disable":"","footnotes":""},"class_list":["post-3191","page","type-page","status-publish","hentry"],"_links":{"self":[{"href":"http:\/\/www.univ-dbkm.dz\/index.php?rest_route=\/wp\/v2\/pages\/3191","targetHints":{"allow":["GET"]}}],"collection":[{"href":"http:\/\/www.univ-dbkm.dz\/index.php?rest_route=\/wp\/v2\/pages"}],"about":[{"href":"http:\/\/www.univ-dbkm.dz\/index.php?rest_route=\/wp\/v2\/types\/page"}],"author":[{"embeddable":true,"href":"http:\/\/www.univ-dbkm.dz\/index.php?rest_route=\/wp\/v2\/users\/4"}],"replies":[{"embeddable":true,"href":"http:\/\/www.univ-dbkm.dz\/index.php?rest_route=%2Fwp%2Fv2%2Fcomments&post=3191"}],"version-history":[{"count":0,"href":"http:\/\/www.univ-dbkm.dz\/index.php?rest_route=\/wp\/v2\/pages\/3191\/revisions"}],"wp:attachment":[{"href":"http:\/\/www.univ-dbkm.dz\/index.php?rest_route=%2Fwp%2Fv2%2Fmedia&parent=3191"}],"curies":[{"name":"wp","href":"https:\/\/api.w.org\/{rel}","templated":true}]}}