{"id":3954,"date":"2022-09-30T07:39:04","date_gmt":"2022-09-30T06:39:04","guid":{"rendered":"http:\/\/www.univ-dbkm.dz\/udbkm\/?page_id=3954"},"modified":"2022-09-30T07:56:03","modified_gmt":"2022-09-30T06:56:03","slug":"%d8%b5%d8%af%d9%88%d8%b1-%d8%a7%d9%84%d8%b9%d8%af%d8%af-4-%d9%85%d9%86-%d9%85%d8%ac%d9%84%d8%a9-%d8%a8%d8%b4%d8%a7%d8%a6%d8%b1-%d8%a7%d9%84%d8%b9%d9%84%d9%88%d9%85","status":"publish","type":"page","link":"http:\/\/www.univ-dbkm.dz\/?page_id=3954&lang=fr","title":{"rendered":"<strong>\u0635\u062f\u0648\u0631 \u0627\u0644\u0639\u062f\u062f 4 \u0645\u0646 \u0645\u062c\u0644\u0629 \u0628\u0634\u0627\u0626\u0631 \u0627\u0644\u0639\u0644\u0648\u0645&nbsp;<\/strong>"},"content":{"rendered":"\t\t<div data-elementor-type=\"wp-page\" data-elementor-id=\"3954\" class=\"elementor elementor-3954\">\n\t\t\t\t\t\t<section class=\"elementor-section elementor-top-section elementor-element elementor-element-5ad7e95 elementor-section-boxed elementor-section-height-default elementor-section-height-default\" data-id=\"5ad7e95\" data-element_type=\"section\" data-e-type=\"section\">\n\t\t\t\t\t\t<div class=\"elementor-container elementor-column-gap-default\">\n\t\t\t\t\t<div class=\"elementor-column elementor-col-100 elementor-top-column elementor-element elementor-element-3082d79\" data-id=\"3082d79\" data-element_type=\"column\" data-e-type=\"column\">\n\t\t\t<div class=\"elementor-widget-wrap elementor-element-populated\">\n\t\t\t\t\t\t<div class=\"elementor-element elementor-element-253cfe7 elementor-widget elementor-widget-heading\" data-id=\"253cfe7\" data-element_type=\"widget\" data-e-type=\"widget\" data-widget_type=\"heading.default\">\n\t\t\t\t<div class=\"elementor-widget-container\">\n\t\t\t\t\t<h3 class=\"elementor-heading-title elementor-size-default\">\n\u0635\u062f\u0648\u0631 \u0627\u0644\u0639\u062f\u062f 4 \u0645\u0646 \u0645\u062c\u0644\u0629 \u0628\u0634\u0627\u0626\u0631 \u0627\u0644\u0639\u0644\u0648\u0645 \n\n\u0645\u062c\u0644\u0629 \u0628\u0634\u0627\u0626\u0631 \u0627\u0644\u0639\u0644\u0648\u0645 \u0645\u062c\u0644\u0629 \u0641\u0635\u0644\u064a\u0629 \u0625\u0644\u0643\u062a\u0631\u0648\u0646\u064a\u0629 \u062a\u0635\u062f\u0631\u0647\u0627 \u0627\u0644\u0645\u062f\u0631\u0633\u0629 \u0627\u0644\u0639\u0644\u064a\u0627 \u0644\u0644\u0623\u0633\u0627\u062a\u0630\u0629\u060c \u0645\u062d\u0645\u062f \u0627\u0644\u0628\u0634\u064a\u0631 \u0627\u0644\u0625\u0628\u0631\u0627\u0647\u064a\u0645\u064a\u060c \u0627\u0644\u0642\u0628\u0629.  \n\n\u062a\u064f\u0639\u0646\u064e\u0649 \u0627\u0644\u0645\u062c\u0644\u0629 \u0628\u0646\u0634\u0631 \u0627\u0644\u062b\u0642\u0627\u0641\u0629 \u0627\u0644\u0639\u0644\u0645\u064a\u0629 \u0641\u064a \u0645\u062c\u0627\u0644 \u0627\u0644\u0631\u064a\u0627\u0636\u064a\u0627\u062a \u0648\u0627\u0644\u0625\u0639\u0644\u0627\u0645 \u0627\u0644\u0622\u0644\u064a \u0648\u0627\u0644\u0639\u0644\u0648\u0645 \u0627\u0644\u0641\u064a\u0632\u064a\u0627\u0626\u064a\u0629 \u0648\u0627\u0644\u0639\u0644\u0648\u0645 \u0627\u0644\u0637\u0628\u064a\u0639\u064a\u0629 \u0648\u0627\u0644\u062a\u0631\u0628\u064a\u0629 \u0648\u0627\u0644\u062a\u0639\u0644\u064a\u0645\u064a\u0629 \u0648\u062a\u0627\u0631\u064a\u062e \u0627\u0644\u0639\u0644\u0648\u0645 \u0648\u0627\u0644\u0645\u0648\u0633\u064a\u0642\u0649. \n\n\u0628\u0635\u062f\u0648\u0631 \u0627\u0644\u0639\u062f\u062f \u0627\u0644\u0631\u0627\u0628\u0639 \u0641\u064a \u0645\u0646\u062a\u0635\u0641 \u0633\u0628\u062a\u0645\u0628\u0631 2022\u060c \u062a\u0643\u0648\u0646 \u0645\u062c\u0644\u0629 \u0628\u0634\u0627\u0626\u0631 \u0627\u0644\u0639\u0644\u0648\u0645 \u0642\u062f \u0642\u062f\u0645\u062a \u062e\u0644\u0627\u0644 \u0627\u0644\u0633\u0646\u0629 2022 \u0644\u0642\u0631\u0627\u0626\u0647\u0627\u060c 60 \u0645\u0627\u062f\u0629 \u062b\u0642\u0627\u0641\u064a\u0629 \u0648\u0641\u0643\u0631\u064a\u0629 \u062a\u0645\u0633\u0651 \u062c\u0645\u064a\u0639 \u0623\u0646\u0648\u0627\u0639 \u0627\u0644\u0645\u0639\u0627\u0631\u0641 \u0627\u0644\u0639\u0644\u0645\u064a\u0629. \n\n\u062a\u062a\u0637\u0644\u0639 \u0627\u0644\u0645\u062c\u0644\u0629 \u0625\u0644\u0649 \u0645\u0633\u0627\u0647\u0645\u0629 \u0627\u0644\u0632\u0645\u0644\u0627\u0621 \u0627\u0644\u0623\u0633\u0627\u062a\u0630\u0629 \u0645\u0646 \u062c\u0645\u064a\u0639 \u0627\u0644\u0645\u0624\u0633\u0633\u0627\u062a \u0627\u0644\u062c\u0627\u0645\u0639\u064a\u0629. \n\n\u0631\u0627\u0628\u0637 \u0627\u0644\u0645\u062c\u0644\u0629 :\n\n https:\/\/www.ens-kouba.dz\/magazine\/<\/h3>\t\t\t\t<\/div>\n\t\t\t\t<\/div>\n\t\t\t\t\t<\/div>\n\t\t<\/div>\n\t\t\t\t\t<\/div>\n\t\t<\/section>\n\t\t\t\t<section class=\"elementor-section elementor-top-section elementor-element elementor-element-d79dd3a elementor-section-boxed elementor-section-height-default elementor-section-height-default\" data-id=\"d79dd3a\" data-element_type=\"section\" data-e-type=\"section\">\n\t\t\t\t\t\t<div class=\"elementor-container elementor-column-gap-default\">\n\t\t\t\t\t<div class=\"elementor-column elementor-col-100 elementor-top-column elementor-element elementor-element-735bae6\" data-id=\"735bae6\" data-element_type=\"column\" data-e-type=\"column\">\n\t\t\t<div class=\"elementor-widget-wrap elementor-element-populated\">\n\t\t\t\t\t\t<div class=\"elementor-element elementor-element-5f9d457 elementor-widget elementor-widget-heading\" data-id=\"5f9d457\" data-element_type=\"widget\" data-e-type=\"widget\" data-widget_type=\"heading.default\">\n\t\t\t\t<div class=\"elementor-widget-container\">\n\t\t\t\t\t<h3 class=\"elementor-heading-title elementor-size-default\">Parution du num\u00e9ro 4 du Magazine Bashaer Al Oloom \u0628\u0634\u0627\u0626\u0631 \u0627\u0644\u0639\u0644\u0648\u0645 \n\nBashaer Al Oloom est un magazine trimestriel \u00e9lectronique publi\u00e9 par l\u2019ENS, Mohammed Al-Bashir Al-Ibrahimi, Kouba.  \n\nLe magazine s\u2019int\u00e9resse au domaine de la vulgarisation scientifique (Math\u00e9matiques, Informatique, Sciences physiques, Sciences naturelles, Sciences de l\u2019\u00e9ducation, Didactique des sciences, Histoire des sciences, Musicologie). \n\nAvec la parution du quatri\u00e8me num\u00e9ro \u00e0 la mi-septembre 2022, notre magazine aura mis \u00e0 la disposition de ses lecteurs durant l\u2019ann\u00e9e 2022, 60 articles touchant \u00e0 la culture scientifique. \n\nBashaer Al Oloom souhaite fortement recevoir des contributions de coll\u00e8gues enseignants exer\u00e7ant dans les diff\u00e9rents \u00e9tablissements universitaires. \n\nLien du magazine :\n\n https:\/\/www.ens-kouba.dz\/magazine\/<\/h3>\t\t\t\t<\/div>\n\t\t\t\t<\/div>\n\t\t\t\t\t<\/div>\n\t\t<\/div>\n\t\t\t\t\t<\/div>\n\t\t<\/section>\n\t\t\t\t<section class=\"elementor-section elementor-top-section elementor-element elementor-element-84c18e4 elementor-section-boxed elementor-section-height-default elementor-section-height-default\" data-id=\"84c18e4\" data-element_type=\"section\" data-e-type=\"section\">\n\t\t\t\t\t\t<div class=\"elementor-container elementor-column-gap-default\">\n\t\t\t\t\t<div class=\"elementor-column elementor-col-100 elementor-top-column elementor-element elementor-element-7ea284d\" data-id=\"7ea284d\" data-element_type=\"column\" data-e-type=\"column\">\n\t\t\t<div class=\"elementor-widget-wrap elementor-element-populated\">\n\t\t\t\t\t\t<div class=\"elementor-element elementor-element-6207c0b elementor-widget elementor-widget-heading\" data-id=\"6207c0b\" data-element_type=\"widget\" data-e-type=\"widget\" data-widget_type=\"heading.default\">\n\t\t\t\t<div class=\"elementor-widget-container\">\n\t\t\t\t\t<h3 class=\"elementor-heading-title elementor-size-default\">Publication of the 4th Issue of Bashaer Al Oloom Magazine \u0628\u0634\u0627\u0626\u0631 \u0627\u0644\u0639\u0644\u0648\u0645 \n\nBashaer Al Oloom is an electronic quarterly magazine published by ENS, Mohammed Al-Bashir Al-Ibrahimi, Kouba.  \n\nThe magazine is interested in the popularization of science (Mathematics, Computer science, Physical sciences, Natural sciences, Educational sciences, Didactics, History of sciences, Musicology). \n\nWith the publication of the 4th Issue in mid-September 2022, our magazine will have made available to its readers during the year 2022, 60 articles relating to scientific culture. \n\nBashaer Al Oloom strongly wishes to receive contributions from colleagues working in our academic institutions. \n\nMagazine link :\n\n https:\/\/www.ens-kouba.dz\/magazine\/\n<\/h3>\t\t\t\t<\/div>\n\t\t\t\t<\/div>\n\t\t\t\t\t<\/div>\n\t\t<\/div>\n\t\t\t\t\t<\/div>\n\t\t<\/section>\n\t\t\t\t<section class=\"elementor-section elementor-top-section elementor-element elementor-element-867438c elementor-section-boxed elementor-section-height-default elementor-section-height-default\" data-id=\"867438c\" data-element_type=\"section\" data-e-type=\"section\">\n\t\t\t\t\t\t<div class=\"elementor-container elementor-column-gap-default\">\n\t\t\t\t\t<div class=\"elementor-column elementor-col-100 elementor-top-column elementor-element elementor-element-299a56a\" data-id=\"299a56a\" data-element_type=\"column\" data-e-type=\"column\">\n\t\t\t<div class=\"elementor-widget-wrap elementor-element-populated\">\n\t\t\t\t\t\t<div class=\"elementor-element elementor-element-b9a948b elementor-align-center elementor-widget elementor-widget-button\" data-id=\"b9a948b\" data-element_type=\"widget\" data-e-type=\"widget\" data-widget_type=\"button.default\">\n\t\t\t\t<div class=\"elementor-widget-container\">\n\t\t\t\t\t\t\t\t\t<div class=\"elementor-button-wrapper\">\n\t\t\t\t\t<a class=\"elementor-button elementor-button-link elementor-size-lg\" href=\"https:\/\/www.ens-kouba.dz\/magazine\/\">\n\t\t\t\t\t\t<span class=\"elementor-button-content-wrapper\">\n\t\t\t\t\t\t\t\t\t<span class=\"elementor-button-text\"> https:\/\/www.ens-kouba.dz\/magazine\/<\/span>\n\t\t\t\t\t<\/span>\n\t\t\t\t\t<\/a>\n\t\t\t\t<\/div>\n\t\t\t\t\t\t\t\t<\/div>\n\t\t\t\t<\/div>\n\t\t\t\t\t<\/div>\n\t\t<\/div>\n\t\t\t\t\t<\/div>\n\t\t<\/section>\n\t\t\t\t<\/div>\n\t\t","protected":false},"excerpt":{"rendered":"<p>\u0635\u062f\u0648\u0631 \u0627\u0644\u0639\u062f\u062f 4 \u0645\u0646 \u0645\u062c\u0644\u0629 \u0628\u0634\u0627\u0626\u0631 \u0627\u0644\u0639\u0644\u0648\u0645 \u0645\u062c\u0644\u0629 \u0628\u0634\u0627\u0626\u0631 \u0627\u0644\u0639\u0644\u0648\u0645 \u0645\u062c\u0644\u0629 \u0641\u0635\u0644\u064a\u0629 \u0625\u0644\u0643\u062a\u0631\u0648\u0646\u064a\u0629 \u062a\u0635\u062f\u0631\u0647\u0627 \u0627\u0644\u0645\u062f\u0631\u0633\u0629 \u0627\u0644\u0639\u0644\u064a\u0627 \u0644\u0644\u0623\u0633\u0627\u062a\u0630\u0629\u060c \u0645\u062d\u0645\u062f \u0627\u0644\u0628\u0634\u064a\u0631 \u0627\u0644\u0625\u0628\u0631\u0627\u0647\u064a\u0645\u064a\u060c &hellip; <\/p>\n","protected":false},"author":7,"featured_media":0,"parent":0,"menu_order":0,"comment_status":"closed","ping_status":"closed","template":"","meta":{"_lmt_disableupdate":"","_lmt_disable":"","footnotes":""},"class_list":["post-3954","page","type-page","status-publish","hentry"],"_links":{"self":[{"href":"http:\/\/www.univ-dbkm.dz\/index.php?rest_route=\/wp\/v2\/pages\/3954","targetHints":{"allow":["GET"]}}],"collection":[{"href":"http:\/\/www.univ-dbkm.dz\/index.php?rest_route=\/wp\/v2\/pages"}],"about":[{"href":"http:\/\/www.univ-dbkm.dz\/index.php?rest_route=\/wp\/v2\/types\/page"}],"author":[{"embeddable":true,"href":"http:\/\/www.univ-dbkm.dz\/index.php?rest_route=\/wp\/v2\/users\/7"}],"replies":[{"embeddable":true,"href":"http:\/\/www.univ-dbkm.dz\/index.php?rest_route=%2Fwp%2Fv2%2Fcomments&post=3954"}],"version-history":[{"count":0,"href":"http:\/\/www.univ-dbkm.dz\/index.php?rest_route=\/wp\/v2\/pages\/3954\/revisions"}],"wp:attachment":[{"href":"http:\/\/www.univ-dbkm.dz\/index.php?rest_route=%2Fwp%2Fv2%2Fmedia&parent=3954"}],"curies":[{"name":"wp","href":"https:\/\/api.w.org\/{rel}","templated":true}]}}