{"id":6771,"date":"2023-06-06T14:54:23","date_gmt":"2023-06-06T13:54:23","guid":{"rendered":"http:\/\/www.univ-dbkm.dz\/?page_id=6771"},"modified":"2023-11-07T12:01:32","modified_gmt":"2023-11-07T11:01:32","slug":"la-recherche-scientifique","status":"publish","type":"page","link":"http:\/\/www.univ-dbkm.dz\/?page_id=6771&lang=fr","title":{"rendered":"La Recherche Scientifique"},"content":{"rendered":"\n<p><strong>&nbsp; La recherche scientifique constitue un enjeu d\u00e9terminant au 21\u00e9me si\u00e8cle&nbsp; eu \u00e9gard aux d\u00e9fis technologiques et \u00e0 la mondialisation qui sera le champ de confrontation entre les nations industrialis\u00e9es et modernes, confrontation qui risque de rel\u00e9guer au second plan les soci\u00e9t\u00e9s qui ne se donnent pas les moyens de se d\u00e9velopper.<\/strong><\/p>\n\n\n\n<p>Pour redynamiser les secteurs de la recherche, l&#8217;Alg\u00e9rie a promulgu\u00e9 un ensemble de textes r\u00e9glementaires et notamment la Loi n\u00b098\/11 du 22 Ao\u00fbt 1998 portant loi d&#8217;orientation et de programme \u00e0 projection quinquennale 1998\/2000, \u00e9tabli un plan national de la recherche scientifique (PNR)&nbsp; et institu\u00e9 un fonds national de la recherche scientifique et du d\u00e9veloppement technologique (FNR) charg\u00e9 du financement de la recherche.<\/p>\n\n\n\n<p>En application de la Loi n\u00b0 98\/11 sus-cit\u00e9e et du D\u00e9cret ex\u00e9cutif n\u00b0 99\/244 du 31\/10\/1999 fixant les r\u00e8gles de cr\u00e9ation, d&#8217;organisation et de fonctionnement du laboratoire de recherche, tout enseignant chercheur ou chercheur associ\u00e9 peut introduire un dossier de proposition de cr\u00e9ation d&#8217;un laboratoire de recherche. Le laboratoire de recherche est charg\u00e9 de l&#8217;ex\u00e9cution d&#8217;un&nbsp; ou plusieurs th\u00e8mes de recherche scientifique et de d\u00e9veloppement technologique relatifs aux programmes nationaux de recherche (Art. 10 de la Loi 98\/11). La proposition doit recevoir l&#8217;aval du conseil scientifique de l&#8217;\u00e9tablissement du rattachement.<\/p>\n\n\n\n<p>Le laboratoire de recherche a pour mission de r\u00e9aliser des objectifs de recherche et de d\u00e9veloppement, ex\u00e9cuter des \u00e9tudes et travaux de recherche et contribuer \u00e0 l`acquisition du savoir, \u00e0 l&#8217;am\u00e9lioration des connaissances, la formation pour et par la recherche et \u00e0 la diffusion de l&#8217;information scientifique et des r\u00e9sultats obtenus. Dirig\u00e9 par un Directeur \u00e9lu, il doit \u00eatre constitu\u00e9 d&#8217;au moins quatre \u00e9quipes de recherche, chacune dirig\u00e9e par un chercheur qualifi\u00e9 et constitu\u00e9e d&#8217;au moins trois chercheurs.<\/p>\n\n\n\n<p>Le laboratoire de recherche est dot\u00e9 d&#8217;un conseil de laboratoire charg\u00e9 d`\u00e9laborer des programmes et d&#8217;\u00e9tablir des \u00e9tats pr\u00e9visionnels des recettes et des d\u00e9penses&nbsp; pr\u00e9sent\u00e9s par le directeur du laboratoire. Il est dot\u00e9 de l&#8217;autonomie de gestion et soumis au contr\u00f4le financier \u00e0 posteriori. Il est financ\u00e9 par les subventions du FNRSDT. Le laboratoire de recherche peut trouver ses propres sources de financement, dans le respect de la r\u00e9glementation, en rapport avec ses activit\u00e9s de recherche par la conclusion de contrats de prestation de service avec des tiers.<\/p>\n\n\n\n<p><\/p>\n","protected":false},"excerpt":{"rendered":"<p>&nbsp; La recherche scientifique constitue un enjeu d\u00e9terminant au 21\u00e9me si\u00e8cle&nbsp; eu \u00e9gard aux d\u00e9fis technologiques et \u00e0 la mondialisation &hellip; <\/p>\n","protected":false},"author":1,"featured_media":0,"parent":0,"menu_order":0,"comment_status":"closed","ping_status":"closed","template":"","meta":{"_lmt_disableupdate":"","_lmt_disable":"","footnotes":""},"class_list":["post-6771","page","type-page","status-publish","hentry"],"_links":{"self":[{"href":"http:\/\/www.univ-dbkm.dz\/index.php?rest_route=\/wp\/v2\/pages\/6771","targetHints":{"allow":["GET"]}}],"collection":[{"href":"http:\/\/www.univ-dbkm.dz\/index.php?rest_route=\/wp\/v2\/pages"}],"about":[{"href":"http:\/\/www.univ-dbkm.dz\/index.php?rest_route=\/wp\/v2\/types\/page"}],"author":[{"embeddable":true,"href":"http:\/\/www.univ-dbkm.dz\/index.php?rest_route=\/wp\/v2\/users\/1"}],"replies":[{"embeddable":true,"href":"http:\/\/www.univ-dbkm.dz\/index.php?rest_route=%2Fwp%2Fv2%2Fcomments&post=6771"}],"version-history":[{"count":0,"href":"http:\/\/www.univ-dbkm.dz\/index.php?rest_route=\/wp\/v2\/pages\/6771\/revisions"}],"wp:attachment":[{"href":"http:\/\/www.univ-dbkm.dz\/index.php?rest_route=%2Fwp%2Fv2%2Fmedia&parent=6771"}],"curies":[{"name":"wp","href":"https:\/\/api.w.org\/{rel}","templated":true}]}}