{"id":85,"date":"2022-04-26T11:00:16","date_gmt":"2022-04-26T10:00:16","guid":{"rendered":"http:\/\/localhost\/udbkm\/?page_id=85"},"modified":"2022-08-29T13:55:17","modified_gmt":"2022-08-29T12:55:17","slug":"qui-est-djillali-bounaama","status":"publish","type":"page","link":"http:\/\/www.univ-dbkm.dz\/?page_id=85&lang=fr","title":{"rendered":"Qui-est Djillali Bounaama"},"content":{"rendered":"\t\t<div data-elementor-type=\"wp-page\" data-elementor-id=\"85\" class=\"elementor elementor-85\">\n\t\t\t\t\t\t<section class=\"elementor-section elementor-top-section elementor-element elementor-element-78809a82 elementor-section-boxed elementor-section-height-default elementor-section-height-default\" data-id=\"78809a82\" data-element_type=\"section\" data-e-type=\"section\">\n\t\t\t\t\t\t<div class=\"elementor-container elementor-column-gap-default\">\n\t\t\t\t\t<div class=\"elementor-column elementor-col-100 elementor-top-column elementor-element elementor-element-78a8c845\" data-id=\"78a8c845\" data-element_type=\"column\" data-e-type=\"column\">\n\t\t\t<div class=\"elementor-widget-wrap elementor-element-populated\">\n\t\t\t\t\t\t<div class=\"elementor-element elementor-element-534fddd elementor-widget elementor-widget-text-editor\" data-id=\"534fddd\" data-element_type=\"widget\" data-e-type=\"widget\" data-widget_type=\"text-editor.default\">\n\t\t\t\t<div class=\"elementor-widget-container\">\n\t\t\t\t\t\t\t\t\t\n<p>\u00a0<\/p>\n\n<div class=\"wp-block-media-text alignfull is-stacked-on-mobile is-vertically-aligned-center\">\n<figure class=\"wp-block-media-text__media\"><img fetchpriority=\"high\" decoding=\"async\" width=\"280\" height=\"387\" class=\"wp-image-977 size-full\" src=\"http:\/\/localhost\/udbkm\/wp-content\/uploads\/2022\/05\/280px-\u062c\u064a\u0644\u0627\u0644\u064a_\u0628\u0648\u0646\u0639\u0627\u0645\u0629.jpg\" alt=\"\" srcset=\"http:\/\/www.univ-dbkm.dz\/wp-content\/uploads\/2022\/05\/280px-\u062c\u064a\u0644\u0627\u0644\u064a_\u0628\u0648\u0646\u0639\u0627\u0645\u0629.jpg 280w, http:\/\/www.univ-dbkm.dz\/wp-content\/uploads\/2022\/05\/280px-\u062c\u064a\u0644\u0627\u0644\u064a_\u0628\u0648\u0646\u0639\u0627\u0645\u0629-217x300.jpg 217w\" sizes=\"(max-width: 280px) 100vw, 280px\" \/><\/figure>\n<div class=\"wp-block-media-text__content\">\n<h3 class=\"has-text-align-center has-text-color wp-block-heading\" style=\"color: #000000;\"><strong>DjilaliBounaama<\/strong><\/h3>\n\n<p class=\"has-text-align-center has-extra-small-font-size\"><strong>N\u00e9 le 16 avril 1926 au douar Beni Hendel (Ouarsenis), tu\u00e9 \u00e0 Blida le 8 ao\u00fbt 1961 dans l\u2019explosion du PC de la wilaya 4. Ancien de l\u2019OS, syndicaliste CGT des mines de Bou Ca\u00efd, animateur des gr\u00e8ves de 1951\u00a0; mineur en Belgique, revenant en Alg\u00e9rie en 1954, cadre local du MTLD\u00a0; apr\u00e8s avoir \u00e9t\u00e9 emprisonn\u00e9, mont\u00e9 au maquis en 1955\u00a0; participant aux entretiens de Melun (France) en juin\u00a01960 avec les charg\u00e9s de mission du g\u00e9n\u00e9ral De Gaulle\u00a0; commandant de la wilaya 4 de juillet\u00a01960 \u00e0 ao\u00fbt 1961.<\/strong><\/p>\n<\/div>\n<\/div>\n\n<p>Si Mohamed,\u00a0de son nom de guerre,\u00a0est n\u00e9\u00a0le\u00a0<strong>16 avril 1926<\/strong><strong>\u00a0<\/strong>\u00e0<strong>\u00a0<\/strong>Douar Beni Hendel (Ouarsenis<strong>),<\/strong>\u00a0d&#8217;un p\u00e8re \u00e9picier. N&#8217;ayant pas termin\u00e9 l&#8217;\u00e9cole primaire, il travaille \u00e0 la mine de zinc de Bouca\u00efdpr\u00e8s d\u2019Orl\u00e9ansville (Chlef). Syndicaliste CGT, il est aussi militant du PPA-MTLD et membre de l&#8217;Organisation Sp\u00e9ciale (OS).<\/p>\n<p>En 1951,il est l\u2019organisateur de la gr\u00e8ve des mineurs de Bouca\u00efd qui dure 4 mois.\u00a0Recherch\u00e9 depuis le d\u00e9mant\u00e8lement de l\u2019OS,\u00a0\u00a0il part en Belgique pour travailler aux mines de charbon de Borinage.\u00a0Revenu en Alg\u00e9rie, il est arr\u00eat\u00e9 le 6 novembre 1954, puis incarc\u00e9r\u00e9 \u00e0 la prison d&#8217;Orl\u00e9anville puis de Barberouse (Alger). Lib\u00e9r\u00e9 en novembre 1955, il rejoint le maquis dans le massif de l&#8217;Ouarsenis.<\/p>\n<p>Il deviendra successivement chef militaire de la zone 3 de la wilaya 4 en 1957, puis commandant fin 1958 en tant qu&#8217;adjoint militaire du colonel M&#8217;Hamed Bougara.\u00a0<\/p>\n<p>Il prendra la succession de Si Salah,\u00a0Mohammed Zamoum, de son nom,\u00a0pour diriger la wilaya 4 sans jamais \u00eatre promu au grade de colonel.<\/p>\n<p>Djilali Bounaama\u00a0est mort le 8 ao\u00fbt 1961 \u00e0 Blida, dans l&#8217;explosion de la villa Na\u00efmi qui servait de refuge au commandement de la wilaya 4.<\/p>\n\n<p>\u00a0<\/p>\n\n<p>\u00a0<\/p>\n\n<p>\u00a0<\/p>\n\n<p>\u00a0<\/p>\n\n<p>\u00a0<\/p>\n\n<p>\u00a0<\/p>\n\n<p>\u00a0<\/p>\n\t\t\t\t\t\t\t\t<\/div>\n\t\t\t\t<\/div>\n\t\t\t\t\t<\/div>\n\t\t<\/div>\n\t\t\t\t\t<\/div>\n\t\t<\/section>\n\t\t\t\t<\/div>\n\t\t","protected":false},"excerpt":{"rendered":"<p>\u00a0 DjilaliBounaama N\u00e9 le 16 avril 1926 au douar Beni Hendel (Ouarsenis), tu\u00e9 \u00e0 Blida le 8 ao\u00fbt 1961 dans &hellip; <\/p>\n","protected":false},"author":1,"featured_media":0,"parent":0,"menu_order":0,"comment_status":"closed","ping_status":"closed","template":"","meta":{"_lmt_disableupdate":"","_lmt_disable":"","footnotes":""},"class_list":["post-85","page","type-page","status-publish","hentry"],"_links":{"self":[{"href":"http:\/\/www.univ-dbkm.dz\/index.php?rest_route=\/wp\/v2\/pages\/85","targetHints":{"allow":["GET"]}}],"collection":[{"href":"http:\/\/www.univ-dbkm.dz\/index.php?rest_route=\/wp\/v2\/pages"}],"about":[{"href":"http:\/\/www.univ-dbkm.dz\/index.php?rest_route=\/wp\/v2\/types\/page"}],"author":[{"embeddable":true,"href":"http:\/\/www.univ-dbkm.dz\/index.php?rest_route=\/wp\/v2\/users\/1"}],"replies":[{"embeddable":true,"href":"http:\/\/www.univ-dbkm.dz\/index.php?rest_route=%2Fwp%2Fv2%2Fcomments&post=85"}],"version-history":[{"count":0,"href":"http:\/\/www.univ-dbkm.dz\/index.php?rest_route=\/wp\/v2\/pages\/85\/revisions"}],"wp:attachment":[{"href":"http:\/\/www.univ-dbkm.dz\/index.php?rest_route=%2Fwp%2Fv2%2Fmedia&parent=85"}],"curies":[{"name":"wp","href":"https:\/\/api.w.org\/{rel}","templated":true}]}}