{"id":87,"date":"2022-04-26T11:00:52","date_gmt":"2022-04-26T10:00:52","guid":{"rendered":"http:\/\/localhost\/udbkm\/?page_id=87"},"modified":"2022-06-07T23:15:52","modified_gmt":"2022-06-07T22:15:52","slug":"vices-rectorat","status":"publish","type":"page","link":"http:\/\/www.univ-dbkm.dz\/?page_id=87&lang=fr","title":{"rendered":"Administration"},"content":{"rendered":"\n<ul style=\"text-align: justify\"><li><a href=\"http:\/\/localhost\/udbkm\/secretariat-general\/\">Secr\u00e9tariat G\u00e9n\u00e9ral<\/a><\/li><li><a href=\"http:\/\/localhost\/udbkm\/vide-rectorat-charge-de-la-formation-superieure-du-premier-et-deuxieme-cycle-de-la-formation-continue-des-diplomes-et-de-la-formation-superieure-de-graduation\/\">V.R de la Formation Sup\u00e9rieure du Premier et Deuxi\u00e8me Cycles, la Formation Continue et les Dipl\u00f4mes, et la Formation Sup\u00e9rieure en Graduation.<\/a><\/li><li><a href=\"http:\/\/localhost\/udbkm\/vice-rectorat-charge-de-la-formation-superieure-du-troisieme-cycle-de-lhabilitation-universitaire-de-la-formation-superieure-de-la-post-graduation\/\">V.R de la Formation Sup\u00e9rieure de Troisi\u00e8me Cycle, l&#8217;Habilitation Universitaire, le Recherche Scientifique et la Formation Sup\u00e9rieure de Post Graduation<\/a>.<\/li><li><a href=\"http:\/\/localhost\/udbkm\/vice-rectorat-charge-des-relations-exterieures-de-la-cooperation-de-lanimation-de-la-communication-et-des-manifestations-scientifiques\/\">V.R charg\u00e9 des Relations Ext\u00e9rieures, la Coop\u00e9ration, l&#8217;Animation et la Communication et des Manifestations Scientifiques<\/a>.<\/li><li><a href=\"http:\/\/localhost\/udbkm\/v-r-du-developpement-de-la-prospective-et-de-lorientation\/\">V.R du D\u00e9veloppement et de la Prospective et de l&#8217;Orientation<\/a>;<\/li><\/ul>\n","protected":false},"excerpt":{"rendered":"<p>Secr\u00e9tariat G\u00e9n\u00e9ral V.R de la Formation Sup\u00e9rieure du Premier et Deuxi\u00e8me Cycles, la Formation Continue et les Dipl\u00f4mes, et la &hellip; <\/p>\n","protected":false},"author":1,"featured_media":0,"parent":0,"menu_order":0,"comment_status":"closed","ping_status":"closed","template":"","meta":{"_lmt_disableupdate":"","_lmt_disable":"","footnotes":""},"class_list":["post-87","page","type-page","status-publish","hentry"],"_links":{"self":[{"href":"http:\/\/www.univ-dbkm.dz\/index.php?rest_route=\/wp\/v2\/pages\/87","targetHints":{"allow":["GET"]}}],"collection":[{"href":"http:\/\/www.univ-dbkm.dz\/index.php?rest_route=\/wp\/v2\/pages"}],"about":[{"href":"http:\/\/www.univ-dbkm.dz\/index.php?rest_route=\/wp\/v2\/types\/page"}],"author":[{"embeddable":true,"href":"http:\/\/www.univ-dbkm.dz\/index.php?rest_route=\/wp\/v2\/users\/1"}],"replies":[{"embeddable":true,"href":"http:\/\/www.univ-dbkm.dz\/index.php?rest_route=%2Fwp%2Fv2%2Fcomments&post=87"}],"version-history":[{"count":0,"href":"http:\/\/www.univ-dbkm.dz\/index.php?rest_route=\/wp\/v2\/pages\/87\/revisions"}],"wp:attachment":[{"href":"http:\/\/www.univ-dbkm.dz\/index.php?rest_route=%2Fwp%2Fv2%2Fmedia&parent=87"}],"curies":[{"name":"wp","href":"https:\/\/api.w.org\/{rel}","templated":true}]}}