{"id":9497,"date":"2024-05-08T11:25:08","date_gmt":"2024-05-08T10:25:08","guid":{"rendered":"http:\/\/www.univ-dbkm.dz\/?page_id=9497"},"modified":"2025-06-09T09:57:23","modified_gmt":"2025-06-09T08:57:23","slug":"faculte-des-sciences-de-la-matiere-et-de-linformatique","status":"publish","type":"page","link":"http:\/\/www.univ-dbkm.dz\/?page_id=9497&lang=fr","title":{"rendered":"Facult\u00e9 des Sciences de la Mati\u00e8re et de l&#8217;Informatique"},"content":{"rendered":"\n<h3 class=\"wp-block-heading\">Doyen de la Facult\u00e9&nbsp;<br>Pr. Chetti Boualem&nbsp;&nbsp;&nbsp;<br>E-mail professionnel&nbsp;:<\/h3>\n\n\n\n<h3 class=\"wp-block-heading\"><strong><a href=\"mailto:doyen.fsmi@univ-dbkm.dz\">doyen.fsmi@univ-dbkm.dz<\/a><\/strong><\/h3>\n\n\n\n<figure class=\"wp-block-image size-large\"><img fetchpriority=\"high\" decoding=\"async\" width=\"1024\" height=\"768\" src=\"http:\/\/www.univ-dbkm.dz\/wp-content\/uploads\/2025\/01\/Chetti-1-1024x768.jpg\" alt=\"\" class=\"wp-image-12274\" srcset=\"http:\/\/www.univ-dbkm.dz\/wp-content\/uploads\/2025\/01\/Chetti-1-1024x768.jpg 1024w, http:\/\/www.univ-dbkm.dz\/wp-content\/uploads\/2025\/01\/Chetti-1-300x225.jpg 300w, http:\/\/www.univ-dbkm.dz\/wp-content\/uploads\/2025\/01\/Chetti-1-768x576.jpg 768w, http:\/\/www.univ-dbkm.dz\/wp-content\/uploads\/2025\/01\/Chetti-1-1536x1152.jpg 1536w, http:\/\/www.univ-dbkm.dz\/wp-content\/uploads\/2025\/01\/Chetti-1.jpg 2048w\" sizes=\"(max-width: 1024px) 100vw, 1024px\" \/><\/figure>\n\n\n<div class=\"wp-block-image\">\n<figure class=\"aligncenter size-full\"><img decoding=\"async\" width=\"91\" height=\"85\" src=\"http:\/\/www.univ-dbkm.dz\/wp-content\/uploads\/2025\/01\/for_all_mothers_by_marafet_d4zf9ee-fullview-1.jpg\" alt=\"\" class=\"wp-image-12298\"\/><\/figure>\n<\/div>\n\n\n<p><strong><em><u>D\u00e9partements et Sp\u00e9cialit\u00e9s<\/u><\/em><\/strong><\/p>\n\n\n\n<p>La facult\u00e9 SMI assure les formations dans les sp\u00e9cialit\u00e9s selon les d\u00e9partements suivants :<\/p>\n\n\n\n<p><strong><em><u>D\u00e9partement de Math\u00e9matiques<\/u><\/em><\/strong><\/p>\n\n\n\n<figure class=\"wp-block-table\"><table><tbody><tr><td>Licence<\/td><td>Math\u00e9matiques<\/td><\/tr><tr><td>Master<\/td><td>Analyse Math\u00e9matique et Applications<\/td><\/tr><tr><td>Doctorat<\/td><td>Alg\u00e8bre et Math\u00e9matiques Discr\u00e8tesAnalyse Math\u00e9matiques<\/td><\/tr><\/tbody><\/table><\/figure>\n\n\n\n<p><strong><em><u>D\u00e9partement de l\u2019Intelligence Artificielle<\/u><\/em><\/strong><\/p>\n\n\n\n<figure class=\"wp-block-table\"><table><tbody><tr><td>Licence<\/td><td>&#8212;&#8212;&#8212;-<\/td><\/tr><tr><td>Master<\/td><td>Intelligence Artificielle et Big Data (IABD)<\/td><\/tr><tr><td>Doctorat<\/td><td>&#8212;&#8212;&#8212;&#8212;&#8212;&#8212;&#8212;-<\/td><\/tr><\/tbody><\/table><\/figure>\n\n\n\n<p><strong><em><u>D\u00e9partement de l\u2019Informatique<\/u><\/em><\/strong><\/p>\n\n\n\n<figure class=\"wp-block-table\"><table><tbody><tr><td>Licence<\/td><td>Syst\u00e8mes Informatique<\/td><\/tr><tr><td>Master<\/td><td>Ing\u00e9nierie du logiciel<\/td><\/tr><tr><td>Doctorat<\/td><td>&#8212;&#8212;&#8212;&#8212;&#8212;&#8212;&#8212;-<\/td><\/tr><\/tbody><\/table><\/figure>\n\n\n\n<p><strong><em><u>D\u00e9partement de Physique<\/u><\/em><\/strong><\/p>\n\n\n\n<figure class=\"wp-block-table\"><table><tbody><tr><td>Licence<\/td><td>Physique Fondamentale<\/td><\/tr><tr><td>Master<\/td><td>Physique Th\u00e9oriquePhysique appliqu\u00e9<\/td><\/tr><tr><td>Doctorat<\/td><td>Physique des mat\u00e9riauxPhysique th\u00e9oriqueG\u00e9ophysique<\/td><\/tr><\/tbody><\/table><\/figure>\n\n\n\n<p><strong><em><u>D\u00e9partement de chimie<\/u><\/em><\/strong><\/p>\n\n\n\n<figure class=\"wp-block-table\"><table><tbody><tr><td>Licence<\/td><td>Chimie Fondamentale<\/td><\/tr><tr><td>Master<\/td><td>Chimie Pharmaceutique<\/td><\/tr><tr><td>Doctorat<\/td><td>Chimie<\/td><\/tr><\/tbody><\/table><\/figure>\n\n\n\n<p><strong><u>Laboratoires de recherche<\/u><\/strong><strong>&nbsp;:<\/strong><\/p>\n\n\n\n<p>Laboratoire de Math\u00e9matiques, Informatique et Applications <strong><em>(LaMIA)<\/em><\/strong><\/p>\n\n\n\n<div class=\"wp-block-buttons is-layout-flex wp-block-buttons-is-layout-flex\">\n<div class=\"wp-block-button aligncenter\"><a class=\"wp-block-button__link wp-element-button\" href=\"http:\/\/fsmi.univ-dbkm.dz\/fr\/home-francais\/\">Acc\u00e8s au portail<\/a><\/div>\n<\/div>\n","protected":false},"excerpt":{"rendered":"<p>Doyen de la Facult\u00e9&nbsp;Pr. Chetti Boualem&nbsp;&nbsp;&nbsp;E-mail professionnel&nbsp;: doyen.fsmi@univ-dbkm.dz D\u00e9partements et Sp\u00e9cialit\u00e9s La facult\u00e9 SMI assure les formations dans les sp\u00e9cialit\u00e9s &hellip; <\/p>\n","protected":false},"author":1,"featured_media":0,"parent":0,"menu_order":0,"comment_status":"closed","ping_status":"closed","template":"","meta":{"_lmt_disableupdate":"","_lmt_disable":"","footnotes":""},"class_list":["post-9497","page","type-page","status-publish","hentry"],"_links":{"self":[{"href":"http:\/\/www.univ-dbkm.dz\/index.php?rest_route=\/wp\/v2\/pages\/9497","targetHints":{"allow":["GET"]}}],"collection":[{"href":"http:\/\/www.univ-dbkm.dz\/index.php?rest_route=\/wp\/v2\/pages"}],"about":[{"href":"http:\/\/www.univ-dbkm.dz\/index.php?rest_route=\/wp\/v2\/types\/page"}],"author":[{"embeddable":true,"href":"http:\/\/www.univ-dbkm.dz\/index.php?rest_route=\/wp\/v2\/users\/1"}],"replies":[{"embeddable":true,"href":"http:\/\/www.univ-dbkm.dz\/index.php?rest_route=%2Fwp%2Fv2%2Fcomments&post=9497"}],"version-history":[{"count":5,"href":"http:\/\/www.univ-dbkm.dz\/index.php?rest_route=\/wp\/v2\/pages\/9497\/revisions"}],"predecessor-version":[{"id":13834,"href":"http:\/\/www.univ-dbkm.dz\/index.php?rest_route=\/wp\/v2\/pages\/9497\/revisions\/13834"}],"wp:attachment":[{"href":"http:\/\/www.univ-dbkm.dz\/index.php?rest_route=%2Fwp%2Fv2%2Fmedia&parent=9497"}],"curies":[{"name":"wp","href":"https:\/\/api.w.org\/{rel}","templated":true}]}}