{"id":98,"date":"2022-04-26T11:15:01","date_gmt":"2022-04-26T10:15:01","guid":{"rendered":"http:\/\/localhost\/udbkm\/?page_id=98"},"modified":"2025-06-09T09:46:16","modified_gmt":"2025-06-09T08:46:16","slug":"faculte-des-science-de-la-nature-de-vie-et-des-science-de-la-terre-et-de-lunivers","status":"publish","type":"page","link":"http:\/\/www.univ-dbkm.dz\/?page_id=98&lang=fr","title":{"rendered":"Facult\u00e9 des Sciences de la Nature et de la Vie et des Science de la Terre"},"content":{"rendered":"\n<p><strong>Doyen&nbsp;<\/strong>: Pr. LAZALI Mohamed<\/p>\n\n\n\n<figure class=\"wp-block-image size-large\"><img fetchpriority=\"high\" decoding=\"async\" width=\"1024\" height=\"683\" src=\"http:\/\/www.univ-dbkm.dz\/wp-content\/uploads\/2025\/05\/IMG_5591-1-1024x683.jpg\" alt=\"\" class=\"wp-image-13663\" srcset=\"http:\/\/www.univ-dbkm.dz\/wp-content\/uploads\/2025\/05\/IMG_5591-1-1024x683.jpg 1024w, http:\/\/www.univ-dbkm.dz\/wp-content\/uploads\/2025\/05\/IMG_5591-1-300x200.jpg 300w, http:\/\/www.univ-dbkm.dz\/wp-content\/uploads\/2025\/05\/IMG_5591-1-768x512.jpg 768w, http:\/\/www.univ-dbkm.dz\/wp-content\/uploads\/2025\/05\/IMG_5591-1-1536x1024.jpg 1536w, http:\/\/www.univ-dbkm.dz\/wp-content\/uploads\/2025\/05\/IMG_5591-1-2048x1365.jpg 2048w, http:\/\/www.univ-dbkm.dz\/wp-content\/uploads\/2025\/05\/IMG_5591-1-370x247.jpg 370w\" sizes=\"(max-width: 1024px) 100vw, 1024px\" \/><\/figure>\n\n\n\n<p><strong>E-mail<\/strong>&nbsp;:&nbsp;<a href=\"mailto:m.lazali@univ-dbkm.dz\" target=\"_blank\" rel=\"noreferrer noopener\">m.lazali@univ-dbkm.dz<\/a><\/p>\n\n\n\n<p><strong>Phone&nbsp;<\/strong>: 0 27 55 67 27<\/p>\n\n\n\n<h1 class=\"wp-block-heading\">Sp\u00e9cialit\u00e9s &amp; D\u00e9partements :<\/h1>\n\n\n\n<p>cette facult\u00e9 assure les formations dans les sp\u00e9cialit\u00e9s suivantes:<\/p>\n\n\n\n<h2 class=\"wp-block-heading\">D\u00e9partement de Tronc-Commun SNV:<\/h2>\n\n\n\n<h2 class=\"wp-block-heading\">D\u00e9partement des Sciences Agronomiques:<\/h2>\n\n\n\n<figure class=\"wp-block-table\"><table><tbody><tr><td><em><strong>Licence<\/strong><\/em><\/td><td><em>Sol et Eau<\/em><br><em>&nbsp;Production V\u00e9g\u00e9tale&nbsp;<\/em><br><em>&nbsp;Production Animale&nbsp;<\/em><\/td><\/tr><\/tbody><\/table><\/figure>\n\n\n\n<figure class=\"wp-block-table\"><table><tbody><tr><td><em><strong>Master<\/strong><\/em><\/td><td>Am\u00e9nagement&nbsp;<em>Hydro-Agricole&nbsp;<\/em><br><em>Production Animale&nbsp;<\/em><br><em>Production V\u00e9g\u00e9tale<\/em><\/td><\/tr><\/tbody><\/table><\/figure>\n\n\n\n<h2 class=\"wp-block-heading\">D\u00e9partement des Sciences Biologiques:<\/h2>\n\n\n\n<figure class=\"wp-block-table\"><table><tbody><tr><td><em><strong>Licence<\/strong><\/em><\/td><td><em>Microbiologie<\/em>.<br><em>&nbsp;Biologie et Physiologie Animale.&nbsp;<\/em><br><em>Biotechnologie Microbienne<\/em>.<br>Biotechnologie V\u00e9g\u00e9tale et Am\u00e9lioration des Plantes.<\/td><\/tr><\/tbody><\/table><\/figure>\n\n\n\n<figure class=\"wp-block-table\"><table><tbody><tr><td><em><strong>Master<\/strong><\/em><\/td><td><em>Biotechnologie Microbienne.<\/em><br>Biotechnologie V\u00e9g\u00e9tale.<br>Physiologie Cellulaire et Physiopathologie.<br>Microbiologie Appliqu\u00e9e.<\/td><\/tr><\/tbody><\/table><\/figure>\n\n\n\n<figure class=\"wp-block-table\"><table><tbody><tr><td><em><strong>Doctorat<\/strong><\/em><\/td><td>Biotechnologie<\/td><\/tr><\/tbody><\/table><\/figure>\n\n\n\n<h2 class=\"wp-block-heading\">D\u00e9partement des Sciences de la Terre:<\/h2>\n\n\n\n<figure class=\"wp-block-table\"><table><tbody><tr><td><em><strong>Licence<\/strong><\/em><\/td><td><em>G\u00e9ologie Appliqu\u00e9<\/em><em>e<\/em><\/td><\/tr><\/tbody><\/table><\/figure>\n\n\n\n<figure class=\"wp-block-table\"><table><tbody><tr><td><em><strong>Master<\/strong><\/em><\/td><td><em>Hydrog\u00e9ologie.<\/em><br>Ressources en Eau et G\u00e9o-environnement.<br>G\u00e9ologie de l\u2019Ing\u00e9nieur et G\u00e9otechnique.<\/td><\/tr><\/tbody><\/table><\/figure>\n\n\n\n<h2 class=\"wp-block-heading\">D\u00e9partement Ecologie et Environnement:<\/h2>\n\n\n\n<figure class=\"wp-block-table\"><table><tbody><tr><td><em><strong>Licence<\/strong><\/em><\/td><td><em>Ecologie et Environnement<\/em>.<br>&nbsp;<em>Aquaculture et Pisciculture<\/em>.<\/td><\/tr><\/tbody><\/table><\/figure>\n\n\n\n<figure class=\"wp-block-table\"><table><tbody><tr><td><em><strong>Master<\/strong><\/em><\/td><td><em>Hydrobiologie&nbsp;<\/em>Appliqu\u00e9e.<br>Protection des \u00e9cosyst\u00e8mes.<br>Bioclimatologie.<\/td><\/tr><\/tbody><\/table><\/figure>\n\n\n\n<figure class=\"wp-block-table\"><table><tbody><tr><td><em><strong>Doctorat<\/strong><\/em><\/td><td>&nbsp;<em>Agro\u00e9cologie.<\/em><br>Protection de l\u2019Environnement.<em>&nbsp;<\/em><\/td><\/tr><\/tbody><\/table><\/figure>\n\n\n\n<h1 class=\"wp-block-heading\">Laboratoires de recherche<\/h1>\n\n\n\n<p>La facult\u00e9 SNVST dispose de deux (02) laboratoires de recherche :<\/p>\n\n\n\n<ol class=\"wp-block-list\">\n<li><a href=\"http:\/\/erp.univ-km.dz\/index.php\/fr\/\" target=\"_blank\" rel=\"noreferrer noopener\">Laboratoire ERP (Eau, Roches &amp; Plantes):<\/a><\/li>\n\n\n\n<li><a href=\"http:\/\/pravdurn.univ-km.dz\/index.php\/fr\/\" target=\"_blank\" rel=\"noreferrer noopener\">Laboratoire PRAVDUN (Production Agricole et Valorisation Durable des Ressources Naturelles)<\/a><\/li>\n<\/ol>\n\n\n\n<div class=\"wp-block-buttons is-layout-flex wp-block-buttons-is-layout-flex\">\n<div class=\"wp-block-button aligncenter\"><a class=\"wp-block-button__link wp-element-button\" href=\"http:\/\/fsnvst.univ-dbkm.dz\/fr\/home-francais\/\">Acc\u00e8s au portail<\/a><\/div>\n<\/div>\n","protected":false},"excerpt":{"rendered":"<p>Doyen&nbsp;: Pr. LAZALI Mohamed E-mail&nbsp;:&nbsp;m.lazali@univ-dbkm.dz Phone&nbsp;: 0 27 55 67 27 Sp\u00e9cialit\u00e9s &amp; D\u00e9partements : cette facult\u00e9 assure les formations &hellip; <\/p>\n","protected":false},"author":1,"featured_media":0,"parent":0,"menu_order":0,"comment_status":"closed","ping_status":"closed","template":"","meta":{"_lmt_disableupdate":"","_lmt_disable":"","footnotes":""},"class_list":["post-98","page","type-page","status-publish","hentry"],"_links":{"self":[{"href":"http:\/\/www.univ-dbkm.dz\/index.php?rest_route=\/wp\/v2\/pages\/98","targetHints":{"allow":["GET"]}}],"collection":[{"href":"http:\/\/www.univ-dbkm.dz\/index.php?rest_route=\/wp\/v2\/pages"}],"about":[{"href":"http:\/\/www.univ-dbkm.dz\/index.php?rest_route=\/wp\/v2\/types\/page"}],"author":[{"embeddable":true,"href":"http:\/\/www.univ-dbkm.dz\/index.php?rest_route=\/wp\/v2\/users\/1"}],"replies":[{"embeddable":true,"href":"http:\/\/www.univ-dbkm.dz\/index.php?rest_route=%2Fwp%2Fv2%2Fcomments&post=98"}],"version-history":[{"count":3,"href":"http:\/\/www.univ-dbkm.dz\/index.php?rest_route=\/wp\/v2\/pages\/98\/revisions"}],"predecessor-version":[{"id":13831,"href":"http:\/\/www.univ-dbkm.dz\/index.php?rest_route=\/wp\/v2\/pages\/98\/revisions\/13831"}],"wp:attachment":[{"href":"http:\/\/www.univ-dbkm.dz\/index.php?rest_route=%2Fwp%2Fv2%2Fmedia&parent=98"}],"curies":[{"name":"wp","href":"https:\/\/api.w.org\/{rel}","templated":true}]}}