{"id":1897,"date":"2023-06-01T13:03:16","date_gmt":"2023-06-01T10:03:16","guid":{"rendered":"http:\/\/www.univ-dbkm.dz\/istaps1\/?page_id=1897"},"modified":"2025-04-14T10:55:40","modified_gmt":"2025-04-14T07:55:40","slug":"sous-directeur-en-charge-de-la-post-diplome-de-la-recherche-scientifique-et-des-relations-exterieures-2","status":"publish","type":"page","link":"http:\/\/www.univ-dbkm.dz\/istaps1\/fr\/sous-directeur-en-charge-de-la-post-diplome-de-la-recherche-scientifique-et-des-relations-exterieures-2\/","title":{"rendered":"Sous-directeur en charge de la post-dipl\u00f4me, de la recherche scientifique et des relations ext\u00e9rieures"},"content":{"rendered":"\t\t<div data-elementor-type=\"wp-page\" data-elementor-id=\"1897\" class=\"elementor elementor-1897\">\n\t\t\t\t\t\t<section class=\"elementor-section elementor-top-section elementor-element elementor-element-27334fb elementor-section-boxed elementor-section-height-default elementor-section-height-default wpr-particle-no wpr-jarallax-no wpr-parallax-no wpr-sticky-section-no\" data-id=\"27334fb\" data-element_type=\"section\">\n\t\t\t\t\t\t<div class=\"elementor-container elementor-column-gap-default\">\n\t\t\t\t\t<div class=\"elementor-column elementor-col-100 elementor-top-column elementor-element elementor-element-293a613\" data-id=\"293a613\" data-element_type=\"column\">\n\t\t\t<div class=\"elementor-widget-wrap elementor-element-populated\">\n\t\t\t\t\t\t<div class=\"elementor-element elementor-element-2dd58e3 elementor-invisible elementor-widget elementor-widget-heading\" data-id=\"2dd58e3\" data-element_type=\"widget\" data-settings=\"{&quot;_animation&quot;:&quot;fadeInDown&quot;}\" data-widget_type=\"heading.default\">\n\t\t\t\t<div class=\"elementor-widget-container\">\n\t\t\t\t\t<h2 class=\"elementor-heading-title elementor-size-default\">Sous-directeur en charge de la post-dipl\u00f4me, de la recherche scientifique et des relations ext\u00e9rieures<\/h2>\t\t\t\t<\/div>\n\t\t\t\t<\/div>\n\t\t\t\t\t<\/div>\n\t\t<\/div>\n\t\t\t\t\t<\/div>\n\t\t<\/section>\n\t\t\t\t<section class=\"elementor-section elementor-top-section elementor-element elementor-element-14c021c elementor-section-boxed elementor-section-height-default elementor-section-height-default wpr-particle-no wpr-jarallax-no wpr-parallax-no wpr-sticky-section-no\" data-id=\"14c021c\" data-element_type=\"section\">\n\t\t\t\t\t\t<div class=\"elementor-container elementor-column-gap-default\">\n\t\t\t\t\t<div class=\"elementor-column elementor-col-50 elementor-top-column elementor-element elementor-element-3f631c0\" data-id=\"3f631c0\" data-element_type=\"column\">\n\t\t\t<div class=\"elementor-widget-wrap elementor-element-populated\">\n\t\t\t\t\t\t<div class=\"elementor-element elementor-element-ca96806 elementor-invisible elementor-widget elementor-widget-text-editor\" data-id=\"ca96806\" data-element_type=\"widget\" data-settings=\"{&quot;_animation&quot;:&quot;fadeInDown&quot;}\" data-widget_type=\"text-editor.default\">\n\t\t\t\t<div class=\"elementor-widget-container\">\n\t\t\t\t\t\t\t\t\t<h3 style=\"text-align: center;\"><strong><span dir=\"RTL\">Dr. Benhadj djillali Smail<\/span><\/strong><\/h3><h3 style=\"text-align: center;\"><strong>E Mail:\u00a0 <span dir=\"LTR\"><span id=\"cloak369bc7517c6edcfd1ad32b6fe551c8d5\"><a href=\"mailto:s.ben-djilali@univ-dbkm.dz\">s.ben-djilali@univ-dbkm.dz<\/a><\/span><\/span><\/strong><\/h3><h3 class=\"has-text-align-right\" style=\"text-align: center;\"><strong>\u00a0Tel :<span dir=\"RTL\">\u00a0<\/span>\u00a0<span dir=\"RTL\">\u00a0<\/span><\/strong><\/h3>\t\t\t\t\t\t\t\t<\/div>\n\t\t\t\t<\/div>\n\t\t\t\t\t<\/div>\n\t\t<\/div>\n\t\t\t\t<div class=\"elementor-column elementor-col-50 elementor-top-column elementor-element elementor-element-0ebaddd\" data-id=\"0ebaddd\" data-element_type=\"column\">\n\t\t\t<div class=\"elementor-widget-wrap elementor-element-populated\">\n\t\t\t\t\t\t<div class=\"elementor-element elementor-element-1a69aa9 elementor-invisible elementor-widget elementor-widget-image\" data-id=\"1a69aa9\" data-element_type=\"widget\" data-settings=\"{&quot;_animation&quot;:&quot;fadeInDown&quot;}\" data-widget_type=\"image.default\">\n\t\t\t\t<div class=\"elementor-widget-container\">\n\t\t\t\t\t\t\t\t\t\t\t\t\t\t\t<img fetchpriority=\"high\" decoding=\"async\" width=\"733\" height=\"1024\" src=\"http:\/\/www.univ-dbkm.dz\/istaps1\/wp-content\/uploads\/2025\/03\/pgrs-733x1024.jpg\" class=\"attachment-large size-large wp-image-4806\" alt=\"\" srcset=\"http:\/\/www.univ-dbkm.dz\/istaps1\/wp-content\/uploads\/2025\/03\/pgrs-733x1024.jpg 733w, http:\/\/www.univ-dbkm.dz\/istaps1\/wp-content\/uploads\/2025\/03\/pgrs-215x300.jpg 215w, http:\/\/www.univ-dbkm.dz\/istaps1\/wp-content\/uploads\/2025\/03\/pgrs-768x1073.jpg 768w, http:\/\/www.univ-dbkm.dz\/istaps1\/wp-content\/uploads\/2025\/03\/pgrs.jpg 900w\" sizes=\"(max-width: 733px) 100vw, 733px\" \/>\t\t\t\t\t\t\t\t\t\t\t\t\t\t\t<\/div>\n\t\t\t\t<\/div>\n\t\t\t\t\t<\/div>\n\t\t<\/div>\n\t\t\t\t\t<\/div>\n\t\t<\/section>\n\t\t\t\t<section class=\"elementor-section elementor-top-section elementor-element elementor-element-e8e86df elementor-section-boxed elementor-section-height-default elementor-section-height-default wpr-particle-no wpr-jarallax-no wpr-parallax-no wpr-sticky-section-no\" data-id=\"e8e86df\" data-element_type=\"section\">\n\t\t\t\t\t\t<div class=\"elementor-container elementor-column-gap-default\">\n\t\t\t\t\t<div class=\"elementor-column elementor-col-100 elementor-top-column elementor-element elementor-element-4fa50cd\" data-id=\"4fa50cd\" data-element_type=\"column\">\n\t\t\t<div class=\"elementor-widget-wrap elementor-element-populated\">\n\t\t\t\t\t\t<div class=\"elementor-element elementor-element-e1be4d8 elementor-invisible elementor-widget elementor-widget-heading\" data-id=\"e1be4d8\" data-element_type=\"widget\" data-settings=\"{&quot;_animation&quot;:&quot;fadeInDown&quot;}\" data-widget_type=\"heading.default\">\n\t\t\t\t<div class=\"elementor-widget-container\">\n\t\t\t\t\t<h2 class=\"elementor-heading-title elementor-size-default\">ses missions<\/h2>\t\t\t\t<\/div>\n\t\t\t\t<\/div>\n\t\t\t\t\t<\/div>\n\t\t<\/div>\n\t\t\t\t\t<\/div>\n\t\t<\/section>\n\t\t\t\t<section class=\"elementor-section elementor-top-section elementor-element elementor-element-75c884e elementor-section-boxed elementor-section-height-default elementor-section-height-default wpr-particle-no wpr-jarallax-no wpr-parallax-no wpr-sticky-section-no\" data-id=\"75c884e\" data-element_type=\"section\">\n\t\t\t\t\t\t<div class=\"elementor-container elementor-column-gap-default\">\n\t\t\t\t\t<div class=\"elementor-column elementor-col-100 elementor-top-column elementor-element elementor-element-bcc02f8\" data-id=\"bcc02f8\" data-element_type=\"column\">\n\t\t\t<div class=\"elementor-widget-wrap elementor-element-populated\">\n\t\t\t\t\t\t<div class=\"elementor-element elementor-element-da346c3 elementor-invisible elementor-widget elementor-widget-text-editor\" data-id=\"da346c3\" data-element_type=\"widget\" data-settings=\"{&quot;_animation&quot;:&quot;fadeInDown&quot;}\" data-widget_type=\"text-editor.default\">\n\t\t\t\t<div class=\"elementor-widget-container\">\n\t\t\t\t\t\t\t\t\t<ul><li>Assurer le suivi des concours d&rsquo;inscription post-dipl\u00f4me.<\/li><li>Prendre ou proposer les mesures n\u00e9cessaires pour assurer le bon d\u00e9roulement des processus de formation post-stage et assurer le bon d\u00e9roulement de la discussion des notes et courriers post-stage.<\/li><li>Suivi des activit\u00e9s de recherche.<\/li><li>Initier des activit\u00e9s de partenariat avec les secteurs sociaux et \u00e9conomiques.<\/li><li>Initier des activit\u00e9s afin d&rsquo;activer et de consolider la coop\u00e9ration entre les universit\u00e9s nationales et internationales.<\/li><li>Mise en place de programmes pour am\u00e9liorer le niveau des enseignants et mettre \u00e0 jour leurs informations.<\/li><li>Assurer le suivi du conseil scientifique de l&rsquo;institut et conserver ses archives.<\/li><\/ul><p><strong>Il est assist\u00e9 de :<\/strong><\/p><ul><li>Responsable du service de suivi post-dipl\u00f4me.<\/li><li>Responsable de l&rsquo;Autorit\u00e9 de Suivi des Activit\u00e9s de Recherche.<\/li><li>Chef du D\u00e9partement de la coop\u00e9ration et des relations ext\u00e9rieures.<\/li><\/ul>\t\t\t\t\t\t\t\t<\/div>\n\t\t\t\t<\/div>\n\t\t\t\t\t<\/div>\n\t\t<\/div>\n\t\t\t\t\t<\/div>\n\t\t<\/section>\n\t\t\t\t<section class=\"elementor-section elementor-top-section elementor-element elementor-element-b7bd5e2 elementor-section-boxed elementor-section-height-default elementor-section-height-default wpr-particle-no wpr-jarallax-no wpr-parallax-no wpr-sticky-section-no\" data-id=\"b7bd5e2\" data-element_type=\"section\">\n\t\t\t\t\t\t<div class=\"elementor-container elementor-column-gap-default\">\n\t\t\t\t\t<div class=\"elementor-column elementor-col-100 elementor-top-column elementor-element elementor-element-5ba91eb\" data-id=\"5ba91eb\" data-element_type=\"column\">\n\t\t\t<div class=\"elementor-widget-wrap elementor-element-populated\">\n\t\t\t\t\t\t<div class=\"elementor-element elementor-element-7e0734c elementor-widget elementor-widget-heading\" data-id=\"7e0734c\" data-element_type=\"widget\" data-widget_type=\"heading.default\">\n\t\t\t\t<div class=\"elementor-widget-container\">\n\t\t\t\t\t<h2 class=\"elementor-heading-title elementor-size-default\">SCHOLARSHIP<\/h2>\t\t\t\t<\/div>\n\t\t\t\t<\/div>\n\t\t\t\t\t<\/div>\n\t\t<\/div>\n\t\t\t\t\t<\/div>\n\t\t<\/section>\n\t\t\t\t<section class=\"elementor-section elementor-top-section elementor-element elementor-element-4e982d2 elementor-section-boxed elementor-section-height-default elementor-section-height-default wpr-particle-no wpr-jarallax-no wpr-parallax-no wpr-sticky-section-no\" data-id=\"4e982d2\" data-element_type=\"section\">\n\t\t\t\t\t\t<div class=\"elementor-container elementor-column-gap-default\">\n\t\t\t\t\t<div class=\"elementor-column elementor-col-100 elementor-top-column elementor-element elementor-element-bfd260e\" data-id=\"bfd260e\" data-element_type=\"column\">\n\t\t\t<div class=\"elementor-widget-wrap elementor-element-populated\">\n\t\t\t\t\t\t<div class=\"elementor-element elementor-element-869e5e9 elementor-widget elementor-widget-image\" data-id=\"869e5e9\" data-element_type=\"widget\" data-widget_type=\"image.default\">\n\t\t\t\t<div class=\"elementor-widget-container\">\n\t\t\t\t\t\t\t\t\t\t\t\t\t\t\t<img decoding=\"async\" width=\"595\" height=\"663\" src=\"http:\/\/www.univ-dbkm.dz\/istaps1\/wp-content\/uploads\/2025\/04\/IMAGE-TURQUIE.png\" class=\"attachment-large size-large wp-image-5063\" alt=\"\" srcset=\"http:\/\/www.univ-dbkm.dz\/istaps1\/wp-content\/uploads\/2025\/04\/IMAGE-TURQUIE.png 595w, http:\/\/www.univ-dbkm.dz\/istaps1\/wp-content\/uploads\/2025\/04\/IMAGE-TURQUIE-269x300.png 269w\" sizes=\"(max-width: 595px) 100vw, 595px\" \/>\t\t\t\t\t\t\t\t\t\t\t\t\t\t\t<\/div>\n\t\t\t\t<\/div>\n\t\t\t\t\t<\/div>\n\t\t<\/div>\n\t\t\t\t\t<\/div>\n\t\t<\/section>\n\t\t\t\t<\/div>\n\t\t","protected":false},"excerpt":{"rendered":"<p>Sous-directeur en charge de la post-dipl\u00f4me, de la recherche scientifique et des relations ext\u00e9rieures Dr. Benhadj djillali Smail E Mail:\u00a0 s.ben-djilali@univ-dbkm.dz \u00a0Tel :\u00a0\u00a0\u00a0 ses missions Assurer le suivi des concours d&rsquo;inscription post-dipl\u00f4me. Prendre ou proposer les mesures n\u00e9cessaires pour assurer le bon d\u00e9roulement des processus de formation post-stage et assurer le bon d\u00e9roulement de la discussion des notes et courriers post-stage. Suivi des activit\u00e9s de recherche. Initier des activit\u00e9s de partenariat avec les secteurs sociaux et \u00e9conomiques. Initier des activit\u00e9s afin d&rsquo;activer et de consolider la coop\u00e9ration entre les universit\u00e9s nationales et internationales. Mise en place de programmes pour am\u00e9liorer le niveau des enseignants et mettre \u00e0 jour leurs informations. Assurer le suivi du conseil scientifique de l&rsquo;institut et conserver ses archives. Il est assist\u00e9 de : Responsable du service de suivi post-dipl\u00f4me. Responsable de l&rsquo;Autorit\u00e9 de Suivi des Activit\u00e9s de Recherche. Chef du D\u00e9partement de la coop\u00e9ration et des relations ext\u00e9rieures. SCHOLARSHIP<\/p>\n","protected":false},"author":1,"featured_media":0,"parent":0,"menu_order":0,"comment_status":"closed","ping_status":"closed","template":"","meta":{"site-sidebar-layout":"no-sidebar","site-content-layout":"page-builder","ast-global-header-display":"","ast-main-header-display":"","ast-hfb-above-header-display":"","ast-hfb-below-header-display":"","ast-hfb-mobile-header-display":"","site-post-title":"disabled","ast-breadcrumbs-content":"","ast-featured-img":"disabled","footer-sml-layout":"","theme-transparent-header-meta":"","adv-header-id-meta":"","stick-header-meta":"","header-above-stick-meta":"","header-main-stick-meta":"","header-below-stick-meta":"","footnotes":""},"class_list":["post-1897","page","type-page","status-publish","hentry"],"rttpg_featured_image_url":null,"rttpg_author":{"display_name":"istaps1","author_link":"http:\/\/www.univ-dbkm.dz\/istaps1\/author\/istaps1\/"},"rttpg_comment":0,"rttpg_category":" <a href=\"http:\/\/www.univ-dbkm.dz\/istaps1\/fr\/\" rel=\"tag\">Fran\u00e7ais<\/a>","rttpg_excerpt":"Sous-directeur en charge de la post-dipl\u00f4me, de la recherche scientifique et des relations ext\u00e9rieures Dr. Benhadj djillali Smail E Mail:\u00a0 s.ben-djilali@univ-dbkm.dz \u00a0Tel :\u00a0\u00a0\u00a0 ses missions Assurer le suivi des concours d&rsquo;inscription post-dipl\u00f4me. Prendre ou proposer les mesures n\u00e9cessaires pour assurer le bon d\u00e9roulement des processus de formation post-stage et assurer le bon d\u00e9roulement de la\u2026","_links":{"self":[{"href":"http:\/\/www.univ-dbkm.dz\/istaps1\/wp-json\/wp\/v2\/pages\/1897","targetHints":{"allow":["GET"]}}],"collection":[{"href":"http:\/\/www.univ-dbkm.dz\/istaps1\/wp-json\/wp\/v2\/pages"}],"about":[{"href":"http:\/\/www.univ-dbkm.dz\/istaps1\/wp-json\/wp\/v2\/types\/page"}],"author":[{"embeddable":true,"href":"http:\/\/www.univ-dbkm.dz\/istaps1\/wp-json\/wp\/v2\/users\/1"}],"replies":[{"embeddable":true,"href":"http:\/\/www.univ-dbkm.dz\/istaps1\/wp-json\/wp\/v2\/comments?post=1897"}],"version-history":[{"count":10,"href":"http:\/\/www.univ-dbkm.dz\/istaps1\/wp-json\/wp\/v2\/pages\/1897\/revisions"}],"predecessor-version":[{"id":5073,"href":"http:\/\/www.univ-dbkm.dz\/istaps1\/wp-json\/wp\/v2\/pages\/1897\/revisions\/5073"}],"wp:attachment":[{"href":"http:\/\/www.univ-dbkm.dz\/istaps1\/wp-json\/wp\/v2\/media?parent=1897"}],"curies":[{"name":"wp","href":"https:\/\/api.w.org\/{rel}","templated":true}]}}