{"id":4518,"date":"2025-03-16T14:06:55","date_gmt":"2025-03-16T11:06:55","guid":{"rendered":"http:\/\/www.univ-dbkm.dz\/istaps1\/?page_id=4518"},"modified":"2025-03-19T13:42:55","modified_gmt":"2025-03-19T10:42:55","slug":"activites-des-etudiants","status":"publish","type":"page","link":"http:\/\/www.univ-dbkm.dz\/istaps1\/fr\/activites-des-etudiants\/","title":{"rendered":"Activit\u00e9s des \u00e9tudiants"},"content":{"rendered":"\t\t<div data-elementor-type=\"wp-page\" data-elementor-id=\"4518\" class=\"elementor elementor-4518\">\n\t\t\t\t\t\t<section class=\"elementor-section elementor-top-section elementor-element elementor-element-62498a4b elementor-section-height-min-height elementor-section-boxed elementor-section-height-default elementor-section-items-middle wpr-particle-no wpr-jarallax-no wpr-parallax-no wpr-sticky-section-no\" data-id=\"62498a4b\" data-element_type=\"section\" data-settings=\"{&quot;background_background&quot;:&quot;classic&quot;}\">\n\t\t\t\t\t\t\t<div class=\"elementor-background-overlay\"><\/div>\n\t\t\t\t\t\t\t<div class=\"elementor-container elementor-column-gap-default\">\n\t\t\t\t\t<div class=\"elementor-column elementor-col-100 elementor-top-column elementor-element elementor-element-79a06606\" data-id=\"79a06606\" data-element_type=\"column\">\n\t\t\t<div class=\"elementor-widget-wrap elementor-element-populated\">\n\t\t\t\t\t\t<div class=\"elementor-element elementor-element-4259bea3 elementor-widget elementor-widget-heading\" data-id=\"4259bea3\" data-element_type=\"widget\" data-widget_type=\"heading.default\">\n\t\t\t\t<div class=\"elementor-widget-container\">\n\t\t\t\t\t<h1 class=\"elementor-heading-title elementor-size-default\">Activit\u00e9s des \u00e9tudiants\n<\/h1>\t\t\t\t<\/div>\n\t\t\t\t<\/div>\n\t\t\t\t\t<\/div>\n\t\t<\/div>\n\t\t\t\t\t<\/div>\n\t\t<\/section>\n\t\t\t\t<section class=\"elementor-section elementor-top-section elementor-element elementor-element-3898b4c3 elementor-section-boxed elementor-section-height-default elementor-section-height-default wpr-particle-no wpr-jarallax-no wpr-parallax-no wpr-sticky-section-no\" data-id=\"3898b4c3\" data-element_type=\"section\">\n\t\t\t\t\t\t<div class=\"elementor-container elementor-column-gap-default\">\n\t\t\t\t\t<div class=\"elementor-column elementor-col-100 elementor-top-column elementor-element elementor-element-4b0e583d\" data-id=\"4b0e583d\" data-element_type=\"column\">\n\t\t\t<div class=\"elementor-widget-wrap elementor-element-populated\">\n\t\t\t\t\t\t<div class=\"elementor-element elementor-element-40e5136a elementor-invisible elementor-widget elementor-widget-text-editor\" data-id=\"40e5136a\" data-element_type=\"widget\" data-settings=\"{&quot;_animation&quot;:&quot;fadeInDown&quot;}\" data-widget_type=\"text-editor.default\">\n\t\t\t\t<div class=\"elementor-widget-container\">\n\t\t\t\t\t\t\t\t\t<div id=\"content\" class=\"site-content\"><div class=\"ast-container\"><div id=\"primary\" class=\"content-area primary\"><div class=\"elementor-element elementor-element-368e96 elementor-widget elementor-widget-heading\" data-id=\"368e96\" data-element_type=\"widget\" data-widget_type=\"heading.default\"><div class=\"elementor-widget-container\"><div class=\"elementor-element elementor-element-368e96 elementor-widget elementor-widget-heading\" data-id=\"368e96\" data-element_type=\"widget\" data-widget_type=\"heading.default\"><div class=\"elementor-widget-container\"><h1 class=\"elementor-heading-title elementor-size-default\" style=\"text-align: center;\">Pour consulter les activit\u00e9s des \u00e9tudiants de l&rsquo;Universit\u00e9 Djilali Bounaama Khemis Miliana<\/h1><\/div><\/div><div class=\"elementor-widget-container\"><div class=\"elementor-button-wrapper\" style=\"text-align: center;\"><a class=\"elementor-button elementor-button-link elementor-size-sm\" href=\"http:\/\/relex.univ-dbkm.dz\/fr\/activites-2\/\"><span class=\"elementor-button-content-wrapper\"><span class=\"elementor-button-text\">Cliquez ici<\/span><\/span><\/a><\/div><\/div><\/div><\/div><div class=\"elementor-element elementor-element-64e7d194 elementor-align-center elementor-widget elementor-widget-button animated fadeIn\" data-id=\"64e7d194\" data-element_type=\"widget\" data-settings=\"{&quot;_animation&quot;:&quot;fadeIn&quot;}\" data-widget_type=\"button.default\"><h1 class=\"elementor-widget-container\" style=\"text-align: center;\">\u00a0<\/h1><\/div><\/div><\/div><\/div>\t\t\t\t\t\t\t\t<\/div>\n\t\t\t\t<\/div>\n\t\t\t\t\t<\/div>\n\t\t<\/div>\n\t\t\t\t\t<\/div>\n\t\t<\/section>\n\t\t\t\t<section class=\"elementor-section elementor-top-section elementor-element elementor-element-5f87fe7 elementor-section-full_width elementor-section-height-default elementor-section-height-default wpr-particle-no wpr-jarallax-no wpr-parallax-no wpr-sticky-section-no\" data-id=\"5f87fe7\" data-element_type=\"section\">\n\t\t\t\t\t\t<div class=\"elementor-container elementor-column-gap-default\">\n\t\t\t\t\t<div class=\"elementor-column elementor-col-100 elementor-top-column elementor-element elementor-element-7c8ba17\" data-id=\"7c8ba17\" data-element_type=\"column\">\n\t\t\t<div class=\"elementor-widget-wrap elementor-element-populated\">\n\t\t\t\t\t\t<div class=\"elementor-element elementor-element-7b4ce7de elementor-widget-divider--view-line elementor-widget elementor-widget-divider\" data-id=\"7b4ce7de\" data-element_type=\"widget\" data-widget_type=\"divider.default\">\n\t\t\t\t<div class=\"elementor-widget-container\">\n\t\t\t\t\t\t\t<div class=\"elementor-divider\">\n\t\t\t<span class=\"elementor-divider-separator\">\n\t\t\t\t\t\t<\/span>\n\t\t<\/div>\n\t\t\t\t\t\t<\/div>\n\t\t\t\t<\/div>\n\t\t\t\t\t<\/div>\n\t\t<\/div>\n\t\t\t\t\t<\/div>\n\t\t<\/section>\n\t\t\t\t<section class=\"elementor-section elementor-top-section elementor-element elementor-element-6dc3a4c elementor-section-boxed elementor-section-height-default elementor-section-height-default wpr-particle-no wpr-jarallax-no wpr-parallax-no wpr-sticky-section-no\" data-id=\"6dc3a4c\" data-element_type=\"section\">\n\t\t\t\t\t\t<div class=\"elementor-container elementor-column-gap-default\">\n\t\t\t\t\t<div class=\"elementor-column elementor-col-100 elementor-top-column elementor-element elementor-element-d051701\" data-id=\"d051701\" data-element_type=\"column\">\n\t\t\t<div class=\"elementor-widget-wrap elementor-element-populated\">\n\t\t\t\t\t\t<section class=\"elementor-section elementor-inner-section elementor-element elementor-element-f610003 elementor-section-boxed elementor-section-height-default elementor-section-height-default wpr-particle-no wpr-jarallax-no wpr-parallax-no wpr-sticky-section-no\" data-id=\"f610003\" data-element_type=\"section\">\n\t\t\t\t\t\t<div class=\"elementor-container elementor-column-gap-default\">\n\t\t\t\t\t<div class=\"elementor-column elementor-col-50 elementor-inner-column elementor-element elementor-element-8b0057e\" data-id=\"8b0057e\" data-element_type=\"column\">\n\t\t\t<div class=\"elementor-widget-wrap elementor-element-populated\">\n\t\t\t\t\t\t<div class=\"elementor-element elementor-element-0ef3e18 elementor-widget elementor-widget-image\" data-id=\"0ef3e18\" data-element_type=\"widget\" data-widget_type=\"image.default\">\n\t\t\t\t<div class=\"elementor-widget-container\">\n\t\t\t\t\t\t\t\t\t\t\t\t\t\t\t<img fetchpriority=\"high\" decoding=\"async\" width=\"1024\" height=\"536\" src=\"http:\/\/www.univ-dbkm.dz\/istaps1\/wp-content\/uploads\/2025\/03\/\u0645\u0635\u0631-5-1024x536.jpg\" class=\"attachment-large size-large wp-image-4826\" alt=\"\" srcset=\"http:\/\/www.univ-dbkm.dz\/istaps1\/wp-content\/uploads\/2025\/03\/\u0645\u0635\u0631-5-1024x536.jpg 1024w, http:\/\/www.univ-dbkm.dz\/istaps1\/wp-content\/uploads\/2025\/03\/\u0645\u0635\u0631-5-300x157.jpg 300w, http:\/\/www.univ-dbkm.dz\/istaps1\/wp-content\/uploads\/2025\/03\/\u0645\u0635\u0631-5-768x402.jpg 768w, http:\/\/www.univ-dbkm.dz\/istaps1\/wp-content\/uploads\/2025\/03\/\u0645\u0635\u0631-5-1536x803.jpg 1536w, http:\/\/www.univ-dbkm.dz\/istaps1\/wp-content\/uploads\/2025\/03\/\u0645\u0635\u0631-5.jpg 2048w\" sizes=\"(max-width: 1024px) 100vw, 1024px\" \/>\t\t\t\t\t\t\t\t\t\t\t\t\t\t\t<\/div>\n\t\t\t\t<\/div>\n\t\t\t\t<div class=\"elementor-element elementor-element-45dd4b0 elementor-widget elementor-widget-image\" data-id=\"45dd4b0\" data-element_type=\"widget\" data-widget_type=\"image.default\">\n\t\t\t\t<div class=\"elementor-widget-container\">\n\t\t\t\t\t\t\t\t\t\t\t\t\t\t\t<img decoding=\"async\" width=\"461\" height=\"1024\" src=\"http:\/\/www.univ-dbkm.dz\/istaps1\/wp-content\/uploads\/2025\/03\/\u0645\u0635\u0631-4-461x1024.jpg\" class=\"attachment-large size-large wp-image-4827\" alt=\"\" srcset=\"http:\/\/www.univ-dbkm.dz\/istaps1\/wp-content\/uploads\/2025\/03\/\u0645\u0635\u0631-4-461x1024.jpg 461w, http:\/\/www.univ-dbkm.dz\/istaps1\/wp-content\/uploads\/2025\/03\/\u0645\u0635\u0631-4-135x300.jpg 135w, http:\/\/www.univ-dbkm.dz\/istaps1\/wp-content\/uploads\/2025\/03\/\u0645\u0635\u0631-4-768x1708.jpg 768w, http:\/\/www.univ-dbkm.dz\/istaps1\/wp-content\/uploads\/2025\/03\/\u0645\u0635\u0631-4-691x1536.jpg 691w, http:\/\/www.univ-dbkm.dz\/istaps1\/wp-content\/uploads\/2025\/03\/\u0645\u0635\u0631-4.jpg 921w\" sizes=\"(max-width: 461px) 100vw, 461px\" \/>\t\t\t\t\t\t\t\t\t\t\t\t\t\t\t<\/div>\n\t\t\t\t<\/div>\n\t\t\t\t\t<\/div>\n\t\t<\/div>\n\t\t\t\t<div class=\"elementor-column elementor-col-50 elementor-inner-column elementor-element elementor-element-04e2265\" data-id=\"04e2265\" data-element_type=\"column\">\n\t\t\t<div class=\"elementor-widget-wrap elementor-element-populated\">\n\t\t\t\t\t\t<div class=\"elementor-element elementor-element-c52c4f1 elementor-widget elementor-widget-image\" data-id=\"c52c4f1\" data-element_type=\"widget\" data-widget_type=\"image.default\">\n\t\t\t\t<div class=\"elementor-widget-container\">\n\t\t\t\t\t\t\t\t\t\t\t\t\t\t\t<img decoding=\"async\" width=\"600\" height=\"450\" src=\"http:\/\/www.univ-dbkm.dz\/istaps1\/wp-content\/uploads\/2025\/03\/\u0645\u0635\u0631-2.jpg\" class=\"attachment-large size-large wp-image-4828\" alt=\"\" srcset=\"http:\/\/www.univ-dbkm.dz\/istaps1\/wp-content\/uploads\/2025\/03\/\u0645\u0635\u0631-2.jpg 600w, http:\/\/www.univ-dbkm.dz\/istaps1\/wp-content\/uploads\/2025\/03\/\u0645\u0635\u0631-2-300x225.jpg 300w\" sizes=\"(max-width: 600px) 100vw, 600px\" \/>\t\t\t\t\t\t\t\t\t\t\t\t\t\t\t<\/div>\n\t\t\t\t<\/div>\n\t\t\t\t<div class=\"elementor-element elementor-element-b6e9d66 elementor-widget elementor-widget-image\" data-id=\"b6e9d66\" data-element_type=\"widget\" data-widget_type=\"image.default\">\n\t\t\t\t<div class=\"elementor-widget-container\">\n\t\t\t\t\t\t\t\t\t\t\t\t\t\t\t<img loading=\"lazy\" decoding=\"async\" width=\"600\" height=\"314\" src=\"http:\/\/www.univ-dbkm.dz\/istaps1\/wp-content\/uploads\/2025\/03\/\u0645\u0635\u0631-1.jpg\" class=\"attachment-large size-large wp-image-4829\" alt=\"\" srcset=\"http:\/\/www.univ-dbkm.dz\/istaps1\/wp-content\/uploads\/2025\/03\/\u0645\u0635\u0631-1.jpg 600w, http:\/\/www.univ-dbkm.dz\/istaps1\/wp-content\/uploads\/2025\/03\/\u0645\u0635\u0631-1-300x157.jpg 300w\" sizes=\"(max-width: 600px) 100vw, 600px\" \/>\t\t\t\t\t\t\t\t\t\t\t\t\t\t\t<\/div>\n\t\t\t\t<\/div>\n\t\t\t\t\t<\/div>\n\t\t<\/div>\n\t\t\t\t\t<\/div>\n\t\t<\/section>\n\t\t\t\t\t<\/div>\n\t\t<\/div>\n\t\t\t\t\t<\/div>\n\t\t<\/section>\n\t\t\t\t<\/div>\n\t\t","protected":false},"excerpt":{"rendered":"<p>Activit\u00e9s des \u00e9tudiants Pour consulter les activit\u00e9s des \u00e9tudiants de l&rsquo;Universit\u00e9 Djilali Bounaama Khemis Miliana Cliquez ici \u00a0<\/p>\n","protected":false},"author":1,"featured_media":0,"parent":0,"menu_order":0,"comment_status":"closed","ping_status":"closed","template":"","meta":{"site-sidebar-layout":"no-sidebar","site-content-layout":"page-builder","ast-global-header-display":"","ast-main-header-display":"","ast-hfb-above-header-display":"","ast-hfb-below-header-display":"","ast-hfb-mobile-header-display":"","site-post-title":"disabled","ast-breadcrumbs-content":"","ast-featured-img":"disabled","footer-sml-layout":"","theme-transparent-header-meta":"","adv-header-id-meta":"","stick-header-meta":"","header-above-stick-meta":"","header-main-stick-meta":"","header-below-stick-meta":"","footnotes":""},"class_list":["post-4518","page","type-page","status-publish","hentry"],"rttpg_featured_image_url":null,"rttpg_author":{"display_name":"istaps1","author_link":"http:\/\/www.univ-dbkm.dz\/istaps1\/author\/istaps1\/"},"rttpg_comment":0,"rttpg_category":" <a href=\"http:\/\/www.univ-dbkm.dz\/istaps1\/fr\/\" rel=\"tag\">Fran\u00e7ais<\/a>","rttpg_excerpt":"Activit\u00e9s des \u00e9tudiants Pour consulter les activit\u00e9s des \u00e9tudiants de l&rsquo;Universit\u00e9 Djilali Bounaama Khemis Miliana Cliquez ici \u00a0","_links":{"self":[{"href":"http:\/\/www.univ-dbkm.dz\/istaps1\/wp-json\/wp\/v2\/pages\/4518","targetHints":{"allow":["GET"]}}],"collection":[{"href":"http:\/\/www.univ-dbkm.dz\/istaps1\/wp-json\/wp\/v2\/pages"}],"about":[{"href":"http:\/\/www.univ-dbkm.dz\/istaps1\/wp-json\/wp\/v2\/types\/page"}],"author":[{"embeddable":true,"href":"http:\/\/www.univ-dbkm.dz\/istaps1\/wp-json\/wp\/v2\/users\/1"}],"replies":[{"embeddable":true,"href":"http:\/\/www.univ-dbkm.dz\/istaps1\/wp-json\/wp\/v2\/comments?post=4518"}],"version-history":[{"count":7,"href":"http:\/\/www.univ-dbkm.dz\/istaps1\/wp-json\/wp\/v2\/pages\/4518\/revisions"}],"predecessor-version":[{"id":4838,"href":"http:\/\/www.univ-dbkm.dz\/istaps1\/wp-json\/wp\/v2\/pages\/4518\/revisions\/4838"}],"wp:attachment":[{"href":"http:\/\/www.univ-dbkm.dz\/istaps1\/wp-json\/wp\/v2\/media?parent=4518"}],"curies":[{"name":"wp","href":"https:\/\/api.w.org\/{rel}","templated":true}]}}