{"id":4532,"date":"2025-03-16T14:14:57","date_gmt":"2025-03-16T11:14:57","guid":{"rendered":"http:\/\/www.univ-dbkm.dz\/istaps1\/?page_id=4532"},"modified":"2025-03-19T13:47:55","modified_gmt":"2025-03-19T10:47:55","slug":"bureau-dimpression-pour-les-etudiants-internationaux","status":"publish","type":"page","link":"http:\/\/www.univ-dbkm.dz\/istaps1\/fr\/bureau-dimpression-pour-les-etudiants-internationaux\/","title":{"rendered":"Bureau d&rsquo;impression pour les \u00e9tudiants internationaux"},"content":{"rendered":"\t\t<div data-elementor-type=\"wp-page\" data-elementor-id=\"4532\" class=\"elementor elementor-4532\">\n\t\t\t\t\t\t<section class=\"elementor-section elementor-top-section elementor-element elementor-element-61101a00 elementor-section-height-min-height elementor-section-boxed elementor-section-height-default elementor-section-items-middle wpr-particle-no wpr-jarallax-no wpr-parallax-no wpr-sticky-section-no\" data-id=\"61101a00\" data-element_type=\"section\" data-settings=\"{&quot;background_background&quot;:&quot;classic&quot;}\">\n\t\t\t\t\t\t\t<div class=\"elementor-background-overlay\"><\/div>\n\t\t\t\t\t\t\t<div class=\"elementor-container elementor-column-gap-default\">\n\t\t\t\t\t<div class=\"elementor-column elementor-col-100 elementor-top-column elementor-element elementor-element-35c14f7a\" data-id=\"35c14f7a\" data-element_type=\"column\">\n\t\t\t<div class=\"elementor-widget-wrap elementor-element-populated\">\n\t\t\t\t\t\t<div class=\"elementor-element elementor-element-59ec104a elementor-widget elementor-widget-heading\" data-id=\"59ec104a\" data-element_type=\"widget\" data-widget_type=\"heading.default\">\n\t\t\t\t<div class=\"elementor-widget-container\">\n\t\t\t\t\t<h1 class=\"elementor-heading-title elementor-size-default\">Bureau d'impression pour les \u00e9tudiants internationaux<\/h1>\t\t\t\t<\/div>\n\t\t\t\t<\/div>\n\t\t\t\t\t<\/div>\n\t\t<\/div>\n\t\t\t\t\t<\/div>\n\t\t<\/section>\n\t\t\t\t<section class=\"elementor-section elementor-top-section elementor-element elementor-element-46245dc elementor-section-boxed elementor-section-height-default elementor-section-height-default wpr-particle-no wpr-jarallax-no wpr-parallax-no wpr-sticky-section-no\" data-id=\"46245dc\" data-element_type=\"section\">\n\t\t\t\t\t\t<div class=\"elementor-container elementor-column-gap-default\">\n\t\t\t\t\t<div class=\"elementor-column elementor-col-100 elementor-top-column elementor-element elementor-element-35c2fca\" data-id=\"35c2fca\" data-element_type=\"column\">\n\t\t\t<div class=\"elementor-widget-wrap elementor-element-populated\">\n\t\t\t\t\t\t<div class=\"elementor-element elementor-element-70293e06 elementor-invisible elementor-widget elementor-widget-heading\" data-id=\"70293e06\" data-element_type=\"widget\" data-settings=\"{&quot;_animation&quot;:&quot;fadeInDown&quot;}\" data-widget_type=\"heading.default\">\n\t\t\t\t<div class=\"elementor-widget-container\">\n\t\t\t\t\t<h2 class=\"elementor-heading-title elementor-size-default\">Bureau d'impression pour les \u00e9tudiants internationaux<\/h2>\t\t\t\t<\/div>\n\t\t\t\t<\/div>\n\t\t\t\t\t<\/div>\n\t\t<\/div>\n\t\t\t\t\t<\/div>\n\t\t<\/section>\n\t\t\t\t<section class=\"elementor-section elementor-top-section elementor-element elementor-element-78b68402 elementor-section-boxed elementor-section-height-default elementor-section-height-default wpr-particle-no wpr-jarallax-no wpr-parallax-no wpr-sticky-section-no\" data-id=\"78b68402\" data-element_type=\"section\">\n\t\t\t\t\t\t<div class=\"elementor-container elementor-column-gap-default\">\n\t\t\t\t\t<div class=\"elementor-column elementor-col-100 elementor-top-column elementor-element elementor-element-2720343e\" data-id=\"2720343e\" data-element_type=\"column\">\n\t\t\t<div class=\"elementor-widget-wrap elementor-element-populated\">\n\t\t\t\t\t\t<div class=\"elementor-element elementor-element-5cbf6c8e elementor-invisible elementor-widget elementor-widget-text-editor\" data-id=\"5cbf6c8e\" data-element_type=\"widget\" data-settings=\"{&quot;_animation&quot;:&quot;fadeInDown&quot;}\" data-widget_type=\"text-editor.default\">\n\t\t\t\t<div class=\"elementor-widget-container\">\n\t\t\t\t\t\t\t\t\t<p>\u00c9tudiants internationaux, le Bureau des \u00e9tudiants \u00e9trangers de la ISTAPS vous assiste \u00e0 distance pour faciliter vos d\u00e9marches administratives et votre int\u00e9gration \u00e0 l\u2019Universit\u00e9 de Khemis Miliana. Pour toute demande d\u2019information, veuillez contacter le\u00a0Bureau des \u00e9tudiants \u00e9trangers\u00a0par e-mail :\u00a0<b style=\"font-style: inherit; text-align: center; background-color: var(--ast-global-color-5); color: var(--ast-global-color-3);\"><span dir=\"LTR\" style=\"font-family: 'Arial',sans-serif; color: #62615c;\">pgrs.staps@univ-dbkm.dz<\/span><\/b><\/p><p dir=\"RTL\" style=\"margin: 0cm; text-align: center; background-image: initial; background-position: initial; background-size: initial; background-repeat: initial; background-attachment: initial; background-origin: initial; background-clip: initial; direction: rtl; unicode-bidi: embed;\" align=\"center\">\u00a0<\/p><p>Documents \u00e0 fournir au\u00a0Bureau des \u00e9tudiants \u00e9trangers\u00a0\u00e0 votre arriv\u00e9e<\/p><p>\u2013 Formulaire d\u2019inscription disponible ici<\/p><p>\u2013 Lettre d\u2019acceptation.<\/p><p>\u2013 Dipl\u00f4me du Baccalaur\u00e9at ou son \u00e9quivalent : copie et traduction l\u00e9galis\u00e9e.<\/p><p>\u2013 La documentation requise pour l\u2019acc\u00e8s \u00e0 un programme d\u2019\u00e9tudes comprend une copie du dipl\u00f4me de baccalaur\u00e9at et du dipl\u00f4me de ma\u00eetrise (le cas \u00e9ch\u00e9ant) du candidat, ou leur \u00e9quivalent, ainsi qu\u2019une traduction l\u00e9galement certifi\u00e9e.<\/p><p>\u2013 Dossiers acad\u00e9miques : copie et traduction l\u00e9galement certifi\u00e9e des \u00e9tudes termin\u00e9es.<\/p><p>\u2013 Acte de naissance \u2013 copie et traduction l\u00e9galis\u00e9e.<\/p><p>\u2013 Copie du passeport : valable au moins 6 mois.<\/p><p>\u2013 Copie de la carte d\u2019assur\u00e9 (Assurance maladie)<\/p><p>\u2013 2 photographies<\/p>\t\t\t\t\t\t\t\t<\/div>\n\t\t\t\t<\/div>\n\t\t\t\t<section class=\"elementor-section elementor-inner-section elementor-element elementor-element-aa8cce0 elementor-section-boxed elementor-section-height-default elementor-section-height-default wpr-particle-no wpr-jarallax-no wpr-parallax-no wpr-sticky-section-no\" data-id=\"aa8cce0\" data-element_type=\"section\">\n\t\t\t\t\t\t<div class=\"elementor-container elementor-column-gap-default\">\n\t\t\t\t\t<div class=\"elementor-column elementor-col-50 elementor-inner-column elementor-element elementor-element-94c00a3\" data-id=\"94c00a3\" data-element_type=\"column\">\n\t\t\t<div class=\"elementor-widget-wrap elementor-element-populated\">\n\t\t\t\t\t\t<div class=\"elementor-element elementor-element-847a3f6 elementor-widget elementor-widget-image\" data-id=\"847a3f6\" data-element_type=\"widget\" data-widget_type=\"image.default\">\n\t\t\t\t<div class=\"elementor-widget-container\">\n\t\t\t\t\t\t\t\t\t\t\t\t\t\t\t<img decoding=\"async\" width=\"232\" height=\"205\" src=\"http:\/\/www.univ-dbkm.dz\/istaps1\/wp-content\/uploads\/2025\/03\/TIRAGE-1.png\" class=\"attachment-large size-large wp-image-4843\" alt=\"\" \/>\t\t\t\t\t\t\t\t\t\t\t\t\t\t\t<\/div>\n\t\t\t\t<\/div>\n\t\t\t\t\t<\/div>\n\t\t<\/div>\n\t\t\t\t<div class=\"elementor-column elementor-col-50 elementor-inner-column elementor-element elementor-element-c770963\" data-id=\"c770963\" data-element_type=\"column\">\n\t\t\t<div class=\"elementor-widget-wrap elementor-element-populated\">\n\t\t\t\t\t\t<div class=\"elementor-element elementor-element-80cf35e elementor-widget elementor-widget-image\" data-id=\"80cf35e\" data-element_type=\"widget\" data-widget_type=\"image.default\">\n\t\t\t\t<div class=\"elementor-widget-container\">\n\t\t\t\t\t\t\t\t\t\t\t\t\t\t\t<img fetchpriority=\"high\" decoding=\"async\" width=\"768\" height=\"1024\" src=\"http:\/\/www.univ-dbkm.dz\/istaps1\/wp-content\/uploads\/2025\/03\/20250318_104242-2-768x1024.jpg\" class=\"attachment-large size-large wp-image-4670\" alt=\"\" srcset=\"http:\/\/www.univ-dbkm.dz\/istaps1\/wp-content\/uploads\/2025\/03\/20250318_104242-2-768x1024.jpg 768w, http:\/\/www.univ-dbkm.dz\/istaps1\/wp-content\/uploads\/2025\/03\/20250318_104242-2-225x300.jpg 225w, http:\/\/www.univ-dbkm.dz\/istaps1\/wp-content\/uploads\/2025\/03\/20250318_104242-2-1152x1536.jpg 1152w, http:\/\/www.univ-dbkm.dz\/istaps1\/wp-content\/uploads\/2025\/03\/20250318_104242-2-1536x2048.jpg 1536w, http:\/\/www.univ-dbkm.dz\/istaps1\/wp-content\/uploads\/2025\/03\/20250318_104242-2-scaled.jpg 1920w\" sizes=\"(max-width: 768px) 100vw, 768px\" \/>\t\t\t\t\t\t\t\t\t\t\t\t\t\t\t<\/div>\n\t\t\t\t<\/div>\n\t\t\t\t\t<\/div>\n\t\t<\/div>\n\t\t\t\t\t<\/div>\n\t\t<\/section>\n\t\t\t\t\t<\/div>\n\t\t<\/div>\n\t\t\t\t\t<\/div>\n\t\t<\/section>\n\t\t\t\t<section class=\"elementor-section elementor-top-section elementor-element elementor-element-613f19ed elementor-section-full_width elementor-section-height-default elementor-section-height-default wpr-particle-no wpr-jarallax-no wpr-parallax-no wpr-sticky-section-no\" data-id=\"613f19ed\" data-element_type=\"section\">\n\t\t\t\t\t\t<div class=\"elementor-container elementor-column-gap-default\">\n\t\t\t\t\t<div class=\"elementor-column elementor-col-100 elementor-top-column elementor-element elementor-element-3da2a3d5\" data-id=\"3da2a3d5\" data-element_type=\"column\">\n\t\t\t<div class=\"elementor-widget-wrap elementor-element-populated\">\n\t\t\t\t\t\t<div class=\"elementor-element elementor-element-56d47ce6 elementor-widget-divider--view-line elementor-widget elementor-widget-divider\" data-id=\"56d47ce6\" data-element_type=\"widget\" data-widget_type=\"divider.default\">\n\t\t\t\t<div class=\"elementor-widget-container\">\n\t\t\t\t\t\t\t<div class=\"elementor-divider\">\n\t\t\t<span class=\"elementor-divider-separator\">\n\t\t\t\t\t\t<\/span>\n\t\t<\/div>\n\t\t\t\t\t\t<\/div>\n\t\t\t\t<\/div>\n\t\t\t\t\t<\/div>\n\t\t<\/div>\n\t\t\t\t\t<\/div>\n\t\t<\/section>\n\t\t\t\t<\/div>\n\t\t","protected":false},"excerpt":{"rendered":"<p>Bureau d&rsquo;impression pour les \u00e9tudiants internationaux Bureau d&rsquo;impression pour les \u00e9tudiants internationaux \u00c9tudiants internationaux, le Bureau des \u00e9tudiants \u00e9trangers de la ISTAPS vous assiste \u00e0 distance pour faciliter vos d\u00e9marches administratives et votre int\u00e9gration \u00e0 l\u2019Universit\u00e9 de Khemis Miliana. Pour toute demande d\u2019information, veuillez contacter le\u00a0Bureau des \u00e9tudiants \u00e9trangers\u00a0par e-mail :\u00a0pgrs.staps@univ-dbkm.dz \u00a0 Documents \u00e0 fournir au\u00a0Bureau des \u00e9tudiants \u00e9trangers\u00a0\u00e0 votre arriv\u00e9e \u2013 Formulaire d\u2019inscription disponible ici \u2013 Lettre d\u2019acceptation. \u2013 Dipl\u00f4me du Baccalaur\u00e9at ou son \u00e9quivalent : copie et traduction l\u00e9galis\u00e9e. \u2013 La documentation requise pour l\u2019acc\u00e8s \u00e0 un programme d\u2019\u00e9tudes comprend une copie du dipl\u00f4me de baccalaur\u00e9at et du dipl\u00f4me de ma\u00eetrise (le cas \u00e9ch\u00e9ant) du candidat, ou leur \u00e9quivalent, ainsi qu\u2019une traduction l\u00e9galement certifi\u00e9e. \u2013 Dossiers acad\u00e9miques : copie et traduction l\u00e9galement certifi\u00e9e des \u00e9tudes termin\u00e9es. \u2013 Acte de naissance \u2013 copie et traduction l\u00e9galis\u00e9e. \u2013 Copie du passeport : valable au moins 6 mois. \u2013 Copie de la carte d\u2019assur\u00e9 (Assurance maladie) \u2013 2 photographies<\/p>\n","protected":false},"author":1,"featured_media":0,"parent":0,"menu_order":0,"comment_status":"closed","ping_status":"closed","template":"","meta":{"site-sidebar-layout":"no-sidebar","site-content-layout":"page-builder","ast-global-header-display":"","ast-main-header-display":"","ast-hfb-above-header-display":"","ast-hfb-below-header-display":"","ast-hfb-mobile-header-display":"","site-post-title":"disabled","ast-breadcrumbs-content":"","ast-featured-img":"disabled","footer-sml-layout":"","theme-transparent-header-meta":"","adv-header-id-meta":"","stick-header-meta":"","header-above-stick-meta":"","header-main-stick-meta":"","header-below-stick-meta":"","footnotes":""},"class_list":["post-4532","page","type-page","status-publish","hentry"],"rttpg_featured_image_url":null,"rttpg_author":{"display_name":"istaps1","author_link":"http:\/\/www.univ-dbkm.dz\/istaps1\/author\/istaps1\/"},"rttpg_comment":0,"rttpg_category":" <a href=\"http:\/\/www.univ-dbkm.dz\/istaps1\/fr\/\" rel=\"tag\">Fran\u00e7ais<\/a>","rttpg_excerpt":"Bureau d&rsquo;impression pour les \u00e9tudiants internationaux Bureau d&rsquo;impression pour les \u00e9tudiants internationaux \u00c9tudiants internationaux, le Bureau des \u00e9tudiants \u00e9trangers de la ISTAPS vous assiste \u00e0 distance pour faciliter vos d\u00e9marches administratives et votre int\u00e9gration \u00e0 l\u2019Universit\u00e9 de Khemis Miliana. Pour toute demande d\u2019information, veuillez contacter le\u00a0Bureau des \u00e9tudiants \u00e9trangers\u00a0par e-mail :\u00a0pgrs.staps@univ-dbkm.dz \u00a0 Documents \u00e0 fournir\u2026","_links":{"self":[{"href":"http:\/\/www.univ-dbkm.dz\/istaps1\/wp-json\/wp\/v2\/pages\/4532","targetHints":{"allow":["GET"]}}],"collection":[{"href":"http:\/\/www.univ-dbkm.dz\/istaps1\/wp-json\/wp\/v2\/pages"}],"about":[{"href":"http:\/\/www.univ-dbkm.dz\/istaps1\/wp-json\/wp\/v2\/types\/page"}],"author":[{"embeddable":true,"href":"http:\/\/www.univ-dbkm.dz\/istaps1\/wp-json\/wp\/v2\/users\/1"}],"replies":[{"embeddable":true,"href":"http:\/\/www.univ-dbkm.dz\/istaps1\/wp-json\/wp\/v2\/comments?post=4532"}],"version-history":[{"count":10,"href":"http:\/\/www.univ-dbkm.dz\/istaps1\/wp-json\/wp\/v2\/pages\/4532\/revisions"}],"predecessor-version":[{"id":4849,"href":"http:\/\/www.univ-dbkm.dz\/istaps1\/wp-json\/wp\/v2\/pages\/4532\/revisions\/4849"}],"wp:attachment":[{"href":"http:\/\/www.univ-dbkm.dz\/istaps1\/wp-json\/wp\/v2\/media?parent=4532"}],"curies":[{"name":"wp","href":"https:\/\/api.w.org\/{rel}","templated":true}]}}