{"id":4928,"date":"2025-03-20T13:03:21","date_gmt":"2025-03-20T10:03:21","guid":{"rendered":"http:\/\/www.univ-dbkm.dz\/istaps1\/?page_id=4928"},"modified":"2025-03-20T13:03:23","modified_gmt":"2025-03-20T10:03:23","slug":"departement-dactivite-physique-sportive-educative","status":"publish","type":"page","link":"http:\/\/www.univ-dbkm.dz\/istaps1\/fr\/departement-dactivite-physique-sportive-educative\/","title":{"rendered":"D\u00e9partement d&rsquo;activit\u00e9 physique sportive \u00e9ducative"},"content":{"rendered":"\t\t<div data-elementor-type=\"wp-page\" data-elementor-id=\"4928\" class=\"elementor elementor-4928\">\n\t\t\t\t\t\t<section class=\"elementor-section elementor-top-section elementor-element elementor-element-3d900d1b elementor-section-boxed elementor-section-height-default elementor-section-height-default wpr-particle-no wpr-jarallax-no wpr-parallax-no wpr-sticky-section-no\" data-id=\"3d900d1b\" data-element_type=\"section\">\n\t\t\t\t\t\t<div class=\"elementor-container elementor-column-gap-default\">\n\t\t\t\t\t<div class=\"elementor-column elementor-col-100 elementor-top-column elementor-element elementor-element-183c44cc\" data-id=\"183c44cc\" data-element_type=\"column\">\n\t\t\t<div class=\"elementor-widget-wrap elementor-element-populated\">\n\t\t\t\t\t\t<div class=\"elementor-element elementor-element-6c7628fa elementor-invisible elementor-widget elementor-widget-heading\" data-id=\"6c7628fa\" data-element_type=\"widget\" data-settings=\"{&quot;_animation&quot;:&quot;fadeInDown&quot;}\" data-widget_type=\"heading.default\">\n\t\t\t\t<div class=\"elementor-widget-container\">\n\t\t\t\t\t<h2 class=\"elementor-heading-title elementor-size-default\">\u0642\u0633\u0645 \u0627\u0644\u0646\u0634\u0627\u0637 \u0627\u0644\u0628\u062f\u0646\u064a \u0627\u0644\u0631\u064a\u0627\u0636\u064a \u0627\u0644\u062a\u0631\u0628\u0648\u064a<\/h2>\t\t\t\t<\/div>\n\t\t\t\t<\/div>\n\t\t\t\t\t<\/div>\n\t\t<\/div>\n\t\t\t\t\t<\/div>\n\t\t<\/section>\n\t\t\t\t<section class=\"elementor-section elementor-top-section elementor-element elementor-element-3f73a75b elementor-section-boxed elementor-section-height-default elementor-section-height-default wpr-particle-no wpr-jarallax-no wpr-parallax-no wpr-sticky-section-no\" data-id=\"3f73a75b\" data-element_type=\"section\">\n\t\t\t\t\t\t<div class=\"elementor-container elementor-column-gap-default\">\n\t\t\t\t\t<div class=\"elementor-column elementor-col-50 elementor-top-column elementor-element elementor-element-25cd320\" data-id=\"25cd320\" data-element_type=\"column\">\n\t\t\t<div class=\"elementor-widget-wrap elementor-element-populated\">\n\t\t\t\t\t\t<div class=\"elementor-element elementor-element-5bf490fe elementor-widget elementor-widget-text-editor\" data-id=\"5bf490fe\" data-element_type=\"widget\" data-widget_type=\"text-editor.default\">\n\t\t\t\t<div class=\"elementor-widget-container\">\n\t\t\t\t\t\t\t\t\t<h2>\u00a0\u062f.\u062d\u0631\u064a\u0632\u064a \u0639\u0628\u062f \u0627\u0644\u0646\u0648\u0631<\/h2><h2>\u0627\u0644\u0628\u0631\u064a\u062f \u0627\u0644\u0645\u0647\u0646\u064a:\u00a0<\/h2><h2><a href=\"mailto:a.harizi@univ-dbkm.dz\">a.harizi@univ-dbkm.dz<\/a><span id=\"cloak204e6d1ce3d22254a3a02d144c0f0ca3\"><\/span><\/h2><h2 class=\"has-text-align-right\">\u00a0 \u00a0 \u00a0 \u00a0 \u00a0 \u00a0 \u00a0 \u00a0 \u00a0 \u0627\u0644\u0647\u0627\u062a\u0641:\u00a0\u00a0<\/h2><p>\u00a0<\/p>\t\t\t\t\t\t\t\t<\/div>\n\t\t\t\t<\/div>\n\t\t\t\t\t<\/div>\n\t\t<\/div>\n\t\t\t\t<div class=\"elementor-column elementor-col-50 elementor-top-column elementor-element elementor-element-7fef82d7\" data-id=\"7fef82d7\" data-element_type=\"column\">\n\t\t\t<div class=\"elementor-widget-wrap elementor-element-populated\">\n\t\t\t\t\t\t<div class=\"elementor-element elementor-element-9de7caf elementor-widget elementor-widget-image\" data-id=\"9de7caf\" data-element_type=\"widget\" data-widget_type=\"image.default\">\n\t\t\t\t<div class=\"elementor-widget-container\">\n\t\t\t\t\t\t\t\t\t\t\t\t\t\t\t<img fetchpriority=\"high\" decoding=\"async\" width=\"810\" height=\"1024\" src=\"http:\/\/www.univ-dbkm.dz\/istaps1\/wp-content\/uploads\/2025\/03\/\u062d\u0631\u064a\u0632\u064a-810x1024.jpg\" class=\"attachment-large size-large wp-image-4922\" alt=\"\" srcset=\"http:\/\/www.univ-dbkm.dz\/istaps1\/wp-content\/uploads\/2025\/03\/\u062d\u0631\u064a\u0632\u064a-810x1024.jpg 810w, http:\/\/www.univ-dbkm.dz\/istaps1\/wp-content\/uploads\/2025\/03\/\u062d\u0631\u064a\u0632\u064a-237x300.jpg 237w, http:\/\/www.univ-dbkm.dz\/istaps1\/wp-content\/uploads\/2025\/03\/\u062d\u0631\u064a\u0632\u064a-768x970.jpg 768w, http:\/\/www.univ-dbkm.dz\/istaps1\/wp-content\/uploads\/2025\/03\/\u062d\u0631\u064a\u0632\u064a.jpg 956w\" sizes=\"(max-width: 810px) 100vw, 810px\" \/>\t\t\t\t\t\t\t\t\t\t\t\t\t\t\t<\/div>\n\t\t\t\t<\/div>\n\t\t\t\t\t<\/div>\n\t\t<\/div>\n\t\t\t\t\t<\/div>\n\t\t<\/section>\n\t\t\t\t<\/div>\n\t\t","protected":false},"excerpt":{"rendered":"","protected":false},"author":3,"featured_media":0,"parent":0,"menu_order":0,"comment_status":"closed","ping_status":"closed","template":"","meta":{"site-sidebar-layout":"no-sidebar","site-content-layout":"page-builder","ast-global-header-display":"","ast-main-header-display":"","ast-hfb-above-header-display":"","ast-hfb-below-header-display":"","ast-hfb-mobile-header-display":"","site-post-title":"disabled","ast-breadcrumbs-content":"","ast-featured-img":"disabled","footer-sml-layout":"","theme-transparent-header-meta":"","adv-header-id-meta":"","stick-header-meta":"","header-above-stick-meta":"","header-main-stick-meta":"","header-below-stick-meta":"","footnotes":""},"class_list":["post-4928","page","type-page","status-publish","hentry"],"rttpg_featured_image_url":null,"rttpg_author":{"display_name":"khaled benmerad","author_link":"http:\/\/www.univ-dbkm.dz\/istaps1\/author\/webmaster-2024staps\/"},"rttpg_comment":0,"rttpg_category":" <a href=\"http:\/\/www.univ-dbkm.dz\/istaps1\/fr\/\" rel=\"tag\">Fran\u00e7ais<\/a>","rttpg_excerpt":null,"_links":{"self":[{"href":"http:\/\/www.univ-dbkm.dz\/istaps1\/wp-json\/wp\/v2\/pages\/4928","targetHints":{"allow":["GET"]}}],"collection":[{"href":"http:\/\/www.univ-dbkm.dz\/istaps1\/wp-json\/wp\/v2\/pages"}],"about":[{"href":"http:\/\/www.univ-dbkm.dz\/istaps1\/wp-json\/wp\/v2\/types\/page"}],"author":[{"embeddable":true,"href":"http:\/\/www.univ-dbkm.dz\/istaps1\/wp-json\/wp\/v2\/users\/3"}],"replies":[{"embeddable":true,"href":"http:\/\/www.univ-dbkm.dz\/istaps1\/wp-json\/wp\/v2\/comments?post=4928"}],"version-history":[{"count":1,"href":"http:\/\/www.univ-dbkm.dz\/istaps1\/wp-json\/wp\/v2\/pages\/4928\/revisions"}],"predecessor-version":[{"id":4932,"href":"http:\/\/www.univ-dbkm.dz\/istaps1\/wp-json\/wp\/v2\/pages\/4928\/revisions\/4932"}],"wp:attachment":[{"href":"http:\/\/www.univ-dbkm.dz\/istaps1\/wp-json\/wp\/v2\/media?parent=4928"}],"curies":[{"name":"wp","href":"https:\/\/api.w.org\/{rel}","templated":true}]}}