{"id":4954,"date":"2025-03-20T13:23:54","date_gmt":"2025-03-20T10:23:54","guid":{"rendered":"http:\/\/www.univ-dbkm.dz\/istaps1\/?page_id=4954"},"modified":"2025-03-27T12:21:51","modified_gmt":"2025-03-27T09:21:51","slug":"bibliotheque","status":"publish","type":"page","link":"http:\/\/www.univ-dbkm.dz\/istaps1\/fr\/bibliotheque\/","title":{"rendered":"bibliotheque"},"content":{"rendered":"\t\t<div data-elementor-type=\"wp-page\" data-elementor-id=\"4954\" class=\"elementor elementor-4954\">\n\t\t\t\t\t\t<section class=\"elementor-section elementor-top-section elementor-element elementor-element-439c2733 elementor-section-boxed elementor-section-height-default elementor-section-height-default wpr-particle-no wpr-jarallax-no wpr-parallax-no wpr-sticky-section-no\" data-id=\"439c2733\" data-element_type=\"section\">\n\t\t\t\t\t\t<div class=\"elementor-container elementor-column-gap-default\">\n\t\t\t\t\t<div class=\"elementor-column elementor-col-100 elementor-top-column elementor-element elementor-element-4f8e7951\" data-id=\"4f8e7951\" data-element_type=\"column\">\n\t\t\t<div class=\"elementor-widget-wrap elementor-element-populated\">\n\t\t\t\t\t\t<div class=\"elementor-element elementor-element-6b36d06 elementor-widget elementor-widget-image\" data-id=\"6b36d06\" data-element_type=\"widget\" data-widget_type=\"image.default\">\n\t\t\t\t<div class=\"elementor-widget-container\">\n\t\t\t\t\t\t\t\t\t\t\t\t\t\t\t<img decoding=\"async\" width=\"137\" height=\"140\" src=\"http:\/\/www.univ-dbkm.dz\/istaps1\/wp-content\/uploads\/2025\/03\/\u0633\u0644\u0627\u0645\u064a.png\" class=\"attachment-large size-large wp-image-4984\" alt=\"\" \/>\t\t\t\t\t\t\t\t\t\t\t\t\t\t\t<\/div>\n\t\t\t\t<\/div>\n\t\t\t\t<div class=\"elementor-element elementor-element-3cbf67c5 elementor-widget elementor-widget-text-editor\" data-id=\"3cbf67c5\" data-element_type=\"widget\" data-widget_type=\"text-editor.default\">\n\t\t\t\t<div class=\"elementor-widget-container\">\n\t\t\t\t\t\t\t\t\t<article class=\"w-full text-token-text-primary\" dir=\"auto\" data-testid=\"conversation-turn-2\" data-scroll-anchor=\"true\"><div class=\"text-base my-auto mx-auto py-5 px-6\"><div class=\"mx-auto flex flex-1 text-base gap-4 md:gap-5 lg:gap-6 md:max-w-3xl lg:max-w-[40rem] xl:max-w-[48rem] group\/turn-messages focus-visible:outline-none\" tabindex=\"-1\"><div class=\"group\/conversation-turn relative flex w-full min-w-0 flex-col agent-turn @xs\/thread:px-0 @sm\/thread:px-1.5 @md\/thread:px-4\"><div class=\"relative flex-col gap-1 md:gap-3\"><div class=\"flex max-w-full flex-col flex-grow\"><div class=\"min-h-8 text-message relative flex w-full flex-col items-end gap-2 whitespace-normal break-words text-start [.text-message+&amp;]:mt-5\" dir=\"auto\" data-message-author-role=\"assistant\" data-message-id=\"02f7f4f6-8c05-42a2-b063-493a8f89cce1\" data-message-model-slug=\"gpt-4o\"><div class=\"flex w-full flex-col gap-1 empty:hidden first:pt-[3px]\"><div class=\"markdown prose w-full break-words dark:prose-invert light\"><p class=\"\" data-start=\"37\" data-end=\"90\"><strong data-start=\"37\" data-end=\"73\">Responsable de la biblioth\u00e8que :<\/strong> Salami Sabrina<\/p><p class=\"\" data-start=\"92\" data-end=\"145\"><strong data-start=\"92\" data-end=\"120\">Courrier professionnel :<\/strong> <a rel=\"noopener\" data-start=\"121\" data-end=\"143\">s_sellami@univ-dbkm.dz<\/a><\/p><p class=\"\" data-start=\"147\" data-end=\"207\"><strong data-start=\"147\" data-end=\"207\" data-is-last-node=\"\">Liste des titres de livres disponibles \u00e0 la biblioth\u00e8que<\/strong><\/p><\/div><\/div><\/div><\/div><div class=\"flex justify-start\"><div class=\"-me-1 -ms-2.5 flex select-none items-center p-1 touch:-me-2 touch:-ms-3.5 -mt-1 duration-[1.5s] focus-within:transition-none hover:transition-none pointer-events-none [mask-image:linear-gradient(to_right,black_33%,transparent_66%)] [mask-position:100%_0%] [mask-size:300%_100%] motion-safe:transition-[mask-position] group-hover\/turn-messages:pointer-events-auto group-hover\/turn-messages:[mask-position:0_0] group-focus-within\/turn-messages:pointer-events-auto group-focus-within\/turn-messages:[mask-position:0_0] has-[[data-state=open]]:pointer-events-auto has-[[data-state=open]]:[mask-position:0_0]\">\u00a0<\/div><\/div><div class=\"mt-3 w-full empty:hidden\"><div class=\"text-center\">\u00a0<\/div><\/div><\/div><div class=\"absolute\"><div class=\"flex items-center justify-center\">\u00a0<\/div><\/div><\/div><\/div><\/div><\/article><div class=\"pointer-events-none h-px w-px\" aria-hidden=\"true\" data-edge=\"true\">\u00a0<\/div>\t\t\t\t\t\t\t\t<\/div>\n\t\t\t\t<\/div>\n\t\t\t\t\t<\/div>\n\t\t<\/div>\n\t\t\t\t\t<\/div>\n\t\t<\/section>\n\t\t\t\t<section class=\"elementor-section elementor-top-section elementor-element elementor-element-95b57c3 elementor-section-boxed elementor-section-height-default elementor-section-height-default wpr-particle-no wpr-jarallax-no wpr-parallax-no wpr-sticky-section-no\" data-id=\"95b57c3\" data-element_type=\"section\">\n\t\t\t\t\t\t<div class=\"elementor-container elementor-column-gap-default\">\n\t\t\t\t\t<div class=\"elementor-column elementor-col-100 elementor-top-column elementor-element elementor-element-9be1bf4\" data-id=\"9be1bf4\" data-element_type=\"column\">\n\t\t\t<div class=\"elementor-widget-wrap elementor-element-populated\">\n\t\t\t\t\t\t<section class=\"elementor-section elementor-inner-section elementor-element elementor-element-29517ec elementor-section-boxed elementor-section-height-default elementor-section-height-default wpr-particle-no wpr-jarallax-no wpr-parallax-no wpr-sticky-section-no\" data-id=\"29517ec\" data-element_type=\"section\">\n\t\t\t\t\t\t<div class=\"elementor-container elementor-column-gap-default\">\n\t\t\t\t\t<div class=\"elementor-column elementor-col-50 elementor-inner-column elementor-element elementor-element-e6775ef\" data-id=\"e6775ef\" data-element_type=\"column\">\n\t\t\t<div class=\"elementor-widget-wrap elementor-element-populated\">\n\t\t\t\t\t\t<div class=\"elementor-element elementor-element-1cf5fdf elementor-widget elementor-widget-image\" data-id=\"1cf5fdf\" data-element_type=\"widget\" data-widget_type=\"image.default\">\n\t\t\t\t<div class=\"elementor-widget-container\">\n\t\t\t\t\t\t\t\t\t\t\t\t\t\t\t<img fetchpriority=\"high\" decoding=\"async\" width=\"435\" height=\"600\" src=\"http:\/\/www.univ-dbkm.dz\/istaps1\/wp-content\/uploads\/2025\/03\/1.jpg\" class=\"attachment-large size-large wp-image-4891\" alt=\"\" srcset=\"http:\/\/www.univ-dbkm.dz\/istaps1\/wp-content\/uploads\/2025\/03\/1.jpg 435w, http:\/\/www.univ-dbkm.dz\/istaps1\/wp-content\/uploads\/2025\/03\/1-218x300.jpg 218w\" sizes=\"(max-width: 435px) 100vw, 435px\" \/>\t\t\t\t\t\t\t\t\t\t\t\t\t\t\t<\/div>\n\t\t\t\t<\/div>\n\t\t\t\t<div class=\"elementor-element elementor-element-69e426a elementor-widget elementor-widget-image\" data-id=\"69e426a\" data-element_type=\"widget\" data-widget_type=\"image.default\">\n\t\t\t\t<div class=\"elementor-widget-container\">\n\t\t\t\t\t\t\t\t\t\t\t\t\t\t\t<img decoding=\"async\" width=\"416\" height=\"600\" src=\"http:\/\/www.univ-dbkm.dz\/istaps1\/wp-content\/uploads\/2025\/03\/2.jpg\" class=\"attachment-large size-large wp-image-4892\" alt=\"\" srcset=\"http:\/\/www.univ-dbkm.dz\/istaps1\/wp-content\/uploads\/2025\/03\/2.jpg 416w, http:\/\/www.univ-dbkm.dz\/istaps1\/wp-content\/uploads\/2025\/03\/2-208x300.jpg 208w\" sizes=\"(max-width: 416px) 100vw, 416px\" \/>\t\t\t\t\t\t\t\t\t\t\t\t\t\t\t<\/div>\n\t\t\t\t<\/div>\n\t\t\t\t<div class=\"elementor-element elementor-element-1759a6c elementor-widget elementor-widget-image\" data-id=\"1759a6c\" data-element_type=\"widget\" data-widget_type=\"image.default\">\n\t\t\t\t<div class=\"elementor-widget-container\">\n\t\t\t\t\t\t\t\t\t\t\t\t\t\t\t<img loading=\"lazy\" decoding=\"async\" width=\"436\" height=\"600\" src=\"http:\/\/www.univ-dbkm.dz\/istaps1\/wp-content\/uploads\/2025\/03\/3.jpg\" class=\"attachment-large size-large wp-image-4893\" alt=\"\" srcset=\"http:\/\/www.univ-dbkm.dz\/istaps1\/wp-content\/uploads\/2025\/03\/3.jpg 436w, http:\/\/www.univ-dbkm.dz\/istaps1\/wp-content\/uploads\/2025\/03\/3-218x300.jpg 218w\" sizes=\"(max-width: 436px) 100vw, 436px\" \/>\t\t\t\t\t\t\t\t\t\t\t\t\t\t\t<\/div>\n\t\t\t\t<\/div>\n\t\t\t\t<div class=\"elementor-element elementor-element-405f2c7 elementor-widget elementor-widget-image\" data-id=\"405f2c7\" data-element_type=\"widget\" data-widget_type=\"image.default\">\n\t\t\t\t<div class=\"elementor-widget-container\">\n\t\t\t\t\t\t\t\t\t\t\t\t\t\t\t<img loading=\"lazy\" decoding=\"async\" width=\"417\" height=\"593\" src=\"http:\/\/www.univ-dbkm.dz\/istaps1\/wp-content\/uploads\/2025\/03\/4.jpg\" class=\"attachment-large size-large wp-image-4894\" alt=\"\" srcset=\"http:\/\/www.univ-dbkm.dz\/istaps1\/wp-content\/uploads\/2025\/03\/4.jpg 417w, http:\/\/www.univ-dbkm.dz\/istaps1\/wp-content\/uploads\/2025\/03\/4-211x300.jpg 211w\" sizes=\"(max-width: 417px) 100vw, 417px\" \/>\t\t\t\t\t\t\t\t\t\t\t\t\t\t\t<\/div>\n\t\t\t\t<\/div>\n\t\t\t\t<div class=\"elementor-element elementor-element-6261da6 elementor-widget elementor-widget-image\" data-id=\"6261da6\" data-element_type=\"widget\" data-widget_type=\"image.default\">\n\t\t\t\t<div class=\"elementor-widget-container\">\n\t\t\t\t\t\t\t\t\t\t\t\t\t\t\t<img loading=\"lazy\" decoding=\"async\" width=\"722\" height=\"1024\" src=\"http:\/\/www.univ-dbkm.dz\/istaps1\/wp-content\/uploads\/2025\/03\/5-722x1024.jpg\" class=\"attachment-large size-large wp-image-4895\" alt=\"\" srcset=\"http:\/\/www.univ-dbkm.dz\/istaps1\/wp-content\/uploads\/2025\/03\/5-722x1024.jpg 722w, http:\/\/www.univ-dbkm.dz\/istaps1\/wp-content\/uploads\/2025\/03\/5-211x300.jpg 211w, http:\/\/www.univ-dbkm.dz\/istaps1\/wp-content\/uploads\/2025\/03\/5-768x1089.jpg 768w, http:\/\/www.univ-dbkm.dz\/istaps1\/wp-content\/uploads\/2025\/03\/5.jpg 1080w\" sizes=\"(max-width: 722px) 100vw, 722px\" \/>\t\t\t\t\t\t\t\t\t\t\t\t\t\t\t<\/div>\n\t\t\t\t<\/div>\n\t\t\t\t\t<\/div>\n\t\t<\/div>\n\t\t\t\t<div class=\"elementor-column elementor-col-50 elementor-inner-column elementor-element elementor-element-c15a7b5\" data-id=\"c15a7b5\" data-element_type=\"column\">\n\t\t\t<div class=\"elementor-widget-wrap elementor-element-populated\">\n\t\t\t\t\t\t<div class=\"elementor-element elementor-element-df24acb elementor-widget elementor-widget-image\" data-id=\"df24acb\" data-element_type=\"widget\" data-widget_type=\"image.default\">\n\t\t\t\t<div class=\"elementor-widget-container\">\n\t\t\t\t\t\t\t\t\t\t\t\t\t\t\t<img loading=\"lazy\" decoding=\"async\" width=\"750\" height=\"1024\" src=\"http:\/\/www.univ-dbkm.dz\/istaps1\/wp-content\/uploads\/2025\/03\/6-750x1024.jpg\" class=\"attachment-large size-large wp-image-4896\" alt=\"\" srcset=\"http:\/\/www.univ-dbkm.dz\/istaps1\/wp-content\/uploads\/2025\/03\/6-750x1024.jpg 750w, http:\/\/www.univ-dbkm.dz\/istaps1\/wp-content\/uploads\/2025\/03\/6-220x300.jpg 220w, http:\/\/www.univ-dbkm.dz\/istaps1\/wp-content\/uploads\/2025\/03\/6-768x1049.jpg 768w, http:\/\/www.univ-dbkm.dz\/istaps1\/wp-content\/uploads\/2025\/03\/6.jpg 1080w\" sizes=\"(max-width: 750px) 100vw, 750px\" \/>\t\t\t\t\t\t\t\t\t\t\t\t\t\t\t<\/div>\n\t\t\t\t<\/div>\n\t\t\t\t<div class=\"elementor-element elementor-element-2fea6ee elementor-widget elementor-widget-image\" data-id=\"2fea6ee\" data-element_type=\"widget\" data-widget_type=\"image.default\">\n\t\t\t\t<div class=\"elementor-widget-container\">\n\t\t\t\t\t\t\t\t\t\t\t\t\t\t\t<img loading=\"lazy\" decoding=\"async\" width=\"726\" height=\"1024\" src=\"http:\/\/www.univ-dbkm.dz\/istaps1\/wp-content\/uploads\/2025\/03\/7-726x1024.jpg\" class=\"attachment-large size-large wp-image-4897\" alt=\"\" srcset=\"http:\/\/www.univ-dbkm.dz\/istaps1\/wp-content\/uploads\/2025\/03\/7-726x1024.jpg 726w, http:\/\/www.univ-dbkm.dz\/istaps1\/wp-content\/uploads\/2025\/03\/7-213x300.jpg 213w, http:\/\/www.univ-dbkm.dz\/istaps1\/wp-content\/uploads\/2025\/03\/7-768x1083.jpg 768w, http:\/\/www.univ-dbkm.dz\/istaps1\/wp-content\/uploads\/2025\/03\/7.jpg 1078w\" sizes=\"(max-width: 726px) 100vw, 726px\" \/>\t\t\t\t\t\t\t\t\t\t\t\t\t\t\t<\/div>\n\t\t\t\t<\/div>\n\t\t\t\t<div class=\"elementor-element elementor-element-acc1b69 elementor-widget elementor-widget-image\" data-id=\"acc1b69\" data-element_type=\"widget\" data-widget_type=\"image.default\">\n\t\t\t\t<div class=\"elementor-widget-container\">\n\t\t\t\t\t\t\t\t\t\t\t\t\t\t\t<img loading=\"lazy\" decoding=\"async\" width=\"729\" height=\"1024\" src=\"http:\/\/www.univ-dbkm.dz\/istaps1\/wp-content\/uploads\/2025\/03\/8-729x1024.jpg\" class=\"attachment-large size-large wp-image-4898\" alt=\"\" srcset=\"http:\/\/www.univ-dbkm.dz\/istaps1\/wp-content\/uploads\/2025\/03\/8-729x1024.jpg 729w, http:\/\/www.univ-dbkm.dz\/istaps1\/wp-content\/uploads\/2025\/03\/8-213x300.jpg 213w, http:\/\/www.univ-dbkm.dz\/istaps1\/wp-content\/uploads\/2025\/03\/8-768x1079.jpg 768w, http:\/\/www.univ-dbkm.dz\/istaps1\/wp-content\/uploads\/2025\/03\/8.jpg 1080w\" sizes=\"(max-width: 729px) 100vw, 729px\" \/>\t\t\t\t\t\t\t\t\t\t\t\t\t\t\t<\/div>\n\t\t\t\t<\/div>\n\t\t\t\t<div class=\"elementor-element elementor-element-f42dd50 elementor-widget elementor-widget-image\" data-id=\"f42dd50\" data-element_type=\"widget\" data-widget_type=\"image.default\">\n\t\t\t\t<div class=\"elementor-widget-container\">\n\t\t\t\t\t\t\t\t\t\t\t\t\t\t\t<img loading=\"lazy\" decoding=\"async\" width=\"719\" height=\"1024\" src=\"http:\/\/www.univ-dbkm.dz\/istaps1\/wp-content\/uploads\/2025\/03\/9-719x1024.jpg\" class=\"attachment-large size-large wp-image-4899\" alt=\"\" srcset=\"http:\/\/www.univ-dbkm.dz\/istaps1\/wp-content\/uploads\/2025\/03\/9-719x1024.jpg 719w, http:\/\/www.univ-dbkm.dz\/istaps1\/wp-content\/uploads\/2025\/03\/9-211x300.jpg 211w, http:\/\/www.univ-dbkm.dz\/istaps1\/wp-content\/uploads\/2025\/03\/9-768x1094.jpg 768w, http:\/\/www.univ-dbkm.dz\/istaps1\/wp-content\/uploads\/2025\/03\/9-1078x1536.jpg 1078w, http:\/\/www.univ-dbkm.dz\/istaps1\/wp-content\/uploads\/2025\/03\/9.jpg 1080w\" sizes=\"(max-width: 719px) 100vw, 719px\" \/>\t\t\t\t\t\t\t\t\t\t\t\t\t\t\t<\/div>\n\t\t\t\t<\/div>\n\t\t\t\t<div class=\"elementor-element elementor-element-16d7f06 elementor-widget elementor-widget-image\" data-id=\"16d7f06\" data-element_type=\"widget\" data-widget_type=\"image.default\">\n\t\t\t\t<div class=\"elementor-widget-container\">\n\t\t\t\t\t\t\t\t\t\t\t\t\t\t\t<img loading=\"lazy\" decoding=\"async\" width=\"673\" height=\"1024\" src=\"http:\/\/www.univ-dbkm.dz\/istaps1\/wp-content\/uploads\/2025\/03\/10-673x1024.jpg\" class=\"attachment-large size-large wp-image-4900\" alt=\"\" srcset=\"http:\/\/www.univ-dbkm.dz\/istaps1\/wp-content\/uploads\/2025\/03\/10-673x1024.jpg 673w, http:\/\/www.univ-dbkm.dz\/istaps1\/wp-content\/uploads\/2025\/03\/10-197x300.jpg 197w, http:\/\/www.univ-dbkm.dz\/istaps1\/wp-content\/uploads\/2025\/03\/10-768x1168.jpg 768w, http:\/\/www.univ-dbkm.dz\/istaps1\/wp-content\/uploads\/2025\/03\/10-1010x1536.jpg 1010w, http:\/\/www.univ-dbkm.dz\/istaps1\/wp-content\/uploads\/2025\/03\/10.jpg 1066w\" sizes=\"(max-width: 673px) 100vw, 673px\" \/>\t\t\t\t\t\t\t\t\t\t\t\t\t\t\t<\/div>\n\t\t\t\t<\/div>\n\t\t\t\t\t<\/div>\n\t\t<\/div>\n\t\t\t\t\t<\/div>\n\t\t<\/section>\n\t\t\t\t\t<\/div>\n\t\t<\/div>\n\t\t\t\t\t<\/div>\n\t\t<\/section>\n\t\t\t\t<\/div>\n\t\t","protected":false},"excerpt":{"rendered":"<p>Responsable de la biblioth\u00e8que : Salami Sabrina Courrier professionnel : s_sellami@univ-dbkm.dz Liste des titres de livres disponibles \u00e0 la biblioth\u00e8que \u00a0\u00a0\u00a0 \u00a0<\/p>\n","protected":false},"author":3,"featured_media":0,"parent":0,"menu_order":0,"comment_status":"closed","ping_status":"closed","template":"","meta":{"site-sidebar-layout":"no-sidebar","site-content-layout":"page-builder","ast-global-header-display":"","ast-main-header-display":"","ast-hfb-above-header-display":"","ast-hfb-below-header-display":"","ast-hfb-mobile-header-display":"","site-post-title":"disabled","ast-breadcrumbs-content":"","ast-featured-img":"disabled","footer-sml-layout":"","theme-transparent-header-meta":"","adv-header-id-meta":"","stick-header-meta":"","header-above-stick-meta":"","header-main-stick-meta":"","header-below-stick-meta":"","footnotes":""},"class_list":["post-4954","page","type-page","status-publish","hentry"],"rttpg_featured_image_url":null,"rttpg_author":{"display_name":"khaled benmerad","author_link":"http:\/\/www.univ-dbkm.dz\/istaps1\/author\/webmaster-2024staps\/"},"rttpg_comment":0,"rttpg_category":" <a href=\"http:\/\/www.univ-dbkm.dz\/istaps1\/fr\/\" rel=\"tag\">Fran\u00e7ais<\/a>","rttpg_excerpt":"Responsable de la biblioth\u00e8que : Salami Sabrina Courrier professionnel : s_sellami@univ-dbkm.dz Liste des titres de livres disponibles \u00e0 la biblioth\u00e8que \u00a0\u00a0\u00a0 \u00a0","_links":{"self":[{"href":"http:\/\/www.univ-dbkm.dz\/istaps1\/wp-json\/wp\/v2\/pages\/4954","targetHints":{"allow":["GET"]}}],"collection":[{"href":"http:\/\/www.univ-dbkm.dz\/istaps1\/wp-json\/wp\/v2\/pages"}],"about":[{"href":"http:\/\/www.univ-dbkm.dz\/istaps1\/wp-json\/wp\/v2\/types\/page"}],"author":[{"embeddable":true,"href":"http:\/\/www.univ-dbkm.dz\/istaps1\/wp-json\/wp\/v2\/users\/3"}],"replies":[{"embeddable":true,"href":"http:\/\/www.univ-dbkm.dz\/istaps1\/wp-json\/wp\/v2\/comments?post=4954"}],"version-history":[{"count":7,"href":"http:\/\/www.univ-dbkm.dz\/istaps1\/wp-json\/wp\/v2\/pages\/4954\/revisions"}],"predecessor-version":[{"id":5012,"href":"http:\/\/www.univ-dbkm.dz\/istaps1\/wp-json\/wp\/v2\/pages\/4954\/revisions\/5012"}],"wp:attachment":[{"href":"http:\/\/www.univ-dbkm.dz\/istaps1\/wp-json\/wp\/v2\/media?parent=4954"}],"curies":[{"name":"wp","href":"https:\/\/api.w.org\/{rel}","templated":true}]}}