{"id":1234,"date":"2024-04-30T11:32:40","date_gmt":"2024-04-30T09:32:40","guid":{"rendered":"http:\/\/localhost\/formations_udbkm\/?page_id=1234"},"modified":"2024-05-05T11:53:30","modified_gmt":"2024-05-05T09:53:30","slug":"institut-des-sciences-et-techniques-des-activites-physiques-et-sportives","status":"publish","type":"page","link":"http:\/\/www.univ-dbkm.dz\/nos-formations\/institut-des-sciences-et-techniques-des-activites-physiques-et-sportives\/","title":{"rendered":"Institut des sciences et techniques des activit\u00e9s physiques et sportives"},"content":{"rendered":"\n<blockquote class=\"wp-block-quote is-layout-flow wp-block-quote-is-layout-flow\">\n<ul class=\"wp-block-list\">\n<li><a href=\"http:\/\/www.univ-dbkm.dz\/nos-formations\/specialite-lactivite-physique-sportive-educative\/\" target=\"_blank\" rel=\"noreferrer noopener\">Sp\u00e9cialit\u00e9 l\u2019activit\u00e9 physique sportive \u00e9ducative<\/a><\/li>\n\n\n\n<li><a href=\"http:\/\/www.univ-dbkm.dz\/nos-formations\/specialite-entrainement-sportif-competitif\/\">Sp\u00e9cialit\u00e9 Entrainement sportif comp\u00e9titif<\/a><\/li>\n<\/ul>\n<\/blockquote>\n","protected":false},"excerpt":{"rendered":"","protected":false},"author":1,"featured_media":0,"parent":0,"menu_order":0,"comment_status":"closed","ping_status":"closed","template":"","meta":{"footnotes":""},"class_list":["post-1234","page","type-page","status-publish","hentry"],"_links":{"self":[{"href":"http:\/\/www.univ-dbkm.dz\/nos-formations\/wp-json\/wp\/v2\/pages\/1234","targetHints":{"allow":["GET"]}}],"collection":[{"href":"http:\/\/www.univ-dbkm.dz\/nos-formations\/wp-json\/wp\/v2\/pages"}],"about":[{"href":"http:\/\/www.univ-dbkm.dz\/nos-formations\/wp-json\/wp\/v2\/types\/page"}],"author":[{"embeddable":true,"href":"http:\/\/www.univ-dbkm.dz\/nos-formations\/wp-json\/wp\/v2\/users\/1"}],"replies":[{"embeddable":true,"href":"http:\/\/www.univ-dbkm.dz\/nos-formations\/wp-json\/wp\/v2\/comments?post=1234"}],"version-history":[{"count":4,"href":"http:\/\/www.univ-dbkm.dz\/nos-formations\/wp-json\/wp\/v2\/pages\/1234\/revisions"}],"predecessor-version":[{"id":1390,"href":"http:\/\/www.univ-dbkm.dz\/nos-formations\/wp-json\/wp\/v2\/pages\/1234\/revisions\/1390"}],"wp:attachment":[{"href":"http:\/\/www.univ-dbkm.dz\/nos-formations\/wp-json\/wp\/v2\/media?parent=1234"}],"curies":[{"name":"wp","href":"https:\/\/api.w.org\/{rel}","templated":true}]}}