{"id":1310,"date":"2024-04-30T14:12:11","date_gmt":"2024-04-30T12:12:11","guid":{"rendered":"http:\/\/localhost\/formations_udbkm\/?page_id=1310"},"modified":"2024-04-30T14:13:50","modified_gmt":"2024-04-30T12:13:50","slug":"departement-de-mathematiques-et-dinformatique","status":"publish","type":"page","link":"http:\/\/www.univ-dbkm.dz\/nos-formations\/departement-de-mathematiques-et-dinformatique\/","title":{"rendered":"D\u00e9partement de math\u00e9matiques et d\u2019informatique"},"content":{"rendered":"\n<h2 class=\"wp-block-heading\"><\/h2>\n\n\n\n<figure class=\"wp-block-table\"><table><tbody><tr><td><strong>Domaine<\/strong><\/td><td><strong>Fili\u00e8re&nbsp;<\/strong><\/td><td><strong>Licence<\/strong><\/td><td><strong>Master&nbsp;<\/strong><\/td><\/tr><tr><td rowspan=\"2\"><strong>Math\u00e9matiques et Informatique<\/strong><\/td><td><strong>Informatique<\/strong><\/td><td><strong><a href=\"http:\/\/www.univ-dbkm.dz\/fst1\/wp-content\/uploads\/2023\/06\/Systeme-Informatique.pdf\">Syst\u00e8me Informatique<\/a>&nbsp;..&nbsp;<a href=\"http:\/\/www.univ-dbkm.dz\/fst1\/wp-content\/uploads\/2023\/07\/Systemes-Informatiques.pdf\">(fiche descriptive)<\/a><\/strong><\/td><td><strong><a href=\"http:\/\/www.univ-dbkm.dz\/fst1\/wp-content\/uploads\/2023\/06\/Ingenierie-du-logiciel.pdf\">Ing\u00e9nierie du logiciel&nbsp;<\/a>..&nbsp;<\/strong><\/td><\/tr><tr><td><strong>Math\u00e9matiques<\/strong><\/td><td><strong><a href=\"http:\/\/www.univ-dbkm.dz\/fst1\/wp-content\/uploads\/2023\/06\/Mathematiques.pdf\">Math\u00e9matiques&nbsp;<\/a>..&nbsp;<a href=\"http:\/\/www.univ-dbkm.dz\/fst1\/wp-content\/uploads\/2023\/07\/Mathematiques.pdf\">(fiche descriptive)<\/a><\/strong><\/td><td><strong><a href=\"http:\/\/www.univ-dbkm.dz\/fst1\/wp-content\/uploads\/2023\/06\/Analyse-Mathematique-et-Applications.pdf\">Analyse Math\u00e9matique et Applications&nbsp;<\/a>..&nbsp;<a href=\"http:\/\/www.univ-dbkm.dz\/fst1\/wp-content\/uploads\/2023\/07\/Analyse-Mathematique-et-Applications.pdf\">(fiche descriptive)<\/a><\/strong><\/td><\/tr><\/tbody><\/table><figcaption class=\"wp-element-caption\"><img fetchpriority=\"high\" decoding=\"async\" width=\"1200\" height=\"792\" class=\"wp-image-1311\" style=\"width: 1200px;\" src=\"http:\/\/localhost\/formations_udbkm\/wp-content\/uploads\/2024\/04\/Mi-st.png\" alt=\"\" srcset=\"http:\/\/www.univ-dbkm.dz\/nos-formations\/wp-content\/uploads\/2024\/04\/Mi-st.png 992w, http:\/\/www.univ-dbkm.dz\/nos-formations\/wp-content\/uploads\/2024\/04\/Mi-st-300x198.png 300w, http:\/\/www.univ-dbkm.dz\/nos-formations\/wp-content\/uploads\/2024\/04\/Mi-st-768x507.png 768w\" sizes=\"(max-width: 1200px) 100vw, 1200px\" \/><\/figcaption><\/figure>\n","protected":false},"excerpt":{"rendered":"<p>Domaine Fili\u00e8re&nbsp; Licence Master&nbsp; Math\u00e9matiques et Informatique Informatique Syst\u00e8me Informatique&nbsp;..&nbsp;(fiche descriptive) Ing\u00e9nierie du logiciel&nbsp;..&nbsp; Math\u00e9matiques Math\u00e9matiques&nbsp;..&nbsp;(fiche descriptive) Analyse Math\u00e9matique et Applications&nbsp;..&nbsp;(fiche descriptive)<\/p>\n","protected":false},"author":1,"featured_media":0,"parent":0,"menu_order":0,"comment_status":"closed","ping_status":"closed","template":"","meta":{"footnotes":""},"class_list":["post-1310","page","type-page","status-publish","hentry"],"_links":{"self":[{"href":"http:\/\/www.univ-dbkm.dz\/nos-formations\/wp-json\/wp\/v2\/pages\/1310","targetHints":{"allow":["GET"]}}],"collection":[{"href":"http:\/\/www.univ-dbkm.dz\/nos-formations\/wp-json\/wp\/v2\/pages"}],"about":[{"href":"http:\/\/www.univ-dbkm.dz\/nos-formations\/wp-json\/wp\/v2\/types\/page"}],"author":[{"embeddable":true,"href":"http:\/\/www.univ-dbkm.dz\/nos-formations\/wp-json\/wp\/v2\/users\/1"}],"replies":[{"embeddable":true,"href":"http:\/\/www.univ-dbkm.dz\/nos-formations\/wp-json\/wp\/v2\/comments?post=1310"}],"version-history":[{"count":2,"href":"http:\/\/www.univ-dbkm.dz\/nos-formations\/wp-json\/wp\/v2\/pages\/1310\/revisions"}],"predecessor-version":[{"id":1313,"href":"http:\/\/www.univ-dbkm.dz\/nos-formations\/wp-json\/wp\/v2\/pages\/1310\/revisions\/1313"}],"wp:attachment":[{"href":"http:\/\/www.univ-dbkm.dz\/nos-formations\/wp-json\/wp\/v2\/media?parent=1310"}],"curies":[{"name":"wp","href":"https:\/\/api.w.org\/{rel}","templated":true}]}}