{"id":1320,"date":"2024-04-30T14:19:13","date_gmt":"2024-04-30T12:19:13","guid":{"rendered":"http:\/\/localhost\/formations_udbkm\/?page_id=1320"},"modified":"2024-04-30T14:19:13","modified_gmt":"2024-04-30T12:19:13","slug":"departement-de-science-et-de-technologie","status":"publish","type":"page","link":"http:\/\/www.univ-dbkm.dz\/nos-formations\/departement-de-science-et-de-technologie\/","title":{"rendered":"D\u00e9partement de Science et de technologie"},"content":{"rendered":"\n<figure class=\"wp-block-table\"><table><tbody><tr><td>Domaine<\/td><td>Fili\u00e8re<\/td><td>Licence<\/td><td>Master<\/td><\/tr><tr><td rowspan=\"8\">Sciences et Technologie<\/td><td rowspan=\"2\">G\u00e9nie M\u00e9canique<\/td><td><a href=\"http:\/\/www.univ-dbkm.dz\/fst1\/wp-content\/uploads\/2023\/06\/Genie-Genie-Construction-mecanique.pdf\">Construction M\u00e9canique&nbsp;<\/a>..&nbsp;<a href=\"http:\/\/www.univ-dbkm.dz\/fst1\/wp-content\/uploads\/2023\/07\/Genie-Mecanique-Contruction-mecanique.pdf\">(fiche descriptive)<\/a><\/td><td><a href=\"http:\/\/www.univ-dbkm.dz\/fst1\/wp-content\/uploads\/2023\/06\/Genie-mecanique-Construction.pdf\">G\u00e9nie m\u00e9canique- -Construction&nbsp;<\/a>..&nbsp;<a href=\"http:\/\/www.univ-dbkm.dz\/fst1\/wp-content\/uploads\/2023\/07\/Genie-mecanique-Construction-mecanique.pdf\">(fiche descriptive)<\/a><\/td><\/tr><tr><td><a href=\"http:\/\/www.univ-dbkm.dz\/fst1\/wp-content\/uploads\/2023\/06\/Genie-Genie-Energetique.pdf\">Energ\u00e9tique&nbsp;<\/a>..&nbsp;<a href=\"http:\/\/www.univ-dbkm.dz\/fst1\/wp-content\/uploads\/2023\/07\/Genie-Mecanique-Energetique.pdf\">(fiche descriptive)<\/a><\/td><td><a href=\"http:\/\/www.univ-dbkm.dz\/fst1\/wp-content\/uploads\/2023\/06\/Genie-mecanique-Energetique.pdf\">\u00c9nerg\u00e9tique&nbsp;<\/a>..<a href=\"http:\/\/www.univ-dbkm.dz\/fst1\/wp-content\/uploads\/2023\/07\/Genie-mecanique-Energetique-1.pdf\">(fiche descriptive)<\/a><\/td><\/tr><tr><td>G\u00e9nie Civil<\/td><td><a href=\"http:\/\/www.univ-dbkm.dz\/fst1\/wp-content\/uploads\/2023\/06\/Genie-Civil.pdf\">G\u00e9nie Civil- Structures<\/a>&nbsp;..&nbsp;<a href=\"http:\/\/www.univ-dbkm.dz\/fst1\/wp-content\/uploads\/2023\/07\/Genie-Civil.pdf\">(fiche descriptive)<\/a><\/td><td><a href=\"http:\/\/www.univ-dbkm.dz\/fst1\/wp-content\/uploads\/2023\/06\/Genie-civil-Structures.pdf\">G\u00e9nie civil-Structures&nbsp;<\/a>..&nbsp;<a href=\"http:\/\/www.univ-dbkm.dz\/fst1\/wp-content\/uploads\/2023\/07\/Genie-civil-Structures.pdf\">(fiche descriptive)<\/a><\/td><\/tr><tr><td rowspan=\"2\">G\u00e9nie des Proc\u00e9d\u00e9s&nbsp;<\/td><td rowspan=\"2\"><a href=\"http:\/\/www.univ-dbkm.dz\/fst1\/wp-content\/uploads\/2023\/06\/Genie-des-procedes.pdf\">G\u00e9nie des proc\u00e9d\u00e9s&nbsp;<\/a>..&nbsp;<a href=\"http:\/\/www.univ-dbkm.dz\/fst1\/wp-content\/uploads\/2023\/07\/Genie-procedes.pdf\">(fiche descriptive)<\/a><\/td><td><a href=\"http:\/\/www.univ-dbkm.dz\/fst1\/wp-content\/uploads\/2023\/06\/Genie-des-Procedes-de-lenvironnement.pdf\">G\u00e9nie des Proc\u00e9d\u00e9s de l\u2019environnement&nbsp;<\/a>..<a href=\"http:\/\/www.univ-dbkm.dz\/fst1\/wp-content\/uploads\/2023\/07\/Genie-des-Procedes-de-lenvironnement.pdf\">(fiche descriptive)<\/a><\/td><\/tr><tr><td><a href=\"http:\/\/www.univ-dbkm.dz\/fst1\/wp-content\/uploads\/2023\/06\/Genie-pharmaceutique-1.pdf\">G\u00e9nie pharmaceutique<\/a>&nbsp;..&nbsp;<a href=\"http:\/\/www.univ-dbkm.dz\/fst1\/wp-content\/uploads\/2023\/07\/Genie-pharmaceutique.pdf\">(fiche descriptive)<\/a><\/td><\/tr><tr><td>Automatique<\/td><td><a href=\"http:\/\/www.univ-dbkm.dz\/fst1\/wp-content\/uploads\/2023\/06\/Automatique.pdf\">Automatique<\/a>&nbsp;..&nbsp;<a href=\"http:\/\/www.univ-dbkm.dz\/fst1\/wp-content\/uploads\/2023\/07\/Automatique.pdf\">(fiche descriptive)<\/a><\/td><td><a href=\"http:\/\/www.univ-dbkm.dz\/fst1\/wp-content\/uploads\/2023\/06\/Automatique-et-Informatique-industrielle-1-1.pdf\">Automatique et Informatique industrielle-&nbsp;<\/a>..&nbsp;<a href=\"http:\/\/www.univ-dbkm.dz\/fst1\/wp-content\/uploads\/2023\/07\/Automatique-et-informatique-Industriel.pdf\">(fiche descriptive)<\/a><\/td><\/tr><tr><td>&nbsp;Electrotechnique<\/td><td><a href=\"http:\/\/www.univ-dbkm.dz\/fst1\/wp-content\/uploads\/2023\/06\/Electrotechnique.pdf\">Electrotechnique&nbsp;&nbsp;&nbsp;<\/a>..&nbsp;<a href=\"http:\/\/www.univ-dbkm.dz\/fst1\/wp-content\/uploads\/2023\/07\/Electrotechnique.pdf\">(fiche descriptive)<\/a><\/td><td><a href=\"http:\/\/www.univ-dbkm.dz\/fst1\/wp-content\/uploads\/2023\/06\/Electrotechnique-industrielle-1.pdf\">Electrotechnique industrielle&nbsp;<\/a>..&nbsp;<a href=\"http:\/\/www.univ-dbkm.dz\/fst1\/wp-content\/uploads\/2023\/07\/Electrotechnique-industrielle.pdf\">(fiche descriptive)<\/a><\/td><\/tr><tr><td>T\u00e9l\u00e9communication<\/td><td><a href=\"http:\/\/www.univ-dbkm.dz\/fst1\/wp-content\/uploads\/2023\/06\/Electronique.pdf\">Electronique<\/a>&nbsp;..&nbsp;&nbsp;<a href=\"http:\/\/www.univ-dbkm.dz\/fst1\/wp-content\/uploads\/2023\/07\/Electronique.pdf\">(fiche descriptive)<\/a><\/td><td><a href=\"http:\/\/www.univ-dbkm.dz\/fst1\/wp-content\/uploads\/2023\/06\/Systemes-des-telecommunications.pdf\">Syst\u00e8mes des t\u00e9l\u00e9communications&nbsp;<\/a>..<a href=\"http:\/\/www.univ-dbkm.dz\/fst1\/wp-content\/uploads\/2023\/07\/Systemes-des-telecommunications.pdf\">(fiche descriptive)<\/a><\/td><\/tr><\/tbody><\/table><figcaption class=\"wp-element-caption\"><img fetchpriority=\"high\" decoding=\"async\" width=\"1400\" height=\"957\" class=\"wp-image-1321\" style=\"width: 1400px;\" src=\"http:\/\/localhost\/formations_udbkm\/wp-content\/uploads\/2024\/04\/st-fr-1024x700-1.png\" alt=\"\" srcset=\"http:\/\/www.univ-dbkm.dz\/nos-formations\/wp-content\/uploads\/2024\/04\/st-fr-1024x700-1.png 1024w, http:\/\/www.univ-dbkm.dz\/nos-formations\/wp-content\/uploads\/2024\/04\/st-fr-1024x700-1-300x205.png 300w, http:\/\/www.univ-dbkm.dz\/nos-formations\/wp-content\/uploads\/2024\/04\/st-fr-1024x700-1-768x525.png 768w\" sizes=\"(max-width: 1400px) 100vw, 1400px\" \/><\/figcaption><\/figure>\n","protected":false},"excerpt":{"rendered":"<p>Domaine Fili\u00e8re Licence Master Sciences et Technologie G\u00e9nie M\u00e9canique Construction M\u00e9canique&nbsp;..&nbsp;(fiche descriptive) G\u00e9nie m\u00e9canique- -Construction&nbsp;..&nbsp;(fiche descriptive) Energ\u00e9tique&nbsp;..&nbsp;(fiche descriptive) \u00c9nerg\u00e9tique&nbsp;..(fiche descriptive) G\u00e9nie Civil G\u00e9nie Civil- Structures&nbsp;..&nbsp;(fiche descriptive) G\u00e9nie civil-Structures&nbsp;..&nbsp;(fiche descriptive) G\u00e9nie des Proc\u00e9d\u00e9s&nbsp; G\u00e9nie des proc\u00e9d\u00e9s&nbsp;..&nbsp;(fiche descriptive) G\u00e9nie des Proc\u00e9d\u00e9s de l\u2019environnement&nbsp;..(fiche descriptive)&#8230;<\/p>\n","protected":false},"author":1,"featured_media":0,"parent":0,"menu_order":0,"comment_status":"closed","ping_status":"closed","template":"","meta":{"footnotes":""},"class_list":["post-1320","page","type-page","status-publish","hentry"],"_links":{"self":[{"href":"http:\/\/www.univ-dbkm.dz\/nos-formations\/wp-json\/wp\/v2\/pages\/1320","targetHints":{"allow":["GET"]}}],"collection":[{"href":"http:\/\/www.univ-dbkm.dz\/nos-formations\/wp-json\/wp\/v2\/pages"}],"about":[{"href":"http:\/\/www.univ-dbkm.dz\/nos-formations\/wp-json\/wp\/v2\/types\/page"}],"author":[{"embeddable":true,"href":"http:\/\/www.univ-dbkm.dz\/nos-formations\/wp-json\/wp\/v2\/users\/1"}],"replies":[{"embeddable":true,"href":"http:\/\/www.univ-dbkm.dz\/nos-formations\/wp-json\/wp\/v2\/comments?post=1320"}],"version-history":[{"count":1,"href":"http:\/\/www.univ-dbkm.dz\/nos-formations\/wp-json\/wp\/v2\/pages\/1320\/revisions"}],"predecessor-version":[{"id":1322,"href":"http:\/\/www.univ-dbkm.dz\/nos-formations\/wp-json\/wp\/v2\/pages\/1320\/revisions\/1322"}],"wp:attachment":[{"href":"http:\/\/www.univ-dbkm.dz\/nos-formations\/wp-json\/wp\/v2\/media?parent=1320"}],"curies":[{"name":"wp","href":"https:\/\/api.w.org\/{rel}","templated":true}]}}