{"id":1326,"date":"2024-04-30T14:23:27","date_gmt":"2024-04-30T12:23:27","guid":{"rendered":"http:\/\/localhost\/formations_udbkm\/?page_id=1326"},"modified":"2024-05-05T12:38:48","modified_gmt":"2024-05-05T10:38:48","slug":"departement-des-sciences-agricoles","status":"publish","type":"page","link":"http:\/\/www.univ-dbkm.dz\/nos-formations\/departement-des-sciences-agricoles\/","title":{"rendered":"D\u00e9partement des sciences agricoles"},"content":{"rendered":"\n<figure class=\"wp-block-table\"><table><tbody><tr><td><strong>Domaine<\/strong><\/td><td><strong>Fili\u00e8re<\/strong><\/td><td><strong>Licence<\/strong><\/td><td><strong>Master<\/strong><\/td><\/tr><tr><td rowspan=\"4\">Science &nbsp;de la nature et de la vie<\/td><td rowspan=\"4\">Agronomie<\/td><td><a href=\"http:\/\/www.univ-dbkm.dz\/fsnvst1\/wp-content\/uploads\/2023\/05\/licence-production-vegetale-univ-khemis-miliana.pdf\">Production v\u00e9g\u00e9tale<\/a>&nbsp;..<a href=\"http:\/\/www.univ-dbkm.dz\/fsnvst1\/wp-content\/uploads\/2023\/06\/Licence-production-vegetale.pdf\">(Fiche descriptive)<\/a><\/td><td><a href=\"http:\/\/www.univ-dbkm.dz\/fsnvst1\/wp-content\/uploads\/2023\/05\/Master-Productions-Vegetales-Univ-K.Miliana.pdf\">Production v\u00e9g\u00e9tale<\/a>..<a href=\"http:\/\/www.univ-dbkm.dz\/fsnvst1\/wp-content\/uploads\/2023\/06\/Master-production-vegetale.pdf\">(Fiche descriptive)<\/a><\/td><\/tr><tr><td><a href=\"http:\/\/www.univ-dbkm.dz\/fsnvst1\/wp-content\/uploads\/2023\/05\/licence-Sol-et-Eau-Univ-K.Miliana.pdf\">Sol et Eau<\/a>..&nbsp;<a href=\"http:\/\/www.univ-dbkm.dz\/fsnvst1\/wp-content\/uploads\/2023\/06\/Licence-Sol-et-Eau.pdf\">(Fiche descriptive)<\/a><\/td><td><a href=\"http:\/\/www.univ-dbkm.dz\/fsnvst1\/wp-content\/uploads\/2023\/05\/Canevas-Master-Amenagement-hydro-agricole-1.pdf\">Am\u00e9nagement Hydro-agricole<\/a>..<a href=\"http:\/\/www.univ-dbkm.dz\/fsnvst1\/wp-content\/uploads\/2023\/06\/Master-Amenagement-hydro-agricole.pdf\">(Fiche descriptive)<\/a><\/td><\/tr><tr><td rowspan=\"2\"><a href=\"http:\/\/www.univ-dbkm.dz\/fsnvst1\/wp-content\/uploads\/2023\/05\/L3-production-animales-Univ-K.Miliana.pdf\">Production animale<\/a>..&nbsp;<a href=\"http:\/\/www.univ-dbkm.dz\/fsnvst1\/wp-content\/uploads\/2023\/06\/Licence-Production-animale.pdf\">(Fiche descriptive)<\/a><\/td><td><a href=\"http:\/\/www.univ-dbkm.dz\/fsnvst1\/wp-content\/uploads\/2023\/05\/Master-PRODUCTION-ANIMALE-Univ-K.Miliana.pdf\">Production animale<\/a>..&nbsp;<a href=\"http:\/\/www.univ-dbkm.dz\/fsnvst1\/wp-content\/uploads\/2023\/06\/Master-production-animale.pdf\">(Fiche descriptive)<\/a><\/td><\/tr><tr><td><a href=\"http:\/\/www.univ-dbkm.dz\/fsnvst1\/wp-content\/uploads\/2023\/05\/Master-Aviculture-2021-2022.-.pdf\">Aviculture<\/a>..&nbsp;<a href=\"http:\/\/www.univ-dbkm.dz\/fsnvst1\/wp-content\/uploads\/2023\/06\/Master-Aviculture.pdf\">(Fiche descriptive)<\/a><\/td><\/tr><\/tbody><\/table><figcaption class=\"wp-element-caption\"><img fetchpriority=\"high\" decoding=\"async\" width=\"800\" height=\"728\" class=\"wp-image-1402\" style=\"width: 800px;\" src=\"http:\/\/www.univ-dbkm.dz\/nos-formations\/wp-content\/uploads\/2024\/05\/2.png\" alt=\"\" srcset=\"http:\/\/www.univ-dbkm.dz\/nos-formations\/wp-content\/uploads\/2024\/05\/2.png 797w, http:\/\/www.univ-dbkm.dz\/nos-formations\/wp-content\/uploads\/2024\/05\/2-300x273.png 300w, http:\/\/www.univ-dbkm.dz\/nos-formations\/wp-content\/uploads\/2024\/05\/2-768x699.png 768w\" sizes=\"(max-width: 800px) 100vw, 800px\" \/><\/figcaption><\/figure>\n\n\n\n<h3 class=\"wp-block-heading\">&nbsp;<\/h3>\n","protected":false},"excerpt":{"rendered":"<p>Domaine Fili\u00e8re Licence Master Science &nbsp;de la nature et de la vie Agronomie Production v\u00e9g\u00e9tale&nbsp;..(Fiche descriptive) Production v\u00e9g\u00e9tale..(Fiche descriptive) Sol et Eau..&nbsp;(Fiche descriptive) Am\u00e9nagement Hydro-agricole..(Fiche descriptive) Production animale..&nbsp;(Fiche descriptive) Production animale..&nbsp;(Fiche descriptive) Aviculture..&nbsp;(Fiche descriptive) &nbsp;<\/p>\n","protected":false},"author":1,"featured_media":0,"parent":0,"menu_order":0,"comment_status":"closed","ping_status":"closed","template":"","meta":{"footnotes":""},"class_list":["post-1326","page","type-page","status-publish","hentry"],"_links":{"self":[{"href":"http:\/\/www.univ-dbkm.dz\/nos-formations\/wp-json\/wp\/v2\/pages\/1326","targetHints":{"allow":["GET"]}}],"collection":[{"href":"http:\/\/www.univ-dbkm.dz\/nos-formations\/wp-json\/wp\/v2\/pages"}],"about":[{"href":"http:\/\/www.univ-dbkm.dz\/nos-formations\/wp-json\/wp\/v2\/types\/page"}],"author":[{"embeddable":true,"href":"http:\/\/www.univ-dbkm.dz\/nos-formations\/wp-json\/wp\/v2\/users\/1"}],"replies":[{"embeddable":true,"href":"http:\/\/www.univ-dbkm.dz\/nos-formations\/wp-json\/wp\/v2\/comments?post=1326"}],"version-history":[{"count":3,"href":"http:\/\/www.univ-dbkm.dz\/nos-formations\/wp-json\/wp\/v2\/pages\/1326\/revisions"}],"predecessor-version":[{"id":1404,"href":"http:\/\/www.univ-dbkm.dz\/nos-formations\/wp-json\/wp\/v2\/pages\/1326\/revisions\/1404"}],"wp:attachment":[{"href":"http:\/\/www.univ-dbkm.dz\/nos-formations\/wp-json\/wp\/v2\/media?parent=1326"}],"curies":[{"name":"wp","href":"https:\/\/api.w.org\/{rel}","templated":true}]}}