{"id":1330,"date":"2024-04-30T14:24:19","date_gmt":"2024-04-30T12:24:19","guid":{"rendered":"http:\/\/localhost\/formations_udbkm\/?page_id=1330"},"modified":"2024-05-05T12:40:31","modified_gmt":"2024-05-05T10:40:31","slug":"departement-sciences-de-la-terre","status":"publish","type":"page","link":"http:\/\/www.univ-dbkm.dz\/nos-formations\/departement-sciences-de-la-terre\/","title":{"rendered":"D\u00e9partement Sciences de la Terre"},"content":{"rendered":"\n<figure class=\"wp-block-table\"><table><tbody><tr><td><em><strong>Domaine<\/strong><\/em><\/td><td><em><strong>Fili\u00e8re&nbsp;<\/strong><\/em><\/td><td><em><strong>Licence<\/strong><\/em><\/td><td><em><strong>Master<\/strong><\/em><\/td><\/tr><tr><td rowspan=\"4\"><em><strong>Science de la terre et de l\u2019univers<\/strong><\/em><\/td><td rowspan=\"4\"><em><strong>G\u00e9ologie<\/strong><\/em><\/td><td rowspan=\"4\"><em><strong><a href=\"http:\/\/www.univ-dbkm.dz\/fsnvst1\/wp-content\/uploads\/2023\/06\/Licence-Geologie-Appliquee.pdf\">G\u00e9ologie Appliqu\u00e9e&nbsp;<\/a>..&nbsp;<a href=\"http:\/\/www.univ-dbkm.dz\/fsnvst1\/wp-content\/uploads\/2023\/06\/Licence-Geologie-Appliquee-4.pdf\">(Fiche descriptive)<\/a><\/strong><\/em><\/td><td><em><strong><a href=\"http:\/\/www.univ-dbkm.dz\/fsnvst1\/wp-content\/uploads\/2023\/06\/Master-Hydrogeologie-Fr.pdf\">Hydrog\u00e9ologie&nbsp;<\/a>..<a href=\"http:\/\/www.univ-dbkm.dz\/fsnvst1\/wp-content\/uploads\/2023\/06\/Master-Hydrogeologie-.pdf\">(Fiche descriptive)<\/a><\/strong><\/em><\/td><\/tr><tr><td><em><strong><a href=\"http:\/\/www.univ-dbkm.dz\/fsnvst1\/wp-content\/uploads\/2023\/06\/Master-Geologie-Miniere-Fr.pdf\">G\u00e9ologie Mini\u00e8re &nbsp;<\/a>..<a href=\"http:\/\/www.univ-dbkm.dz\/fsnvst1\/wp-content\/uploads\/2023\/06\/Master-Geologie-Miniere-1.pdf\">(Fiche descriptive)<\/a><\/strong><\/em><\/td><\/tr><tr><td><em><strong><a href=\"http:\/\/www.univ-dbkm.dz\/fsnvst1\/wp-content\/uploads\/2023\/06\/Master-Geologie-de-lIngenieur-et-Geotechnique.pdf\">G\u00e9ologie de l\u2019Ing\u00e9nieur et G\u00e9otechnique<\/a>&nbsp;..<a href=\"http:\/\/www.univ-dbkm.dz\/fsnvst1\/wp-content\/uploads\/2023\/06\/Master-Geologie-de-lIngenieur-Geotechnique.pdf\">(Fiche descriptive)<\/a><\/strong><\/em><\/td><\/tr><tr><td><em><strong><a href=\"http:\/\/www.univ-dbkm.dz\/fsnvst1\/wp-content\/uploads\/2023\/06\/Master-Ressource-en-Eau-Geo-Environnement.pdf\">Ressources en Eau et G\u00e9o-Environnement&nbsp;<\/a>..<a href=\"http:\/\/www.univ-dbkm.dz\/fsnvst1\/wp-content\/uploads\/2023\/06\/Master-Ressources-en-Eau-et-Geo-Environnement.pdf\">(Fiche descriptive)<\/a><\/strong><\/em><\/td><\/tr><\/tbody><\/table><figcaption class=\"wp-element-caption\"><img fetchpriority=\"high\" decoding=\"async\" width=\"800\" height=\"567\" class=\"wp-image-1406\" style=\"width: 800px;\" src=\"http:\/\/www.univ-dbkm.dz\/nos-formations\/wp-content\/uploads\/2024\/05\/Fr-ST-1024x726-1.png\" alt=\"\" srcset=\"http:\/\/www.univ-dbkm.dz\/nos-formations\/wp-content\/uploads\/2024\/05\/Fr-ST-1024x726-1.png 1024w, http:\/\/www.univ-dbkm.dz\/nos-formations\/wp-content\/uploads\/2024\/05\/Fr-ST-1024x726-1-300x213.png 300w, http:\/\/www.univ-dbkm.dz\/nos-formations\/wp-content\/uploads\/2024\/05\/Fr-ST-1024x726-1-768x545.png 768w\" sizes=\"(max-width: 800px) 100vw, 800px\" \/><\/figcaption><\/figure>\n","protected":false},"excerpt":{"rendered":"<p>Domaine Fili\u00e8re&nbsp; Licence Master Science de la terre et de l\u2019univers G\u00e9ologie G\u00e9ologie Appliqu\u00e9e&nbsp;..&nbsp;(Fiche descriptive) Hydrog\u00e9ologie&nbsp;..(Fiche descriptive) G\u00e9ologie Mini\u00e8re &nbsp;..(Fiche descriptive) G\u00e9ologie de l\u2019Ing\u00e9nieur et G\u00e9otechnique&nbsp;..(Fiche descriptive) Ressources en Eau et G\u00e9o-Environnement&nbsp;..(Fiche descriptive)<\/p>\n","protected":false},"author":1,"featured_media":0,"parent":0,"menu_order":0,"comment_status":"closed","ping_status":"closed","template":"","meta":{"footnotes":""},"class_list":["post-1330","page","type-page","status-publish","hentry"],"_links":{"self":[{"href":"http:\/\/www.univ-dbkm.dz\/nos-formations\/wp-json\/wp\/v2\/pages\/1330","targetHints":{"allow":["GET"]}}],"collection":[{"href":"http:\/\/www.univ-dbkm.dz\/nos-formations\/wp-json\/wp\/v2\/pages"}],"about":[{"href":"http:\/\/www.univ-dbkm.dz\/nos-formations\/wp-json\/wp\/v2\/types\/page"}],"author":[{"embeddable":true,"href":"http:\/\/www.univ-dbkm.dz\/nos-formations\/wp-json\/wp\/v2\/users\/1"}],"replies":[{"embeddable":true,"href":"http:\/\/www.univ-dbkm.dz\/nos-formations\/wp-json\/wp\/v2\/comments?post=1330"}],"version-history":[{"count":3,"href":"http:\/\/www.univ-dbkm.dz\/nos-formations\/wp-json\/wp\/v2\/pages\/1330\/revisions"}],"predecessor-version":[{"id":1407,"href":"http:\/\/www.univ-dbkm.dz\/nos-formations\/wp-json\/wp\/v2\/pages\/1330\/revisions\/1407"}],"wp:attachment":[{"href":"http:\/\/www.univ-dbkm.dz\/nos-formations\/wp-json\/wp\/v2\/media?parent=1330"}],"curies":[{"name":"wp","href":"https:\/\/api.w.org\/{rel}","templated":true}]}}