{"id":1354,"date":"2024-04-30T14:41:43","date_gmt":"2024-04-30T12:41:43","guid":{"rendered":"http:\/\/localhost\/formations_udbkm\/?page_id=1354"},"modified":"2024-04-30T14:41:43","modified_gmt":"2024-04-30T12:41:43","slug":"licence-fse-csg","status":"publish","type":"page","link":"http:\/\/www.univ-dbkm.dz\/nos-formations\/licence-fse-csg\/","title":{"rendered":"Licence FSE-CSG"},"content":{"rendered":"\n<figure class=\"wp-block-table\"><table><tbody><tr><td><strong>D\u00e9partement Sciences Economiques<br><\/strong><\/td><td><strong>D\u00e9partement Sciences Commerciales<br><\/strong><\/td><\/tr><tr><td><strong><a href=\"http:\/\/www.univ-dbkm.dz\/fsecsg1\/wp-content\/uploads\/2023\/06\/Licence-economie-monetaire-et-bancaire.pdf\">Economie mon\u00e9taire et bancaire<\/a><\/strong><\/td><td><strong><a href=\"http:\/\/www.univ-dbkm.dz\/fsecsg1\/wp-content\/uploads\/2023\/06\/Licence-marketing.pdf\">Marketing<\/a><\/strong><\/td><\/tr><tr><td><strong>D\u00e9partement Sciences de Gestion<\/strong><\/td><td><strong>D\u00e9partement Sciences Finances &amp; Comptabilit\u00e9<\/strong><\/td><\/tr><tr><td><strong><a href=\"http:\/\/www.univ-dbkm.dz\/fsecsg1\/wp-content\/uploads\/2023\/06\/Licence-management.pdf\">Management<\/a><\/strong><br><strong><a href=\"http:\/\/www.univ-dbkm.dz\/fsecsg1\/wp-content\/uploads\/2023\/06\/Licence-gestion-des-ressources-humines.pdf\">Gestion des Ressources humaines<\/a><\/strong><\/td><td><strong><a href=\"http:\/\/www.univ-dbkm.dz\/fsecsg1\/wp-content\/uploads\/2023\/06\/Licence-comptabilite-et-fiscalite.pdf\">Comptabilit\u00e9 et fiscalit\u00e9<\/a><\/strong><br><strong><a href=\"http:\/\/www.univ-dbkm.dz\/fsecsg1\/wp-content\/uploads\/2023\/06\/Licence-comptabilite-et-audit.pdf\">Comptabilit\u00e9 et audit\u00a0<\/a>.<\/strong><br><strong><a href=\"http:\/\/www.univ-dbkm.dz\/fsecsg1\/wp-content\/uploads\/2023\/06\/Licence-comptabilite-et-finance.pdf\">Comptabilit\u00e9 et finance\u00a0<\/a>.<\/strong><\/td><\/tr><\/tbody><\/table><\/figure>\n","protected":false},"excerpt":{"rendered":"<p>D\u00e9partement Sciences Economiques D\u00e9partement Sciences Commerciales Economie mon\u00e9taire et bancaire Marketing D\u00e9partement Sciences de Gestion D\u00e9partement Sciences Finances &amp; Comptabilit\u00e9 ManagementGestion des Ressources humaines Comptabilit\u00e9 et fiscalit\u00e9Comptabilit\u00e9 et audit\u00a0.Comptabilit\u00e9 et finance\u00a0.<\/p>\n","protected":false},"author":1,"featured_media":0,"parent":0,"menu_order":0,"comment_status":"closed","ping_status":"closed","template":"","meta":{"footnotes":""},"class_list":["post-1354","page","type-page","status-publish","hentry"],"_links":{"self":[{"href":"http:\/\/www.univ-dbkm.dz\/nos-formations\/wp-json\/wp\/v2\/pages\/1354","targetHints":{"allow":["GET"]}}],"collection":[{"href":"http:\/\/www.univ-dbkm.dz\/nos-formations\/wp-json\/wp\/v2\/pages"}],"about":[{"href":"http:\/\/www.univ-dbkm.dz\/nos-formations\/wp-json\/wp\/v2\/types\/page"}],"author":[{"embeddable":true,"href":"http:\/\/www.univ-dbkm.dz\/nos-formations\/wp-json\/wp\/v2\/users\/1"}],"replies":[{"embeddable":true,"href":"http:\/\/www.univ-dbkm.dz\/nos-formations\/wp-json\/wp\/v2\/comments?post=1354"}],"version-history":[{"count":1,"href":"http:\/\/www.univ-dbkm.dz\/nos-formations\/wp-json\/wp\/v2\/pages\/1354\/revisions"}],"predecessor-version":[{"id":1355,"href":"http:\/\/www.univ-dbkm.dz\/nos-formations\/wp-json\/wp\/v2\/pages\/1354\/revisions\/1355"}],"wp:attachment":[{"href":"http:\/\/www.univ-dbkm.dz\/nos-formations\/wp-json\/wp\/v2\/media?parent=1354"}],"curies":[{"name":"wp","href":"https:\/\/api.w.org\/{rel}","templated":true}]}}