{"id":1356,"date":"2024-04-30T14:43:54","date_gmt":"2024-04-30T12:43:54","guid":{"rendered":"http:\/\/localhost\/formations_udbkm\/?page_id=1356"},"modified":"2024-05-05T12:34:15","modified_gmt":"2024-05-05T10:34:15","slug":"master-fse-csg","status":"publish","type":"page","link":"http:\/\/www.univ-dbkm.dz\/nos-formations\/master-fse-csg\/","title":{"rendered":"Master FSE-CSG"},"content":{"rendered":"\n<figure class=\"wp-block-table\"><table><tbody><tr><td class=\"has-text-align-center\" data-align=\"center\"><strong>D\u00e9partement Sciences Economiques<\/strong><\/td><td class=\"has-text-align-center\" data-align=\"center\"><strong>D\u00e9partement Sciences Commerciales<\/strong><\/td><\/tr><tr><td class=\"has-text-align-center\" data-align=\"center\"><a href=\"http:\/\/www.univ-dbkm.dz\/fsecsg1\/wp-content\/uploads\/2023\/06\/Master-en-economie-monetaire-et-bancaire.pdf\"><strong>Economie mon\u00e9taire et bancaire<\/strong><\/a><br><strong><a href=\"http:\/\/www.univ-dbkm.dz\/fsecsg1\/wp-content\/uploads\/2023\/06\/Master-en-Economie-et-Gestion-des-Entreprises.pdf\">Economie et Gestion des Entreprises<\/a><\/strong><br><strong><a href=\"http:\/\/www.univ-dbkm.dz\/fsecsg1\/wp-content\/uploads\/2023\/06\/Master-en-Economie-des-assurances-1.pdf\">\u00a0Economie des assurances<\/a><\/strong><\/td><td class=\"has-text-align-center\" data-align=\"center\"><a href=\"http:\/\/www.univ-dbkm.dz\/fsecsg1\/wp-content\/uploads\/2023\/06\/Master-en-Marketing-des-Services.pdf\"><strong>Marketing des Services<\/strong><\/a><\/td><\/tr><tr><td class=\"has-text-align-center\" data-align=\"center\"><strong>D\u00e9partement Sciences de Gestion<\/strong><\/td><td class=\"has-text-align-center\" data-align=\"center\"><strong>D\u00e9partement Sciences Finances &amp; Comptabilit\u00e9<\/strong><\/td><\/tr><tr><td class=\"has-text-align-center\" data-align=\"center\"><a href=\"http:\/\/www.univ-dbkm.dz\/fsecsg1\/wp-content\/uploads\/2023\/06\/Master-en-Management.pdf\"><strong>Management<\/strong><\/a><br><strong><a href=\"http:\/\/www.univ-dbkm.dz\/fsecsg1\/wp-content\/uploads\/2023\/06\/Master-en-Gestion-des-Ressources-Humaines.pdf\">Gestion des ressources humaines<\/a><\/strong><\/td><td class=\"has-text-align-center\" data-align=\"center\"><strong><a href=\"http:\/\/www.univ-dbkm.dz\/fsecsg1\/wp-content\/uploads\/2023\/06\/Master-en-Comptabilite-et-Audit.pdf\">Comptabilit\u00e9 et Audit<\/a><\/strong><\/td><\/tr><\/tbody><\/table><\/figure>\n","protected":false},"excerpt":{"rendered":"<p>D\u00e9partement Sciences Economiques D\u00e9partement Sciences Commerciales Economie mon\u00e9taire et bancaireEconomie et Gestion des Entreprises\u00a0Economie des assurances Marketing des Services D\u00e9partement Sciences de Gestion D\u00e9partement Sciences Finances &amp; Comptabilit\u00e9 ManagementGestion des ressources humaines Comptabilit\u00e9 et Audit<\/p>\n","protected":false},"author":1,"featured_media":0,"parent":0,"menu_order":0,"comment_status":"closed","ping_status":"closed","template":"","meta":{"footnotes":""},"class_list":["post-1356","page","type-page","status-publish","hentry"],"_links":{"self":[{"href":"http:\/\/www.univ-dbkm.dz\/nos-formations\/wp-json\/wp\/v2\/pages\/1356","targetHints":{"allow":["GET"]}}],"collection":[{"href":"http:\/\/www.univ-dbkm.dz\/nos-formations\/wp-json\/wp\/v2\/pages"}],"about":[{"href":"http:\/\/www.univ-dbkm.dz\/nos-formations\/wp-json\/wp\/v2\/types\/page"}],"author":[{"embeddable":true,"href":"http:\/\/www.univ-dbkm.dz\/nos-formations\/wp-json\/wp\/v2\/users\/1"}],"replies":[{"embeddable":true,"href":"http:\/\/www.univ-dbkm.dz\/nos-formations\/wp-json\/wp\/v2\/comments?post=1356"}],"version-history":[{"count":3,"href":"http:\/\/www.univ-dbkm.dz\/nos-formations\/wp-json\/wp\/v2\/pages\/1356\/revisions"}],"predecessor-version":[{"id":1398,"href":"http:\/\/www.univ-dbkm.dz\/nos-formations\/wp-json\/wp\/v2\/pages\/1356\/revisions\/1398"}],"wp:attachment":[{"href":"http:\/\/www.univ-dbkm.dz\/nos-formations\/wp-json\/wp\/v2\/media?parent=1356"}],"curies":[{"name":"wp","href":"https:\/\/api.w.org\/{rel}","templated":true}]}}