{"id":1359,"date":"2024-04-30T14:46:33","date_gmt":"2024-04-30T12:46:33","guid":{"rendered":"http:\/\/localhost\/formations_udbkm\/?page_id=1359"},"modified":"2024-04-30T14:46:33","modified_gmt":"2024-04-30T12:46:33","slug":"doctorat-fec-sg","status":"publish","type":"page","link":"http:\/\/www.univ-dbkm.dz\/nos-formations\/doctorat-fec-sg\/","title":{"rendered":"Doctorat FEC-SG"},"content":{"rendered":"\n<figure class=\"wp-block-table\"><table><tbody><tr><td><strong>D\u00e9partement Sciences Economiques<br><\/strong><\/td><td><strong>D\u00e9partement Sciences Commerciales<br><\/strong><\/td><\/tr><tr><td><strong><a href=\"http:\/\/www.univ-dbkm.dz\/fsecsg1\/wp-content\/uploads\/2023\/06\/Doctorat-en-Sciences-economiques.pdf\">Sciences Economiques<\/a><\/strong><\/td><td>Sciences Commerciales<\/td><\/tr><tr><td><strong>D\u00e9partement Sciences de Gestion<\/strong><br><\/td><td><strong>D\u00e9partement Sciences Finances &amp; Comptabilit\u00e9<br><\/strong><\/td><\/tr><tr><td><strong><a href=\"http:\/\/www.univ-dbkm.dz\/fsecsg1\/wp-content\/uploads\/2023\/06\/Doctorat-en-Sciences-de-la-gestion.pdf\">\u00a0Sciences de la gestion<\/a><\/strong><\/td><td><strong><a href=\"http:\/\/www.univ-dbkm.dz\/fsecsg1\/wp-content\/uploads\/2023\/06\/Doctorat-en-Sciences-de-la-finance-et-de-la-comptabilite.pdf\">Sciences Finances &amp; Comptabilit\u00e9<\/a><\/strong><br><\/td><\/tr><\/tbody><\/table><\/figure>\n","protected":false},"excerpt":{"rendered":"<p>D\u00e9partement Sciences Economiques D\u00e9partement Sciences Commerciales Sciences Economiques Sciences Commerciales D\u00e9partement Sciences de Gestion D\u00e9partement Sciences Finances &amp; Comptabilit\u00e9 \u00a0Sciences de la gestion Sciences Finances &amp; Comptabilit\u00e9<\/p>\n","protected":false},"author":1,"featured_media":0,"parent":0,"menu_order":0,"comment_status":"closed","ping_status":"closed","template":"","meta":{"footnotes":""},"class_list":["post-1359","page","type-page","status-publish","hentry"],"_links":{"self":[{"href":"http:\/\/www.univ-dbkm.dz\/nos-formations\/wp-json\/wp\/v2\/pages\/1359","targetHints":{"allow":["GET"]}}],"collection":[{"href":"http:\/\/www.univ-dbkm.dz\/nos-formations\/wp-json\/wp\/v2\/pages"}],"about":[{"href":"http:\/\/www.univ-dbkm.dz\/nos-formations\/wp-json\/wp\/v2\/types\/page"}],"author":[{"embeddable":true,"href":"http:\/\/www.univ-dbkm.dz\/nos-formations\/wp-json\/wp\/v2\/users\/1"}],"replies":[{"embeddable":true,"href":"http:\/\/www.univ-dbkm.dz\/nos-formations\/wp-json\/wp\/v2\/comments?post=1359"}],"version-history":[{"count":1,"href":"http:\/\/www.univ-dbkm.dz\/nos-formations\/wp-json\/wp\/v2\/pages\/1359\/revisions"}],"predecessor-version":[{"id":1360,"href":"http:\/\/www.univ-dbkm.dz\/nos-formations\/wp-json\/wp\/v2\/pages\/1359\/revisions\/1360"}],"wp:attachment":[{"href":"http:\/\/www.univ-dbkm.dz\/nos-formations\/wp-json\/wp\/v2\/media?parent=1359"}],"curies":[{"name":"wp","href":"https:\/\/api.w.org\/{rel}","templated":true}]}}