{"id":1365,"date":"2024-04-30T14:49:35","date_gmt":"2024-04-30T12:49:35","guid":{"rendered":"http:\/\/localhost\/formations_udbkm\/?page_id=1365"},"modified":"2024-04-30T14:49:35","modified_gmt":"2024-04-30T12:49:35","slug":"specialite-entrainement-sportif-competitif","status":"publish","type":"page","link":"http:\/\/www.univ-dbkm.dz\/nos-formations\/specialite-entrainement-sportif-competitif\/","title":{"rendered":"Sp\u00e9cialit\u00e9 Entrainement sportif comp\u00e9titif"},"content":{"rendered":"\n<figure class=\"wp-block-table\"><table><tbody><tr><td>Tronc commun<\/td><td>Licence<\/td><td>Master<\/td><td>Doctorat<\/td><\/tr><tr><td rowspan=\"2\">&nbsp;<\/td><td><a href=\"http:\/\/www.univ-dbkm.dz\/istaps1\/wp-content\/uploads\/2023\/06\/Specialite-lactivite-physique-sportive-educative.pdf\">Sp\u00e9cialit\u00e9 l\u2019activit\u00e9 physique sportive \u00e9ducative<\/a><\/td><td>&nbsp;<\/td><td>&nbsp;<\/td><\/tr><tr><td><a href=\"http:\/\/www.univ-dbkm.dz\/istaps1\/wp-content\/uploads\/2023\/06\/Specialite-Entrainement-sportif-competitif.pdf\">Sp\u00e9cialit\u00e9 Entrainement sportif comp\u00e9titif<\/a><\/td><td>&nbsp;<\/td><td>&nbsp;<\/td><\/tr><\/tbody><\/table><\/figure>\n","protected":false},"excerpt":{"rendered":"<p>Tronc commun Licence Master Doctorat &nbsp; Sp\u00e9cialit\u00e9 l\u2019activit\u00e9 physique sportive \u00e9ducative &nbsp; &nbsp; Sp\u00e9cialit\u00e9 Entrainement sportif comp\u00e9titif &nbsp; &nbsp;<\/p>\n","protected":false},"author":1,"featured_media":0,"parent":0,"menu_order":0,"comment_status":"closed","ping_status":"closed","template":"","meta":{"footnotes":""},"class_list":["post-1365","page","type-page","status-publish","hentry"],"_links":{"self":[{"href":"http:\/\/www.univ-dbkm.dz\/nos-formations\/wp-json\/wp\/v2\/pages\/1365","targetHints":{"allow":["GET"]}}],"collection":[{"href":"http:\/\/www.univ-dbkm.dz\/nos-formations\/wp-json\/wp\/v2\/pages"}],"about":[{"href":"http:\/\/www.univ-dbkm.dz\/nos-formations\/wp-json\/wp\/v2\/types\/page"}],"author":[{"embeddable":true,"href":"http:\/\/www.univ-dbkm.dz\/nos-formations\/wp-json\/wp\/v2\/users\/1"}],"replies":[{"embeddable":true,"href":"http:\/\/www.univ-dbkm.dz\/nos-formations\/wp-json\/wp\/v2\/comments?post=1365"}],"version-history":[{"count":1,"href":"http:\/\/www.univ-dbkm.dz\/nos-formations\/wp-json\/wp\/v2\/pages\/1365\/revisions"}],"predecessor-version":[{"id":1366,"href":"http:\/\/www.univ-dbkm.dz\/nos-formations\/wp-json\/wp\/v2\/pages\/1365\/revisions\/1366"}],"wp:attachment":[{"href":"http:\/\/www.univ-dbkm.dz\/nos-formations\/wp-json\/wp\/v2\/media?parent=1365"}],"curies":[{"name":"wp","href":"https:\/\/api.w.org\/{rel}","templated":true}]}}