{"id":60,"date":"2018-02-25T07:08:06","date_gmt":"2018-02-25T07:08:06","guid":{"rendered":"http:\/\/demo.sparklewpthemes.com\/educenter\/?page_id=60"},"modified":"2024-05-05T11:43:41","modified_gmt":"2024-05-05T09:43:41","slug":"our-team-members","status":"publish","type":"page","link":"http:\/\/www.univ-dbkm.dz\/nos-formations\/our-team-members\/","title":{"rendered":"Facult\u00e9 des sciences naturelles, de la vie et de la terre"},"content":{"rendered":"<p>.<\/p>\n<blockquote>\n<ul>\n<li><a href=\"http:\/\/www.univ-dbkm.dz\/nos-formations\/departement-des-sciences-agricoles\/\" target=\"_blank\" rel=\"noreferrer noopener\">D\u00e9partement des sciences agricoles<\/a><\/li>\n<li><a href=\"http:\/\/www.univ-dbkm.dz\/nos-formations\/departement-de-biologie\/\" target=\"_blank\" rel=\"noreferrer noopener\">D\u00e9partement de Biologie<\/a><\/li>\n<li><a href=\"http:\/\/www.univ-dbkm.dz\/nos-formations\/departement-sciences-de-la-terre\/\" target=\"_blank\" rel=\"noreferrer noopener\">D\u00e9partement Sciences de la Terre<\/a><\/li>\n<li><a href=\"http:\/\/www.univ-dbkm.dz\/nos-formations\/departement-ecologie-et-environnement\/\" target=\"_blank\" rel=\"noreferrer noopener\">D\u00e9partement Ecologie et Environnement<\/a><\/li>\n<\/ul>\n<\/blockquote>\n","protected":false},"excerpt":{"rendered":"<p>. D\u00e9partement des sciences agricoles D\u00e9partement de Biologie D\u00e9partement Sciences de la Terre D\u00e9partement Ecologie et Environnement<\/p>\n","protected":false},"author":1,"featured_media":0,"parent":0,"menu_order":0,"comment_status":"closed","ping_status":"closed","template":"","meta":{"footnotes":""},"class_list":["post-60","page","type-page","status-publish","hentry"],"_links":{"self":[{"href":"http:\/\/www.univ-dbkm.dz\/nos-formations\/wp-json\/wp\/v2\/pages\/60","targetHints":{"allow":["GET"]}}],"collection":[{"href":"http:\/\/www.univ-dbkm.dz\/nos-formations\/wp-json\/wp\/v2\/pages"}],"about":[{"href":"http:\/\/www.univ-dbkm.dz\/nos-formations\/wp-json\/wp\/v2\/types\/page"}],"author":[{"embeddable":true,"href":"http:\/\/www.univ-dbkm.dz\/nos-formations\/wp-json\/wp\/v2\/users\/1"}],"replies":[{"embeddable":true,"href":"http:\/\/www.univ-dbkm.dz\/nos-formations\/wp-json\/wp\/v2\/comments?post=60"}],"version-history":[{"count":4,"href":"http:\/\/www.univ-dbkm.dz\/nos-formations\/wp-json\/wp\/v2\/pages\/60\/revisions"}],"predecessor-version":[{"id":1384,"href":"http:\/\/www.univ-dbkm.dz\/nos-formations\/wp-json\/wp\/v2\/pages\/60\/revisions\/1384"}],"wp:attachment":[{"href":"http:\/\/www.univ-dbkm.dz\/nos-formations\/wp-json\/wp\/v2\/media?parent=60"}],"curies":[{"name":"wp","href":"https:\/\/api.w.org\/{rel}","templated":true}]}}