{"id":90,"date":"2018-02-25T09:29:08","date_gmt":"2018-02-25T09:29:08","guid":{"rendered":"http:\/\/demo.sparklewpthemes.com\/educenter\/?page_id=90"},"modified":"2024-05-05T11:42:00","modified_gmt":"2024-05-05T09:42:00","slug":"history","status":"publish","type":"page","link":"http:\/\/www.univ-dbkm.dz\/nos-formations\/history\/","title":{"rendered":"Facult\u00e9 des sciences et de la technologie"},"content":{"rendered":"<blockquote>\n<ul>\n<li><a href=\"http:\/\/www.univ-dbkm.dz\/nos-formations\/departement-de-mathematiques-et-dinformatique\/\">D\u00e9partement de math\u00e9matiques et d\u2019informatique<\/a><\/li>\n<li><a href=\"http:\/\/www.univ-dbkm.dz\/nos-formations\/departement-des-sciences-de-la-matiere\/\" target=\"_blank\" rel=\"noreferrer noopener\">D\u00e9partement des sciences de la mati\u00e8re<\/a><\/li>\n<li><a href=\"http:\/\/www.univ-dbkm.dz\/nos-formations\/departement-de-science-et-de-technologie\/\" target=\"_blank\" rel=\"noreferrer noopener\">D\u00e9partement de Science et de technologie<\/a><\/li>\n<\/ul>\n<\/blockquote>\n","protected":false},"excerpt":{"rendered":"<p>D\u00e9partement de math\u00e9matiques et d\u2019informatique D\u00e9partement des sciences de la mati\u00e8re D\u00e9partement de Science et de technologie<\/p>\n","protected":false},"author":1,"featured_media":0,"parent":0,"menu_order":0,"comment_status":"closed","ping_status":"closed","template":"","meta":{"footnotes":""},"class_list":["post-90","page","type-page","status-publish","hentry"],"_links":{"self":[{"href":"http:\/\/www.univ-dbkm.dz\/nos-formations\/wp-json\/wp\/v2\/pages\/90","targetHints":{"allow":["GET"]}}],"collection":[{"href":"http:\/\/www.univ-dbkm.dz\/nos-formations\/wp-json\/wp\/v2\/pages"}],"about":[{"href":"http:\/\/www.univ-dbkm.dz\/nos-formations\/wp-json\/wp\/v2\/types\/page"}],"author":[{"embeddable":true,"href":"http:\/\/www.univ-dbkm.dz\/nos-formations\/wp-json\/wp\/v2\/users\/1"}],"replies":[{"embeddable":true,"href":"http:\/\/www.univ-dbkm.dz\/nos-formations\/wp-json\/wp\/v2\/comments?post=90"}],"version-history":[{"count":7,"href":"http:\/\/www.univ-dbkm.dz\/nos-formations\/wp-json\/wp\/v2\/pages\/90\/revisions"}],"predecessor-version":[{"id":1383,"href":"http:\/\/www.univ-dbkm.dz\/nos-formations\/wp-json\/wp\/v2\/pages\/90\/revisions\/1383"}],"wp:attachment":[{"href":"http:\/\/www.univ-dbkm.dz\/nos-formations\/wp-json\/wp\/v2\/media?parent=90"}],"curies":[{"name":"wp","href":"https:\/\/api.w.org\/{rel}","templated":true}]}}