{"id":964,"date":"2023-06-15T13:57:09","date_gmt":"2023-06-15T10:57:09","guid":{"rendered":"http:\/\/www.univ-dbkm.dz\/vrp1\/?page_id=964"},"modified":"2023-06-19T17:50:11","modified_gmt":"2023-06-19T14:50:11","slug":"guide-des-etudiants","status":"publish","type":"page","link":"http:\/\/www.univ-dbkm.dz\/vrp1\/fr\/guide-des-etudiants\/","title":{"rendered":"GUIDE DES ETUDIANTS"},"content":{"rendered":"\t\t<div data-elementor-type=\"wp-page\" data-elementor-id=\"964\" class=\"elementor elementor-964\">\n\t\t\t\t\t\t<section class=\"elementor-section elementor-top-section elementor-element elementor-element-20579921 elementor-section-boxed elementor-section-height-default elementor-section-height-default wpr-particle-no wpr-jarallax-no wpr-parallax-no wpr-sticky-section-no\" data-id=\"20579921\" data-element_type=\"section\" data-settings=\"{&quot;background_background&quot;:&quot;classic&quot;,&quot;animation&quot;:&quot;none&quot;}\">\n\t\t\t\t\t\t\t<div class=\"elementor-background-overlay\"><\/div>\n\t\t\t\t\t\t\t<div class=\"elementor-container elementor-column-gap-default\">\n\t\t\t\t\t<div class=\"elementor-column elementor-col-100 elementor-top-column elementor-element elementor-element-1a73f2e4\" data-id=\"1a73f2e4\" data-element_type=\"column\">\n\t\t\t<div class=\"elementor-widget-wrap elementor-element-populated\">\n\t\t\t\t\t\t<div class=\"elementor-element elementor-element-771bdcb5 elementor-widget elementor-widget-heading\" data-id=\"771bdcb5\" data-element_type=\"widget\" data-settings=\"{&quot;_animation&quot;:&quot;none&quot;}\" data-widget_type=\"heading.default\">\n\t\t\t\t<div class=\"elementor-widget-container\">\n\t\t\t<style>\/*! elementor - v3.22.0 - 26-06-2024 *\/\n.elementor-heading-title{padding:0;margin:0;line-height:1}.elementor-widget-heading .elementor-heading-title[class*=elementor-size-]>a{color:inherit;font-size:inherit;line-height:inherit}.elementor-widget-heading .elementor-heading-title.elementor-size-small{font-size:15px}.elementor-widget-heading .elementor-heading-title.elementor-size-medium{font-size:19px}.elementor-widget-heading .elementor-heading-title.elementor-size-large{font-size:29px}.elementor-widget-heading .elementor-heading-title.elementor-size-xl{font-size:39px}.elementor-widget-heading .elementor-heading-title.elementor-size-xxl{font-size:59px}<\/style><h1 class=\"elementor-heading-title elementor-size-default\">GUIDE DES ETUDIANTS INTERNATIONAUX<\/h1>\t\t<\/div>\n\t\t\t\t<\/div>\n\t\t\t\t\t<\/div>\n\t\t<\/div>\n\t\t\t\t\t<\/div>\n\t\t<\/section>\n\t\t\t\t<section class=\"elementor-section elementor-top-section elementor-element elementor-element-37a51f01 elementor-section-boxed elementor-section-height-default elementor-section-height-default wpr-particle-no wpr-jarallax-no wpr-parallax-no wpr-sticky-section-no\" data-id=\"37a51f01\" data-element_type=\"section\">\n\t\t\t\t\t\t<div class=\"elementor-container elementor-column-gap-default\">\n\t\t\t\t\t<div class=\"elementor-column elementor-col-100 elementor-top-column elementor-element elementor-element-761bf42e\" data-id=\"761bf42e\" data-element_type=\"column\">\n\t\t\t<div class=\"elementor-widget-wrap elementor-element-populated\">\n\t\t\t\t\t\t<div class=\"elementor-element elementor-element-4a2bbc27 elementor-invisible elementor-widget elementor-widget-heading\" data-id=\"4a2bbc27\" data-element_type=\"widget\" data-settings=\"{&quot;_animation&quot;:&quot;fadeInDown&quot;}\" data-widget_type=\"heading.default\">\n\t\t\t\t<div class=\"elementor-widget-container\">\n\t\t\t<h2 class=\"elementor-heading-title elementor-size-default\">GUIDE DES ETUDIANTS INTERNATIONAUX<\/h2>\t\t<\/div>\n\t\t\t\t<\/div>\n\t\t\t\t<div class=\"elementor-element elementor-element-4c50d364 elementor-invisible elementor-widget elementor-widget-text-editor\" data-id=\"4c50d364\" data-element_type=\"widget\" data-settings=\"{&quot;_animation&quot;:&quot;fadeInDown&quot;}\" data-widget_type=\"text-editor.default\">\n\t\t\t\t<div class=\"elementor-widget-container\">\n\t\t\t<style>\/*! elementor - v3.22.0 - 26-06-2024 *\/\n.elementor-widget-text-editor.elementor-drop-cap-view-stacked .elementor-drop-cap{background-color:#69727d;color:#fff}.elementor-widget-text-editor.elementor-drop-cap-view-framed .elementor-drop-cap{color:#69727d;border:3px solid;background-color:transparent}.elementor-widget-text-editor:not(.elementor-drop-cap-view-default) .elementor-drop-cap{margin-top:8px}.elementor-widget-text-editor:not(.elementor-drop-cap-view-default) .elementor-drop-cap-letter{width:1em;height:1em}.elementor-widget-text-editor .elementor-drop-cap{float:right;text-align:center;line-height:1;font-size:50px}.elementor-widget-text-editor .elementor-drop-cap-letter{display:inline-block}<\/style>\t\t\t\t<h4 style=\"text-align: center;\"><strong>Note d&rsquo;information adress\u00e9e \u00e0 l&rsquo;\u00e9tudiant international inscrit au sein de l&rsquo;Etablissement d&rsquo;Enseignement Sup\u00e9rieur, Universit\u00e9 de Djilali Bounaama, Khemis Miliana<\/strong><strong>.<\/strong><\/h4><p style=\"text-align: center;\">L&rsquo;Universit\u00e9 de Djilali BounaamaKhemis Miliana souhaitela bienvenue \u00e0 l\u2019ensembledes \u00e9tudiants des pays fr\u00e8res et amis qui \u00e9tudient \u00e0 son niveau. Le Vice Rectorat charg\u00e9 de la P\u00e9dagogie a le plaisir de mettre cette note comme support d&rsquo;information d&rsquo;orientation qui facilite le processus d&rsquo;admission, d&rsquo;inscription et d&rsquo;int\u00e9gration dans notre \u00e9tablissement universitaire.<\/p><p style=\"text-align: center;\">\u00a0\u00a0\u00a0\u00a0\u00a0\u00a0\u00a0\u00a0\u00a0\u00a0\u00a0 Nous informons nos chers \u00e9tudiants internationaux inscrits au sein de \u00a0l&rsquo;Universit\u00e9 de Djilali BounaamaKhemis Miliana, en cas de demande des renseignements ou de probl\u00e8me p\u00e9dagogique, qu\u2019ils sont pri\u00e9s \u00e0 se rend au Bureau des Etudiants Internationaux situ\u00e9 au niveau du Vice Rectorat charg\u00e9 de la P\u00e9dagogie, o\u00f9 toutes les explications lui seront fournies par l\u2019agent administratif charg\u00e9, ainsiqu\u2019\u00e0 les aider \u00e0 s&rsquo;orienter, tout au long les jours de travail officiels de la semaine.<\/p><p style=\"text-align: center;\">Veuillez Contacter\u00a0:<\/p><p style=\"text-align: center;\">&#8211; <strong>Le Bureau des Etudiants Internationaux par t\u00e9l\u00e9phone : +213.27.55.68.32<\/strong><\/p><p style=\"text-align: center;\"><strong>\u00a0-L&rsquo;agent administratifcharg\u00e9aux \u00e9tudiants internationaux en mati\u00e8re p\u00e9dagogique via l\u2019e-mail : <\/strong><a href=\"mailto:selimzoubir@yahoo.fr\"><strong>selimzoubir@yahoo.fr<\/strong><\/a><\/p><p style=\"text-align: center;\"><strong>Les \u00e9tapes de l&rsquo;inscription \u00e0 l&rsquo;\u00e9tablissement universitaire<\/strong> :<\/p><p style=\"text-align: center;\">L&rsquo;\u00e9tudiant international est pri\u00e9\u00e0 se dirigervers le Bureau des Etudiants Internationaux existant au niveau du Vice Rectorat charg\u00e9 La P\u00e9dagogique, joint d\u2019une copieoriginal du relev\u00e9 du baccalaur\u00e9at et de l&rsquo;attestation \u00e9quivalente d\u00e9livr\u00e9e par Le Minist\u00e8re dela tutelle,ainsi que les autres pi\u00e8ces justificatives.Apr\u00e8s l&rsquo;inscription finale, l\u2019\u00e9tudiant re\u00e7oit un certificat de scolarit\u00e9 et une carte d&rsquo;\u00e9tudiant.<\/p><p style=\"text-align: center;\"><strong>Les dipl\u00f4mes d\u00e9livr\u00e9s par l&rsquo;Universit\u00e9 KHEMIS MILIANA<\/strong>\u00a0:<\/p><p style=\"text-align: center;\"><strong>Dipl\u00f4me d\u2019Enseignement Sup\u00e9rieur<\/strong> Licence : Baccalaur\u00e9at + 03 ann\u00e9es d&rsquo;\u00e9tudes<\/p><p style=\"text-align: center;\"><strong>Dipl\u00f4me d\u2019Enseignement Sup\u00e9rieur<\/strong>Master : Licence + 02 ann\u00e9es d&rsquo;\u00e9tudes<\/p><p style=\"text-align: center;\"><strong>Dipl\u00f4me d\u2019Etudes Sup\u00e9rieures<\/strong> : Doctorat : Master + Examen d&rsquo;un concours national dans la sp\u00e9cialit\u00e9 + \u00e9tudes 03 ans<\/p><p style=\"text-align: center;\"><strong>Syst\u00e8me d&rsquo;Evaluation et de Graduation<\/strong>\u00a0: Le syst\u00e8me d&rsquo;\u00e9valuation est sextuple, \u00e0 travers l&rsquo;\u00e9valuation des qualifications, l&rsquo;acquisition de connaissances pour chaque mati\u00e8re \u00e9ducative.<\/p><p style=\"text-align: center;\"><strong>Les Perspectives d&#8217;emploi apr\u00e8s avoir re\u00e7u une formation acad\u00e9mique<\/strong>:<\/p><p style=\"text-align: center;\">L&#8217;emploi dans le secteur public\u00a0: les entreprises \u00e9tatiques telles que l&rsquo;enseignement, la recherche scientifique, la justice, les services financiers et comptabilit\u00e9 des entreprises, les banques et assurances, les gestionnaires, les contr\u00f4leurs industriels.<\/p><p style=\"text-align: center;\">&#8211; Travailler au sein des organisations nationales et internationales accr\u00e9dit\u00e9es.<\/p><p style=\"text-align: center;\">\u00a0L&rsquo;entr\u00e9e dans le monde des professions lib\u00e9rales par la cr\u00e9ation des entreprises start-up, notamment dans le secteur des services, industriel, juridique, pharmaceutique, agricole ou encore sportif.<\/p><h4 style=\"text-align: center;\"><a href=\"http:\/\/www.univ-dbkm.dz\/vrp1\/wp-content\/uploads\/2023\/06\/GUIDE-DES-ETUDIANTS-francais.pdf\">Pour t\u00e9l\u00e9charger , cliquez ici<\/a><\/h4>\t\t\t\t\t\t<\/div>\n\t\t\t\t<\/div>\n\t\t\t\t\t<\/div>\n\t\t<\/div>\n\t\t\t\t\t<\/div>\n\t\t<\/section>\n\t\t\t\t<\/div>\n\t\t","protected":false},"excerpt":{"rendered":"<p>GUIDE DES ETUDIANTS INTERNATIONAUX GUIDE DES ETUDIANTS INTERNATIONAUX Note d&rsquo;information adress\u00e9e \u00e0 l&rsquo;\u00e9tudiant international inscrit au sein de l&rsquo;Etablissement d&rsquo;Enseignement Sup\u00e9rieur, Universit\u00e9 de Djilali Bounaama, Khemis Miliana. L&rsquo;Universit\u00e9 de Djilali BounaamaKhemis Miliana souhaitela bienvenue \u00e0 l\u2019ensembledes \u00e9tudiants des pays fr\u00e8res et amis qui \u00e9tudient \u00e0 son niveau. Le Vice Rectorat charg\u00e9 de la P\u00e9dagogie a le plaisir de mettre cette note comme support d&rsquo;information d&rsquo;orientation qui facilite le processus d&rsquo;admission, d&rsquo;inscription et d&rsquo;int\u00e9gration dans notre \u00e9tablissement universitaire. \u00a0\u00a0\u00a0\u00a0\u00a0\u00a0\u00a0\u00a0\u00a0\u00a0\u00a0 Nous informons nos chers \u00e9tudiants internationaux inscrits au sein de \u00a0l&rsquo;Universit\u00e9 de Djilali BounaamaKhemis Miliana, en cas de demande des renseignements ou de probl\u00e8me p\u00e9dagogique, qu\u2019ils sont pri\u00e9s \u00e0 se rend au Bureau des Etudiants Internationaux situ\u00e9 au niveau du Vice Rectorat charg\u00e9 de la P\u00e9dagogie, o\u00f9 toutes les explications lui seront fournies par l\u2019agent administratif charg\u00e9, ainsiqu\u2019\u00e0 les aider \u00e0 s&rsquo;orienter, tout au long les jours de travail officiels de la semaine. Veuillez Contacter\u00a0: &#8211; Le Bureau des Etudiants Internationaux par t\u00e9l\u00e9phone : +213.27.55.68.32 \u00a0-L&rsquo;agent administratifcharg\u00e9aux \u00e9tudiants internationaux en mati\u00e8re p\u00e9dagogique via l\u2019e-mail : selimzoubir@yahoo.fr Les \u00e9tapes de l&rsquo;inscription \u00e0 l&rsquo;\u00e9tablissement universitaire : L&rsquo;\u00e9tudiant international est pri\u00e9\u00e0 se dirigervers le Bureau des Etudiants Internationaux existant au niveau du Vice Rectorat charg\u00e9 La P\u00e9dagogique, joint d\u2019une copieoriginal du relev\u00e9 du baccalaur\u00e9at et de l&rsquo;attestation \u00e9quivalente d\u00e9livr\u00e9e par Le Minist\u00e8re dela tutelle,ainsi que les autres pi\u00e8ces justificatives.Apr\u00e8s l&rsquo;inscription finale, l\u2019\u00e9tudiant re\u00e7oit un certificat de scolarit\u00e9 et une carte d&rsquo;\u00e9tudiant. Les dipl\u00f4mes d\u00e9livr\u00e9s par l&rsquo;Universit\u00e9 KHEMIS MILIANA\u00a0: Dipl\u00f4me d\u2019Enseignement Sup\u00e9rieur Licence : Baccalaur\u00e9at + 03 ann\u00e9es d&rsquo;\u00e9tudes Dipl\u00f4me d\u2019Enseignement Sup\u00e9rieurMaster : Licence + 02 ann\u00e9es d&rsquo;\u00e9tudes Dipl\u00f4me d\u2019Etudes Sup\u00e9rieures : Doctorat : Master + Examen d&rsquo;un concours national dans la sp\u00e9cialit\u00e9 + \u00e9tudes 03 ans Syst\u00e8me d&rsquo;Evaluation et de Graduation\u00a0: Le syst\u00e8me d&rsquo;\u00e9valuation est sextuple, \u00e0 travers l&rsquo;\u00e9valuation des qualifications, l&rsquo;acquisition de connaissances pour chaque mati\u00e8re \u00e9ducative. Les Perspectives d&#8217;emploi apr\u00e8s avoir re\u00e7u une formation acad\u00e9mique: L&#8217;emploi dans le secteur public\u00a0: les entreprises \u00e9tatiques telles que l&rsquo;enseignement, la recherche scientifique, la justice, les services financiers et comptabilit\u00e9 des entreprises, les banques et assurances, les gestionnaires, les contr\u00f4leurs industriels. &#8211; Travailler au sein des organisations nationales et internationales accr\u00e9dit\u00e9es. \u00a0L&rsquo;entr\u00e9e dans le monde des professions lib\u00e9rales par la cr\u00e9ation des entreprises start-up, notamment dans le secteur des services, industriel, juridique, pharmaceutique, agricole ou encore sportif. Pour t\u00e9l\u00e9charger , cliquez ici<\/p>\n","protected":false},"author":1,"featured_media":0,"parent":0,"menu_order":0,"comment_status":"closed","ping_status":"closed","template":"","meta":{"site-sidebar-layout":"no-sidebar","site-content-layout":"page-builder","ast-global-header-display":"","ast-main-header-display":"","ast-hfb-above-header-display":"","ast-hfb-below-header-display":"","ast-hfb-mobile-header-display":"","site-post-title":"disabled","ast-breadcrumbs-content":"","ast-featured-img":"disabled","footer-sml-layout":"","theme-transparent-header-meta":"","adv-header-id-meta":"","stick-header-meta":"","header-above-stick-meta":"","header-main-stick-meta":"","header-below-stick-meta":"","footnotes":""},"class_list":["post-964","page","type-page","status-publish","hentry"],"rttpg_featured_image_url":null,"rttpg_author":{"display_name":"vrp1","author_link":"http:\/\/www.univ-dbkm.dz\/vrp1\/author\/vrp1\/"},"rttpg_comment":0,"rttpg_category":" <a href=\"http:\/\/www.univ-dbkm.dz\/vrp1\/fr\/\" rel=\"tag\">Fran\u00e7ais<\/a>","rttpg_excerpt":"GUIDE DES ETUDIANTS INTERNATIONAUX GUIDE DES ETUDIANTS INTERNATIONAUX Note d&rsquo;information adress\u00e9e \u00e0 l&rsquo;\u00e9tudiant international inscrit au sein de l&rsquo;Etablissement d&rsquo;Enseignement Sup\u00e9rieur, Universit\u00e9 de Djilali Bounaama, Khemis Miliana. L&rsquo;Universit\u00e9 de Djilali BounaamaKhemis Miliana souhaitela bienvenue \u00e0 l\u2019ensembledes \u00e9tudiants des pays fr\u00e8res et amis qui \u00e9tudient \u00e0 son niveau. Le Vice Rectorat charg\u00e9 de la P\u00e9dagogie a\u2026","_links":{"self":[{"href":"http:\/\/www.univ-dbkm.dz\/vrp1\/wp-json\/wp\/v2\/pages\/964","targetHints":{"allow":["GET"]}}],"collection":[{"href":"http:\/\/www.univ-dbkm.dz\/vrp1\/wp-json\/wp\/v2\/pages"}],"about":[{"href":"http:\/\/www.univ-dbkm.dz\/vrp1\/wp-json\/wp\/v2\/types\/page"}],"author":[{"embeddable":true,"href":"http:\/\/www.univ-dbkm.dz\/vrp1\/wp-json\/wp\/v2\/users\/1"}],"replies":[{"embeddable":true,"href":"http:\/\/www.univ-dbkm.dz\/vrp1\/wp-json\/wp\/v2\/comments?post=964"}],"version-history":[{"count":10,"href":"http:\/\/www.univ-dbkm.dz\/vrp1\/wp-json\/wp\/v2\/pages\/964\/revisions"}],"predecessor-version":[{"id":1299,"href":"http:\/\/www.univ-dbkm.dz\/vrp1\/wp-json\/wp\/v2\/pages\/964\/revisions\/1299"}],"wp:attachment":[{"href":"http:\/\/www.univ-dbkm.dz\/vrp1\/wp-json\/wp\/v2\/media?parent=964"}],"curies":[{"name":"wp","href":"https:\/\/api.w.org\/{rel}","templated":true}]}}